{"id":4902,"date":"2022-10-08T22:16:38","date_gmt":"2022-10-08T16:16:38","guid":{"rendered":"https:\/\/r2-toys.com\/?post_type=product&#038;p=4902"},"modified":"2022-12-01T09:43:35","modified_gmt":"2022-12-01T03:43:35","slug":"iman-3d-boba-fett","status":"publish","type":"product","link":"https:\/\/r2-toys.com\/index.php\/product\/iman-3d-boba-fett\/","title":{"rendered":"Im\u00e1n 3D Boba Fett"},"content":{"rendered":"<p>Boba Fett fue uno de varios cazarrecompensas reclutados por Darth Vader para rastrear el Halc\u00f3n Milenario despu\u00e9s de la Batalla de Hoth, y fue el \u00fanico que tuvo \u00e9xito.<\/p>\n<p>Incre\u00edble im\u00e1n para llenar de color y aventura tu lugar favorito donde sea que lo coloques, puedes ser como adorno, un detalle o un bonito obsequio.<\/p>\n<p>Fabricado en Vinil e im\u00e1n<\/p>\n<p>Altura aproximada 5 cm.<\/p>\n<p>Edad recomendada: 14 a\u00f1os en adelante<\/p>\n<p>\u26a0\ufe0fADVERTENCIA: PELIGRO DE ASFIXIA &#8211; Piezas peque\u00f1as. No apto para ni\u00f1os menores de 14 a\u00f1os.<\/p>\n<p>Los productos Star Wars son producidos por Monogram bajo licencia de Lucasfilm Ltd y Disney.<\/p>\n<p>Disney, Monogram, Lucasfilm Ltd<span class=\"Apple-converted-space\">\u00a0 <\/span>y todos los t\u00e9rminos relacionados son marcas registradas de Monogram, Lucasfilm Ltd y Disney.<\/p>\n","protected":false},"excerpt":{"rendered":"<p>Boba Fett fue uno de varios cazarrecompensas reclutados por Darth Vader para rastrear el Halc\u00f3n Milenario despu\u00e9s de la Batalla de Hoth, y fue el \u00fanico que tuvo \u00e9xito.<\/p>\n<p>&nbsp;<\/p>\n","protected":false},"featured_media":4999,"comment_status":"open","ping_status":"closed","template":"","meta":[],"product_brand":[],"product_cat":[34],"product_tag":[],"class_list":{"0":"post-4902","1":"product","2":"type-product","3":"status-publish","4":"has-post-thumbnail","6":"product_cat-accesorios","8":"first","9":"instock","10":"taxable","11":"shipping-taxable","12":"purchasable","13":"product-type-simple"},"_links":{"self":[{"href":"https:\/\/r2-toys.com\/index.php\/wp-json\/wp\/v2\/product\/4902","targetHints":{"allow":["GET"]}}],"collection":[{"href":"https:\/\/r2-toys.com\/index.php\/wp-json\/wp\/v2\/product"}],"about":[{"href":"https:\/\/r2-toys.com\/index.php\/wp-json\/wp\/v2\/types\/product"}],"replies":[{"embeddable":true,"href":"https:\/\/r2-toys.com\/index.php\/wp-json\/wp\/v2\/comments?post=4902"}],"wp:featuredmedia":[{"embeddable":true,"href":"https:\/\/r2-toys.com\/index.php\/wp-json\/wp\/v2\/media\/4999"}],"wp:attachment":[{"href":"https:\/\/r2-toys.com\/index.php\/wp-json\/wp\/v2\/media?parent=4902"}],"wp:term":[{"taxonomy":"product_brand","embeddable":true,"href":"https:\/\/r2-toys.com\/index.php\/wp-json\/wp\/v2\/product_brand?post=4902"},{"taxonomy":"product_cat","embeddable":true,"href":"https:\/\/r2-toys.com\/index.php\/wp-json\/wp\/v2\/product_cat?post=4902"},{"taxonomy":"product_tag","embeddable":true,"href":"https:\/\/r2-toys.com\/index.php\/wp-json\/wp\/v2\/product_tag?post=4902"}],"curies":[{"name":"wp","href":"https:\/\/api.w.org\/{rel}","templated":true}]}}