{"id":4905,"date":"2022-10-01T16:58:07","date_gmt":"2022-10-01T10:58:07","guid":{"rendered":"https:\/\/r2-toys.com\/?post_type=product&#038;p=4905"},"modified":"2022-12-01T09:44:31","modified_gmt":"2022-12-01T03:44:31","slug":"iman-3d-r2-d2","status":"publish","type":"product","link":"https:\/\/r2-toys.com\/index.php\/product\/iman-3d-r2-d2\/","title":{"rendered":"Im\u00e1n 3D R2-D2"},"content":{"rendered":"<p>R2-D2\u00a0y a menudo referido como\u00a0R2 (Artoo),\u00a0droide astro-mec\u00e1nico de la\u00a0serie R2\u00a0fabricado por\u00a0Industrial Automaton.\u00a0R2-D2,\u00a0un\u00a0droide\u00a0inteligente y valiente, nunca recibi\u00f3 un\u00a0borrado\u00a0completo de la\u00a0memoria y nunca recibi\u00f3 nueva programaci\u00f3n, con estos factores resultando en una actitud aventurera e independiente.<\/p>\n<p>Incre\u00edble im\u00e1n para llenar de color y aventura tu lugar favorito donde sea que lo coloques, puedes ser como adorno, un detalle o un bonito obsequio.<\/p>\n<p>Fabricado en Vinil e im\u00e1n<\/p>\n<p>Altura aproximada 5 cm.<\/p>\n<p>Edad recomendada: 14 a\u00f1os en adelante<\/p>\n<p>\u26a0\ufe0fADVERTENCIA: PELIGRO DE ASFIXIA &#8211; Piezas peque\u00f1as. No apto para ni\u00f1os menores de 14 a\u00f1os.<\/p>\n<p>Los productos Star Wars son producidos por Monogram bajo licencia de Lucasfilm Ltd y Disney.<\/p>\n<p>Disney, Monogram, Lucasfilm Ltd<span class=\"Apple-converted-space\">\u00a0 <\/span>y todos los t\u00e9rminos relacionados son marcas registradas de Monogram, Lucasfilm Ltd y Disney.<\/p>\n","protected":false},"excerpt":{"rendered":"<p>R2-D2\u00a0y a menudo referido como\u00a0R2 (Artoo),\u00a0droide astro-mec\u00e1nico de la\u00a0serie R2\u00a0fabricado por\u00a0Industrial Automaton.\u00a0R2-D2,\u00a0un\u00a0droide\u00a0inteligente y valiente, nunca recibi\u00f3 un\u00a0borrado\u00a0completo de la\u00a0memoria y nunca recibi\u00f3 nueva programaci\u00f3n, con estos factores resultando en una actitud aventurera e independiente.<\/p>\n<p>&nbsp;<\/p>\n","protected":false},"featured_media":4925,"comment_status":"open","ping_status":"closed","template":"","meta":[],"product_brand":[],"product_cat":[34],"product_tag":[],"class_list":{"0":"post-4905","1":"product","2":"type-product","3":"status-publish","4":"has-post-thumbnail","6":"product_cat-accesorios","8":"first","9":"instock","10":"taxable","11":"shipping-taxable","12":"purchasable","13":"product-type-simple"},"_links":{"self":[{"href":"https:\/\/r2-toys.com\/index.php\/wp-json\/wp\/v2\/product\/4905","targetHints":{"allow":["GET"]}}],"collection":[{"href":"https:\/\/r2-toys.com\/index.php\/wp-json\/wp\/v2\/product"}],"about":[{"href":"https:\/\/r2-toys.com\/index.php\/wp-json\/wp\/v2\/types\/product"}],"replies":[{"embeddable":true,"href":"https:\/\/r2-toys.com\/index.php\/wp-json\/wp\/v2\/comments?post=4905"}],"wp:featuredmedia":[{"embeddable":true,"href":"https:\/\/r2-toys.com\/index.php\/wp-json\/wp\/v2\/media\/4925"}],"wp:attachment":[{"href":"https:\/\/r2-toys.com\/index.php\/wp-json\/wp\/v2\/media?parent=4905"}],"wp:term":[{"taxonomy":"product_brand","embeddable":true,"href":"https:\/\/r2-toys.com\/index.php\/wp-json\/wp\/v2\/product_brand?post=4905"},{"taxonomy":"product_cat","embeddable":true,"href":"https:\/\/r2-toys.com\/index.php\/wp-json\/wp\/v2\/product_cat?post=4905"},{"taxonomy":"product_tag","embeddable":true,"href":"https:\/\/r2-toys.com\/index.php\/wp-json\/wp\/v2\/product_tag?post=4905"}],"curies":[{"name":"wp","href":"https:\/\/api.w.org\/{rel}","templated":true}]}}