{"id":4911,"date":"2022-10-08T12:33:40","date_gmt":"2022-10-08T06:33:40","guid":{"rendered":"https:\/\/r2-toys.com\/?post_type=product&#038;p=4911"},"modified":"2023-12-29T03:37:56","modified_gmt":"2023-12-28T21:37:56","slug":"dragon-ball-flash-seriessuper-saiyan-broly","status":"publish","type":"product","link":"https:\/\/r2-toys.com\/index.php\/product\/dragon-ball-flash-seriessuper-saiyan-broly\/","title":{"rendered":"Dragon Ball Flash SeriesSuper Saiyan Broly"},"content":{"rendered":"<p>Es un personaje exclusivo de las pel\u00edculas de la serie de anime de Dragon Ball Z. Es un saiyano de raza pura que sobrevivi\u00f3 a la destrucci\u00f3n del Planeta Vegeta junto a su padre Paragus, pero adem\u00e1s es un Supersaiyano Legendario, del cual el \u00faltimo surgi\u00f3 hace mil a\u00f1os.<\/p>\n<p>Figura de 10cm que incluyen una moneda coleccionable que tambi\u00e9n podr\u00e1s usarla como base para exhibir tu figura.<\/p>\n<p>Edad recomendada: 4 a\u00f1os en adelante<\/p>\n<p>\u26a0\ufe0f ADVERTENCIA: PELIGRO DE ASFIXIA \u2013 Piezas peque\u00f1as. No apto para ni\u00f1os menores de 4 a\u00f1os.<\/p>\n<p>Los productos son producidos por Bandas bajo licencias autorizadas.<\/p>\n<p>Bandai y<span class=\"Apple-converted-space\">\u00a0 <\/span>todos los t\u00e9rminos relacionados son marcas registradas NamcoBandai.<\/p>\n","protected":false},"excerpt":{"rendered":"<p>Es un personaje exclusivo de las pel\u00edculas de la serie de anime de Dragon Ball Z. Es un saiyano de raza pura que sobrevivi\u00f3 a la destrucci\u00f3n del Planeta Vegeta junto a su padre Paragus, pero adem\u00e1s es un Supersaiyano Legendario, del cual el \u00faltimo surgi\u00f3 hace mil a\u00f1os.<\/p>\n","protected":false},"featured_media":4947,"comment_status":"open","ping_status":"closed","template":"","meta":[],"product_brand":[],"product_cat":[21],"product_tag":[],"class_list":{"0":"post-4911","1":"product","2":"type-product","3":"status-publish","4":"has-post-thumbnail","6":"product_cat-retro","8":"first","9":"instock","10":"taxable","11":"shipping-taxable","12":"purchasable","13":"product-type-simple"},"_links":{"self":[{"href":"https:\/\/r2-toys.com\/index.php\/wp-json\/wp\/v2\/product\/4911","targetHints":{"allow":["GET"]}}],"collection":[{"href":"https:\/\/r2-toys.com\/index.php\/wp-json\/wp\/v2\/product"}],"about":[{"href":"https:\/\/r2-toys.com\/index.php\/wp-json\/wp\/v2\/types\/product"}],"replies":[{"embeddable":true,"href":"https:\/\/r2-toys.com\/index.php\/wp-json\/wp\/v2\/comments?post=4911"}],"wp:featuredmedia":[{"embeddable":true,"href":"https:\/\/r2-toys.com\/index.php\/wp-json\/wp\/v2\/media\/4947"}],"wp:attachment":[{"href":"https:\/\/r2-toys.com\/index.php\/wp-json\/wp\/v2\/media?parent=4911"}],"wp:term":[{"taxonomy":"product_brand","embeddable":true,"href":"https:\/\/r2-toys.com\/index.php\/wp-json\/wp\/v2\/product_brand?post=4911"},{"taxonomy":"product_cat","embeddable":true,"href":"https:\/\/r2-toys.com\/index.php\/wp-json\/wp\/v2\/product_cat?post=4911"},{"taxonomy":"product_tag","embeddable":true,"href":"https:\/\/r2-toys.com\/index.php\/wp-json\/wp\/v2\/product_tag?post=4911"}],"curies":[{"name":"wp","href":"https:\/\/api.w.org\/{rel}","templated":true}]}}