{"id":4913,"date":"2022-10-03T01:57:00","date_gmt":"2022-10-02T19:57:00","guid":{"rendered":"https:\/\/r2-toys.com\/?post_type=product&#038;p=4913"},"modified":"2022-10-10T11:07:03","modified_gmt":"2022-10-10T05:07:03","slug":"dragon-ball-flash-series-frieza-4th-form","status":"publish","type":"product","link":"https:\/\/r2-toys.com\/index.php\/product\/dragon-ball-flash-series-frieza-4th-form\/","title":{"rendered":"Dragon Ball Flash Series Frieza 4th Form"},"content":{"rendered":"<p>Conocido tambi\u00e9n como Freezer, es un alien\u00edgena mutante, brutal dictador y l\u00edder del Imperio Gal\u00e1ctico del Universo 7 con el apoyo estrat\u00e9gico en secreto de su padre Cold. En las pel\u00edculas tambi\u00e9n lidera este imperio su hermano mayor Coola. Adem\u00e1s de ser considerado como la contraparte de Frost del Universo 6.<\/p>\n<p>Figura de 10cm que incluyen una moneda coleccionable que tambi\u00e9n podr\u00e1s usarla como base para exhibir tu figura.<\/p>\n<p>Edad recomendada: 4 a\u00f1os en adelante<\/p>\n<p>\u26a0\ufe0f ADVERTENCIA: PELIGRO DE ASFIXIA \u2013 Piezas peque\u00f1as. No apto para ni\u00f1os menores de 4 a\u00f1os.<\/p>\n<p>Los productos son producidos por Bandas bajo licencias autorizadas.<\/p>\n<p>Bandai y<span class=\"Apple-converted-space\">\u00a0 <\/span>todos los t\u00e9rminos relacionados son marcas registradas NamcoBandai.<\/p>\n","protected":false},"excerpt":{"rendered":"<p>Conocido tambi\u00e9n como Freezer, es un alien\u00edgena mutante, brutal dictador y l\u00edder del Imperio Gal\u00e1ctico del Universo 7 con el apoyo estrat\u00e9gico en secreto de su padre Cold. En las pel\u00edculas tambi\u00e9n lidera este imperio su hermano mayor Coola. Adem\u00e1s de ser considerado como la contraparte de Frost del Universo 6.<\/p>\n<p>&nbsp;<\/p>\n","protected":false},"featured_media":4939,"comment_status":"open","ping_status":"closed","template":"","meta":[],"product_brand":[],"product_cat":[21],"product_tag":[],"class_list":{"0":"post-4913","1":"product","2":"type-product","3":"status-publish","4":"has-post-thumbnail","6":"product_cat-retro","8":"first","9":"instock","10":"taxable","11":"shipping-taxable","12":"purchasable","13":"product-type-simple"},"_links":{"self":[{"href":"https:\/\/r2-toys.com\/index.php\/wp-json\/wp\/v2\/product\/4913","targetHints":{"allow":["GET"]}}],"collection":[{"href":"https:\/\/r2-toys.com\/index.php\/wp-json\/wp\/v2\/product"}],"about":[{"href":"https:\/\/r2-toys.com\/index.php\/wp-json\/wp\/v2\/types\/product"}],"replies":[{"embeddable":true,"href":"https:\/\/r2-toys.com\/index.php\/wp-json\/wp\/v2\/comments?post=4913"}],"wp:featuredmedia":[{"embeddable":true,"href":"https:\/\/r2-toys.com\/index.php\/wp-json\/wp\/v2\/media\/4939"}],"wp:attachment":[{"href":"https:\/\/r2-toys.com\/index.php\/wp-json\/wp\/v2\/media?parent=4913"}],"wp:term":[{"taxonomy":"product_brand","embeddable":true,"href":"https:\/\/r2-toys.com\/index.php\/wp-json\/wp\/v2\/product_brand?post=4913"},{"taxonomy":"product_cat","embeddable":true,"href":"https:\/\/r2-toys.com\/index.php\/wp-json\/wp\/v2\/product_cat?post=4913"},{"taxonomy":"product_tag","embeddable":true,"href":"https:\/\/r2-toys.com\/index.php\/wp-json\/wp\/v2\/product_tag?post=4913"}],"curies":[{"name":"wp","href":"https:\/\/api.w.org\/{rel}","templated":true}]}}