{"id":4914,"date":"2022-10-08T21:44:09","date_gmt":"2022-10-08T15:44:09","guid":{"rendered":"https:\/\/r2-toys.com\/?post_type=product&#038;p=4914"},"modified":"2022-10-13T01:29:31","modified_gmt":"2022-10-12T19:29:31","slug":"dragon-ball-limit-braker-series-goku","status":"publish","type":"product","link":"https:\/\/r2-toys.com\/index.php\/product\/dragon-ball-limit-braker-series-goku\/","title":{"rendered":"Dragon Ball Limit Braker Series Goku"},"content":{"rendered":"<p>Goku es el mayor defensor de la tierra, posee un poder sin igual y una br\u00fajula moral que supera a todos los dem\u00e1s. Nacido Kakaroto, un Saiyajin, lleg\u00f3 como un beb\u00e9 indefenso con la misi\u00f3n de apoderarse del planeta. Cuando perdi\u00f3 la memoria, emergi\u00f3 su naturaleza de buen coraz\u00f3n y su sentido de la compasi\u00f3n y la bondad. A trav\u00e9s de una determinaci\u00f3n feroz y un entrenamiento intenso, evolucion\u00f3 hasta convertirse en un guerrero disciplinado, empujando sus l\u00edmites contra cualquier oponente sin importar cu\u00e1n fuerte sea. Con su nivel superior de car\u00e1cter y fuerza, el bien siempre prevalece sobre el mal.<\/p>\n<p>Figura de 30cm coleccionable con multiples detalles inspirados en la serie.<\/p>\n<p>Edad recomendada: 4 a\u00f1os en adelante<\/p>\n<p>\u26a0\ufe0f ADVERTENCIA: PELIGRO DE ASFIXIA \u2013 Piezas peque\u00f1as. No apto para ni\u00f1os menores de 4 a\u00f1os.<\/p>\n<p>Los productos son producidos por Bandas bajo licencias autorizadas.<\/p>\n<p>Bandai y<span class=\"Apple-converted-space\">\u00a0 <\/span>todos los t\u00e9rminos relacionados son marcas registradas NamcoBandai.<\/p>\n","protected":false},"excerpt":{"rendered":"<p>Goku es el mayor defensor de la tierra, posee un poder sin igual y una br\u00fajula moral que supera a todos los dem\u00e1s. Nacido Kakaroto, un Saiyajin, lleg\u00f3 como un beb\u00e9 indefenso con la misi\u00f3n de apoderarse del planeta. Cuando perdi\u00f3 la memoria, emergi\u00f3 su naturaleza de buen coraz\u00f3n y su sentido de la compasi\u00f3n y la bondad. A trav\u00e9s de una determinaci\u00f3n feroz y un entrenamiento intenso, evolucion\u00f3 hasta convertirse en un guerrero disciplinado, empujando sus l\u00edmites contra cualquier oponente sin importar cu\u00e1n fuerte sea. Con su nivel superior de car\u00e1cter y fuerza, el bien siempre prevalece sobre el mal.<\/p>\n","protected":false},"featured_media":4979,"comment_status":"open","ping_status":"closed","template":"","meta":[],"product_brand":[],"product_cat":[21],"product_tag":[],"class_list":{"0":"post-4914","1":"product","2":"type-product","3":"status-publish","4":"has-post-thumbnail","6":"product_cat-retro","8":"first","9":"instock","10":"taxable","11":"shipping-taxable","12":"purchasable","13":"product-type-simple"},"_links":{"self":[{"href":"https:\/\/r2-toys.com\/index.php\/wp-json\/wp\/v2\/product\/4914","targetHints":{"allow":["GET"]}}],"collection":[{"href":"https:\/\/r2-toys.com\/index.php\/wp-json\/wp\/v2\/product"}],"about":[{"href":"https:\/\/r2-toys.com\/index.php\/wp-json\/wp\/v2\/types\/product"}],"replies":[{"embeddable":true,"href":"https:\/\/r2-toys.com\/index.php\/wp-json\/wp\/v2\/comments?post=4914"}],"wp:featuredmedia":[{"embeddable":true,"href":"https:\/\/r2-toys.com\/index.php\/wp-json\/wp\/v2\/media\/4979"}],"wp:attachment":[{"href":"https:\/\/r2-toys.com\/index.php\/wp-json\/wp\/v2\/media?parent=4914"}],"wp:term":[{"taxonomy":"product_brand","embeddable":true,"href":"https:\/\/r2-toys.com\/index.php\/wp-json\/wp\/v2\/product_brand?post=4914"},{"taxonomy":"product_cat","embeddable":true,"href":"https:\/\/r2-toys.com\/index.php\/wp-json\/wp\/v2\/product_cat?post=4914"},{"taxonomy":"product_tag","embeddable":true,"href":"https:\/\/r2-toys.com\/index.php\/wp-json\/wp\/v2\/product_tag?post=4914"}],"curies":[{"name":"wp","href":"https:\/\/api.w.org\/{rel}","templated":true}]}}