{"id":4915,"date":"2022-10-08T21:43:13","date_gmt":"2022-10-08T15:43:13","guid":{"rendered":"https:\/\/r2-toys.com\/?post_type=product&#038;p=4915"},"modified":"2022-10-10T11:10:42","modified_gmt":"2022-10-10T05:10:42","slug":"dragon-ball-limit-braker-series-super-saiyan-goku","status":"publish","type":"product","link":"https:\/\/r2-toys.com\/index.php\/product\/dragon-ball-limit-braker-series-super-saiyan-goku\/","title":{"rendered":"Dragon Ball Limit Braker Series Super Saiyan Goku"},"content":{"rendered":"<p>Es el protagonista principal del manga y anime de Dragon Ball creado por Akira Toriyama. Su nombre real y de nacimiento es Kakarotto y es uno de los pocos saiyanos que lograron sobrevivir a la destrucci\u00f3n total del Planeta Vegeta del Universo 7. Es el segundo hijo de Bardock y Gine, hermano menor de Raditz, nieto adoptivo de Son Gohan, esposo de Chi-Chi, padre de Son Gohan y Son Goten, a su vez tambi\u00e9n es el abuelo de Pan y ancestro de Son Goku Jr.<\/p>\n<p>Figura de 30cm coleccionable con multiples detalles inspirados en la serie.<\/p>\n<p>Edad recomendada: 4 a\u00f1os en adelante<\/p>\n<p>\u26a0\ufe0f ADVERTENCIA: PELIGRO DE ASFIXIA \u2013 Piezas peque\u00f1as. No apto para ni\u00f1os menores de 4 a\u00f1os.<\/p>\n<p>Los productos son producidos por Bandas bajo licencias autorizadas.<\/p>\n<p>Bandai y<span class=\"Apple-converted-space\">\u00a0 <\/span>todos los t\u00e9rminos relacionados son marcas registradas NamcoBandai.<\/p>\n","protected":false},"excerpt":{"rendered":"<p>Es el protagonista principal del manga y anime de Dragon Ball creado por Akira Toriyama. Su nombre real y de nacimiento es Kakarotto y es uno de los pocos saiyanos que lograron sobrevivir a la destrucci\u00f3n total del Planeta Vegeta del Universo 7. Es el segundo hijo de Bardock y Gine, hermano menor de Raditz, nieto adoptivo de Son Gohan, esposo de Chi-Chi, padre de Son Gohan y Son Goten, a su vez tambi\u00e9n es el abuelo de Pan y ancestro de Son Goku Jr.<\/p>\n","protected":false},"featured_media":4972,"comment_status":"open","ping_status":"closed","template":"","meta":[],"product_brand":[],"product_cat":[21],"product_tag":[],"class_list":{"0":"post-4915","1":"product","2":"type-product","3":"status-publish","4":"has-post-thumbnail","6":"product_cat-retro","8":"first","9":"instock","10":"taxable","11":"shipping-taxable","12":"purchasable","13":"product-type-simple"},"_links":{"self":[{"href":"https:\/\/r2-toys.com\/index.php\/wp-json\/wp\/v2\/product\/4915","targetHints":{"allow":["GET"]}}],"collection":[{"href":"https:\/\/r2-toys.com\/index.php\/wp-json\/wp\/v2\/product"}],"about":[{"href":"https:\/\/r2-toys.com\/index.php\/wp-json\/wp\/v2\/types\/product"}],"replies":[{"embeddable":true,"href":"https:\/\/r2-toys.com\/index.php\/wp-json\/wp\/v2\/comments?post=4915"}],"wp:featuredmedia":[{"embeddable":true,"href":"https:\/\/r2-toys.com\/index.php\/wp-json\/wp\/v2\/media\/4972"}],"wp:attachment":[{"href":"https:\/\/r2-toys.com\/index.php\/wp-json\/wp\/v2\/media?parent=4915"}],"wp:term":[{"taxonomy":"product_brand","embeddable":true,"href":"https:\/\/r2-toys.com\/index.php\/wp-json\/wp\/v2\/product_brand?post=4915"},{"taxonomy":"product_cat","embeddable":true,"href":"https:\/\/r2-toys.com\/index.php\/wp-json\/wp\/v2\/product_cat?post=4915"},{"taxonomy":"product_tag","embeddable":true,"href":"https:\/\/r2-toys.com\/index.php\/wp-json\/wp\/v2\/product_tag?post=4915"}],"curies":[{"name":"wp","href":"https:\/\/api.w.org\/{rel}","templated":true}]}}