{"id":4916,"date":"2022-10-08T21:42:08","date_gmt":"2022-10-08T15:42:08","guid":{"rendered":"https:\/\/r2-toys.com\/?post_type=product&#038;p=4916"},"modified":"2022-12-15T07:40:06","modified_gmt":"2022-12-15T01:40:06","slug":"dragon-ball-limit-braker-series-vegeta","status":"publish","type":"product","link":"https:\/\/r2-toys.com\/index.php\/product\/dragon-ball-limit-braker-series-vegeta\/","title":{"rendered":"Dragon Ball Limit Braker Series Vegeta"},"content":{"rendered":"<p>Es el hijo mayor del rey Vegeta III, as\u00ed como el pr\u00edncipe m\u00e1s reciente de la familia real saiyana y uno de los pocos supervivientes tras el genocidio saiyano del planeta Vegeta del Universo 7, a manos de Freeza. Es el eterno rival de Son Goku, hermano mayor de Tarble, el esposo de Bulma, padre de Trunks y Bra y ancestro de Vegeta Jr.<\/p>\n<p>Figura de 30cm coleccionable con multiples detalles inspirados en la serie.<\/p>\n<p>Edad recomendada: 4 a\u00f1os en adelante<\/p>\n<p>\u26a0\ufe0f ADVERTENCIA: PELIGRO DE ASFIXIA \u2013 Piezas peque\u00f1as. No apto para ni\u00f1os menores de 4 a\u00f1os.<\/p>\n<p>Los productos son producidos por Bandas bajo licencias autorizadas.<\/p>\n<p>Bandai y<span class=\"Apple-converted-space\">\u00a0 <\/span>todos los t\u00e9rminos relacionados son marcas registradas NamcoBandai.<\/p>\n","protected":false},"excerpt":{"rendered":"<p>Es el hijo mayor del rey Vegeta III, as\u00ed como el pr\u00edncipe m\u00e1s reciente de la familia real saiyana y uno de los pocos supervivientes tras el genocidio saiyano del planeta Vegeta del Universo 7, a manos de Freeza. Es el eterno rival de Son Goku, hermano mayor de Tarble, el esposo de Bulma, padre de Trunks y Bra y ancestro de Vegeta Jr.<\/p>\n","protected":false},"featured_media":4987,"comment_status":"open","ping_status":"closed","template":"","meta":[],"product_brand":[],"product_cat":[21],"product_tag":[],"class_list":{"0":"post-4916","1":"product","2":"type-product","3":"status-publish","4":"has-post-thumbnail","6":"product_cat-retro","8":"first","9":"outofstock","10":"taxable","11":"shipping-taxable","12":"purchasable","13":"product-type-simple"},"_links":{"self":[{"href":"https:\/\/r2-toys.com\/index.php\/wp-json\/wp\/v2\/product\/4916","targetHints":{"allow":["GET"]}}],"collection":[{"href":"https:\/\/r2-toys.com\/index.php\/wp-json\/wp\/v2\/product"}],"about":[{"href":"https:\/\/r2-toys.com\/index.php\/wp-json\/wp\/v2\/types\/product"}],"replies":[{"embeddable":true,"href":"https:\/\/r2-toys.com\/index.php\/wp-json\/wp\/v2\/comments?post=4916"}],"wp:featuredmedia":[{"embeddable":true,"href":"https:\/\/r2-toys.com\/index.php\/wp-json\/wp\/v2\/media\/4987"}],"wp:attachment":[{"href":"https:\/\/r2-toys.com\/index.php\/wp-json\/wp\/v2\/media?parent=4916"}],"wp:term":[{"taxonomy":"product_brand","embeddable":true,"href":"https:\/\/r2-toys.com\/index.php\/wp-json\/wp\/v2\/product_brand?post=4916"},{"taxonomy":"product_cat","embeddable":true,"href":"https:\/\/r2-toys.com\/index.php\/wp-json\/wp\/v2\/product_cat?post=4916"},{"taxonomy":"product_tag","embeddable":true,"href":"https:\/\/r2-toys.com\/index.php\/wp-json\/wp\/v2\/product_tag?post=4916"}],"curies":[{"name":"wp","href":"https:\/\/api.w.org\/{rel}","templated":true}]}}