{"id":4919,"date":"2022-10-10T01:08:41","date_gmt":"2022-10-09T19:08:41","guid":{"rendered":"https:\/\/r2-toys.com\/?post_type=product&#038;p=4919"},"modified":"2022-10-10T11:03:12","modified_gmt":"2022-10-10T05:03:12","slug":"the-batman-batcave","status":"publish","type":"product","link":"https:\/\/r2-toys.com\/index.php\/product\/the-batman-batcave\/","title":{"rendered":"The Batman Batcave"},"content":{"rendered":"<p>Bruce Wayne, dedic\u00f3 su vida para convertirse en el mejor vigilante, como el caballero oscuro. Batman tiene un plan para cada ocasi\u00f3n, armas, tecnolog\u00eda y veh\u00edculos que lo ayudan en su incesante b\u00fasqueda de justicia.<span class=\"Apple-converted-space\">\u00a0<\/span><\/p>\n<p>Recrea tus escenas favoritas de la pel\u00edcula con este set de juego Batman La Pelicula &#8211; Set Baticueva que incluye una Baticueva, una Batimoto, una figura de Batman y su enemigo Ping\u00fcino de 10cm y Accesorios.<\/p>\n<p>Medidas aproximadas<span class=\"Apple-converted-space\">\u00a0 <\/span>Alto 38 cm, Ancho 51 cm, Largo 13 cm.<\/p>\n<p>Edad recomendada: 4 a\u00f1os en adelante<\/p>\n<p>\u26a0\ufe0fADVERTENCIA: PELIGRO DE ASFIXIA &#8211; Piezas peque\u00f1as. No apto para ni\u00f1os menores de 4 a\u00f1os.<\/p>\n<p>Los productos son producidos por Spin Master bajo licencia de DC comics.<\/p>\n<p>Spin Master, DC Comics y<span class=\"Apple-converted-space\">\u00a0 <\/span>todos los t\u00e9rminos relacionados son marcas registradas de Spin Master y DC Comics.<\/p>\n","protected":false},"excerpt":{"rendered":"<p>Bruce Wayne, dedic\u00f3 su vida para convertirse en el mejor vigilante, como el caballero oscuro. Batman tiene un plan para cada ocasi\u00f3n, armas, tecnolog\u00eda y veh\u00edculos que lo ayudan en su incesante b\u00fasqueda de justicia.<\/p>\n","protected":false},"featured_media":5018,"comment_status":"open","ping_status":"closed","template":"","meta":[],"product_brand":[],"product_cat":[21],"product_tag":[],"class_list":{"0":"post-4919","1":"product","2":"type-product","3":"status-publish","4":"has-post-thumbnail","6":"product_cat-retro","8":"first","9":"instock","10":"taxable","11":"shipping-taxable","12":"purchasable","13":"product-type-simple"},"_links":{"self":[{"href":"https:\/\/r2-toys.com\/index.php\/wp-json\/wp\/v2\/product\/4919","targetHints":{"allow":["GET"]}}],"collection":[{"href":"https:\/\/r2-toys.com\/index.php\/wp-json\/wp\/v2\/product"}],"about":[{"href":"https:\/\/r2-toys.com\/index.php\/wp-json\/wp\/v2\/types\/product"}],"replies":[{"embeddable":true,"href":"https:\/\/r2-toys.com\/index.php\/wp-json\/wp\/v2\/comments?post=4919"}],"wp:featuredmedia":[{"embeddable":true,"href":"https:\/\/r2-toys.com\/index.php\/wp-json\/wp\/v2\/media\/5018"}],"wp:attachment":[{"href":"https:\/\/r2-toys.com\/index.php\/wp-json\/wp\/v2\/media?parent=4919"}],"wp:term":[{"taxonomy":"product_brand","embeddable":true,"href":"https:\/\/r2-toys.com\/index.php\/wp-json\/wp\/v2\/product_brand?post=4919"},{"taxonomy":"product_cat","embeddable":true,"href":"https:\/\/r2-toys.com\/index.php\/wp-json\/wp\/v2\/product_cat?post=4919"},{"taxonomy":"product_tag","embeddable":true,"href":"https:\/\/r2-toys.com\/index.php\/wp-json\/wp\/v2\/product_tag?post=4919"}],"curies":[{"name":"wp","href":"https:\/\/api.w.org\/{rel}","templated":true}]}}