{"id":492,"date":"2022-03-24T23:08:40","date_gmt":"2022-03-24T17:08:40","guid":{"rendered":"https:\/\/r2-toys.com\/?post_type=product&#038;p=492"},"modified":"2026-04-12T08:59:56","modified_gmt":"2026-04-12T02:59:56","slug":"rey-dark-side-vision","status":"publish","type":"product","link":"https:\/\/r2-toys.com\/index.php\/product\/rey-dark-side-vision\/","title":{"rendered":"Rey (dark side vision)"},"content":{"rendered":"<p>Mientras busca el buscador de caminos Sith, Rey imagina su turno hacia el lado oscuro. Empu\u00f1ando un sable de luz de doble hoja, su rabia y su inmenso poder son aterradores<\/p>\n<p>Los fan\u00e1ticos y coleccionistas pueden imaginar escenas de Star Wars Galaxy con este juguete premium de Rey (Dark Side Vision), inspirado en la pel\u00edcula Star Wars: The Rise of Skywalker.<\/p>\n<p>Esta figura de acci\u00f3n de Star Wars The Black Series viene con un accesorio inspirado en Rey (Dark Side Vision) que es una gran adici\u00f3n a cualquier colecci\u00f3n de Star Wars.<\/p>\n<p>La figura de la serie Black a escala de15 cm se detalla para parecerse al personaje de Rey (Dark Side Vision) de Star Wars: The Rise of Skywalker, con detalles premium y m\u00faltiples puntos de articulaci\u00f3n.<\/p>\n<p>Incluye: figura y accesorio<\/p>\n<div>\n<div>\n<p>\u26a0\ufe0f ADVERTENCIA: PELIGRO DE ASFIXIA &#8211; Piezas peque\u00f1as. No apto para ni\u00f1os menores de 4 a\u00f1os.<\/p>\n<\/div>\n<div>\n<p>Los productos Star Wars son producidos por Hasbro bajo licencia de Lucasfilm Ltd.<\/p>\n<\/div>\n<div>\n<p>Hasbro y todos los t\u00e9rminos relacionados son marcas registradas de Hasbro.<\/p>\n<\/div>\n<\/div>\n<p>&nbsp;<\/p>\n","protected":false},"excerpt":{"rendered":"<p>Mientras busca el buscador de caminos Sith, Rey imagina su turno hacia el lado oscuro. Empu\u00f1ando un sable de luz de doble hoja, su rabia y su inmenso poder son aterradores<\/p>\n","protected":false},"featured_media":2569,"comment_status":"open","ping_status":"closed","template":"","meta":[],"product_brand":[],"product_cat":[28],"product_tag":[],"class_list":{"0":"post-492","1":"product","2":"type-product","3":"status-publish","4":"has-post-thumbnail","6":"product_cat-black-series","8":"first","9":"instock","10":"taxable","11":"shipping-taxable","12":"purchasable","13":"product-type-simple"},"_links":{"self":[{"href":"https:\/\/r2-toys.com\/index.php\/wp-json\/wp\/v2\/product\/492","targetHints":{"allow":["GET"]}}],"collection":[{"href":"https:\/\/r2-toys.com\/index.php\/wp-json\/wp\/v2\/product"}],"about":[{"href":"https:\/\/r2-toys.com\/index.php\/wp-json\/wp\/v2\/types\/product"}],"replies":[{"embeddable":true,"href":"https:\/\/r2-toys.com\/index.php\/wp-json\/wp\/v2\/comments?post=492"}],"wp:featuredmedia":[{"embeddable":true,"href":"https:\/\/r2-toys.com\/index.php\/wp-json\/wp\/v2\/media\/2569"}],"wp:attachment":[{"href":"https:\/\/r2-toys.com\/index.php\/wp-json\/wp\/v2\/media?parent=492"}],"wp:term":[{"taxonomy":"product_brand","embeddable":true,"href":"https:\/\/r2-toys.com\/index.php\/wp-json\/wp\/v2\/product_brand?post=492"},{"taxonomy":"product_cat","embeddable":true,"href":"https:\/\/r2-toys.com\/index.php\/wp-json\/wp\/v2\/product_cat?post=492"},{"taxonomy":"product_tag","embeddable":true,"href":"https:\/\/r2-toys.com\/index.php\/wp-json\/wp\/v2\/product_tag?post=492"}],"curies":[{"name":"wp","href":"https:\/\/api.w.org\/{rel}","templated":true}]}}