{"id":4922,"date":"2023-01-16T07:51:00","date_gmt":"2023-01-16T01:51:00","guid":{"rendered":"https:\/\/r2-toys.com\/?post_type=product&#038;p=4922"},"modified":"2023-01-16T07:51:00","modified_gmt":"2023-01-16T01:51:00","slug":"r2-d2-retro-series-571-exclusive","status":"publish","type":"product","link":"https:\/\/r2-toys.com\/index.php\/product\/r2-d2-retro-series-571-exclusive\/","title":{"rendered":"R2-D2 Retro Series (571) Exclusive"},"content":{"rendered":"<p>R2-D2\u00a0y a menudo referido como\u00a0R2 (Artoo),\u00a0droide astro-mec\u00e1nico de la\u00a0serie R2\u00a0fabricado por\u00a0Industrial Automaton.\u00a0R2-D2,\u00a0un\u00a0droide\u00a0inteligente y valiente, nunca recibi\u00f3 un\u00a0borrado\u00a0completo de la\u00a0memoria y nunca recibi\u00f3 nueva programaci\u00f3n, con estos factores resultando en una actitud aventurera e independiente.<\/p>\n<p>Desde 1977 la saga de Star Wars ha sido un movimiento revolucionario de la cultura pop generaci\u00f3n tras generaci\u00f3n, reclutando fans y seguidores, creando para ellos diversas producciones del amplio universo. Gracias a FunkoPop podemos tener incre\u00edbles figuras de tus personajes favoritos con incre\u00edbles dise\u00f1os.<\/p>\n<p>Altura aproximada de 11 cm<\/p>\n<p>Empaque con ventana para su exhibici\u00f3n<\/p>\n<p>Fabricados en Vinyl<\/p>\n<p>Edad recomendada: 4 a\u00f1os en adelante<\/p>\n<p>\u26a0\ufe0fADVERTENCIA: PELIGRO DE ASFIXIA &#8211; Piezas peque\u00f1as. No apto para ni\u00f1os menores de 4 a\u00f1os.<\/p>\n<p>Los productos Star Wars son producidos por FUNKO bajo licencia de Lucasfilm Ltd. y Disney<\/p>\n<p>FUNKO, Target y todos los t\u00e9rminos relacionados son marcas registradas Funko y Target.<\/p>\n","protected":false},"excerpt":{"rendered":"<p>R2-D2\u00a0y a menudo referido como\u00a0R2 (Artoo),\u00a0droide astro-mec\u00e1nico de la\u00a0serie R2\u00a0fabricado por\u00a0Industrial Automaton.\u00a0R2-D2,\u00a0un\u00a0droide\u00a0inteligente y valiente, nunca recibi\u00f3 un\u00a0borrado\u00a0completo de la\u00a0memoria y nunca recibi\u00f3 nueva programaci\u00f3n, con estos factores resultando en una actitud aventurera e independiente.<\/p>\n","protected":false},"featured_media":5535,"comment_status":"open","ping_status":"closed","template":"","meta":[],"product_brand":[],"product_cat":[20],"product_tag":[],"class_list":{"0":"post-4922","1":"product","2":"type-product","3":"status-publish","4":"has-post-thumbnail","6":"product_cat-funko1","8":"first","9":"instock","10":"taxable","11":"shipping-taxable","12":"purchasable","13":"product-type-simple"},"_links":{"self":[{"href":"https:\/\/r2-toys.com\/index.php\/wp-json\/wp\/v2\/product\/4922","targetHints":{"allow":["GET"]}}],"collection":[{"href":"https:\/\/r2-toys.com\/index.php\/wp-json\/wp\/v2\/product"}],"about":[{"href":"https:\/\/r2-toys.com\/index.php\/wp-json\/wp\/v2\/types\/product"}],"replies":[{"embeddable":true,"href":"https:\/\/r2-toys.com\/index.php\/wp-json\/wp\/v2\/comments?post=4922"}],"wp:featuredmedia":[{"embeddable":true,"href":"https:\/\/r2-toys.com\/index.php\/wp-json\/wp\/v2\/media\/5535"}],"wp:attachment":[{"href":"https:\/\/r2-toys.com\/index.php\/wp-json\/wp\/v2\/media?parent=4922"}],"wp:term":[{"taxonomy":"product_brand","embeddable":true,"href":"https:\/\/r2-toys.com\/index.php\/wp-json\/wp\/v2\/product_brand?post=4922"},{"taxonomy":"product_cat","embeddable":true,"href":"https:\/\/r2-toys.com\/index.php\/wp-json\/wp\/v2\/product_cat?post=4922"},{"taxonomy":"product_tag","embeddable":true,"href":"https:\/\/r2-toys.com\/index.php\/wp-json\/wp\/v2\/product_tag?post=4922"}],"curies":[{"name":"wp","href":"https:\/\/api.w.org\/{rel}","templated":true}]}}