{"id":4942,"date":"2022-10-03T02:03:25","date_gmt":"2022-10-02T20:03:25","guid":{"rendered":"https:\/\/r2-toys.com\/?post_type=product&#038;p=4942"},"modified":"2025-12-10T13:50:25","modified_gmt":"2025-12-10T07:50:25","slug":"the-mandalorian-beskar-retro","status":"publish","type":"product","link":"https:\/\/r2-toys.com\/index.php\/product\/the-mandalorian-beskar-retro\/","title":{"rendered":"The Mandalorian\u00a0(Beskar)\u00a0Retro"},"content":{"rendered":"<p>Aguerrido cazarrecompensas que protege a The Child, un misterioso alien\u00edgena buscado por otros cazarrecompensas contratados por figuras imperiales.\u00a0 Esta figura de 9,5 cm de la colecci\u00f3n cuenta con un excelente dise\u00f1o\u00a0y vienen en empaques desgastado inspirados en la l\u00ednea original. Con poca articulaci\u00f3n, Incluye accesorios<\/p>\n<p>Esta figura de 9,5 cm de la colecci\u00f3n cuenta con un excelente\u00a0\u00a0dise\u00f1o y vienen en empaques inspirados en la l\u00ednea original. Incluye accesorios<\/p>\n<div>\n<p>Edad recomendada: 4 a\u00f1os en adelante<\/p>\n<\/div>\n<div>\n<p>\u26a0\ufe0f ADVERTENCIA: PELIGRO DE ASFIXIA &#8211; Piezas peque\u00f1as. No apto para ni\u00f1os menores de 4 a\u00f1os.<\/p>\n<\/div>\n<div>\n<p>Los productos Star Wars son producidos por Hasbro bajo licencia de Lucasfilm Ltd.<br \/>\nHasbro y todos los t\u00e9rminos relacionados son marcas registradas de Hasbro.<\/p>\n<\/div>\n","protected":false},"excerpt":{"rendered":"<p>Aguerrido cazarrecompensas que protege a The Child, un misterioso alien\u00edgena buscado por otros cazarrecompensas contratados por figuras imperiales.\u00a0 Esta figura de 9,5 cm de la colecci\u00f3n cuenta con un excelente dise\u00f1o\u00a0y vienen en empaques desgastado inspirados en la l\u00ednea original. Con poca articulaci\u00f3n, Incluye accesorios<\/p>\n<p>Esta figura de 9,5 cm de la colecci\u00f3n cuenta con un excelente\u00a0\u00a0dise\u00f1o y vienen en empaques inspirados en la l\u00ednea original. Incluye accesorios<\/p>\n","protected":false},"featured_media":4934,"comment_status":"open","ping_status":"closed","template":"","meta":[],"product_brand":[],"product_cat":[29],"product_tag":[],"class_list":{"0":"post-4942","1":"product","2":"type-product","3":"status-publish","4":"has-post-thumbnail","6":"product_cat-vintage","8":"first","9":"instock","10":"taxable","11":"shipping-taxable","12":"purchasable","13":"product-type-simple"},"_links":{"self":[{"href":"https:\/\/r2-toys.com\/index.php\/wp-json\/wp\/v2\/product\/4942","targetHints":{"allow":["GET"]}}],"collection":[{"href":"https:\/\/r2-toys.com\/index.php\/wp-json\/wp\/v2\/product"}],"about":[{"href":"https:\/\/r2-toys.com\/index.php\/wp-json\/wp\/v2\/types\/product"}],"replies":[{"embeddable":true,"href":"https:\/\/r2-toys.com\/index.php\/wp-json\/wp\/v2\/comments?post=4942"}],"wp:featuredmedia":[{"embeddable":true,"href":"https:\/\/r2-toys.com\/index.php\/wp-json\/wp\/v2\/media\/4934"}],"wp:attachment":[{"href":"https:\/\/r2-toys.com\/index.php\/wp-json\/wp\/v2\/media?parent=4942"}],"wp:term":[{"taxonomy":"product_brand","embeddable":true,"href":"https:\/\/r2-toys.com\/index.php\/wp-json\/wp\/v2\/product_brand?post=4942"},{"taxonomy":"product_cat","embeddable":true,"href":"https:\/\/r2-toys.com\/index.php\/wp-json\/wp\/v2\/product_cat?post=4942"},{"taxonomy":"product_tag","embeddable":true,"href":"https:\/\/r2-toys.com\/index.php\/wp-json\/wp\/v2\/product_tag?post=4942"}],"curies":[{"name":"wp","href":"https:\/\/api.w.org\/{rel}","templated":true}]}}