{"id":499,"date":"2022-03-24T23:11:47","date_gmt":"2022-03-24T17:11:47","guid":{"rendered":"https:\/\/r2-toys.com\/?post_type=product&#038;p=499"},"modified":"2026-01-18T06:31:44","modified_gmt":"2026-01-18T00:31:44","slug":"sabine-wren","status":"publish","type":"product","link":"https:\/\/r2-toys.com\/index.php\/product\/sabine-wren\/","title":{"rendered":"Sabine Wren"},"content":{"rendered":"<p>Como parte de la tripulaci\u00f3n de Ghost, Sabine Wren us\u00f3 su don para la fabricaci\u00f3n de bombas con gran efecto contra el Imperio y, a menudo, marcaba su trabajo con etiquetas de pintura en aerosol.<\/p>\n<p>La figura de la serie Black a escala de 15 cm se detalla para parecerse al personaje de Sabine Wren de la serie animada Star Wars Rebels, con detalles premium y m\u00faltiples puntos de articulaci\u00f3n.<\/p>\n<p>Sabine Wren era una guerrera mandaloriana, experta en explosivos y talentosa artista de graffiti, cualidades que resultaron \u00fatiles como una de las primeras en rebelarse contra el Imperio.<\/p>\n<p>Esta figura de acci\u00f3n de Star Wars The Black Series viene con 3 accesorios inspirados en Sabine Wren que son excelentes adiciones a cualquier colecci\u00f3n de Star Wars.<\/p>\n<p>Los fan\u00e1ticos y coleccionistas de Star Wars pueden exhibir esta figura altamente articulada (4 extremidades completamente articuladas), con decoraci\u00f3n premium, en su colecci\u00f3n de figuras de acci\u00f3n y veh\u00edculos.<\/p>\n<div>\n<div>\n<p>\u26a0\ufe0f ADVERTENCIA: PELIGRO DE ASFIXIA &#8211; Piezas peque\u00f1as. No apto para ni\u00f1os menores de 4 a\u00f1os.<\/p>\n<\/div>\n<div>\n<p>Los productos Star Wars son producidos por Hasbro bajo licencia de Lucasfilm Ltd.<\/p>\n<\/div>\n<div>\n<p>Hasbro y todos los t\u00e9rminos relacionados son marcas registradas de Hasbro.<\/p>\n<\/div>\n<\/div>\n","protected":false},"excerpt":{"rendered":"<p>Como parte de la tripulaci\u00f3n de Ghost, Sabine Wren us\u00f3 su don para la fabricaci\u00f3n de bombas con gran efecto contra el Imperio y, a menudo, marcaba su trabajo con etiquetas de pintura en aerosol.<\/p>\n","protected":false},"featured_media":2573,"comment_status":"open","ping_status":"closed","template":"","meta":[],"product_brand":[],"product_cat":[28],"product_tag":[],"class_list":{"0":"post-499","1":"product","2":"type-product","3":"status-publish","4":"has-post-thumbnail","6":"product_cat-black-series","8":"first","9":"instock","10":"taxable","11":"shipping-taxable","12":"purchasable","13":"product-type-simple"},"_links":{"self":[{"href":"https:\/\/r2-toys.com\/index.php\/wp-json\/wp\/v2\/product\/499","targetHints":{"allow":["GET"]}}],"collection":[{"href":"https:\/\/r2-toys.com\/index.php\/wp-json\/wp\/v2\/product"}],"about":[{"href":"https:\/\/r2-toys.com\/index.php\/wp-json\/wp\/v2\/types\/product"}],"replies":[{"embeddable":true,"href":"https:\/\/r2-toys.com\/index.php\/wp-json\/wp\/v2\/comments?post=499"}],"wp:featuredmedia":[{"embeddable":true,"href":"https:\/\/r2-toys.com\/index.php\/wp-json\/wp\/v2\/media\/2573"}],"wp:attachment":[{"href":"https:\/\/r2-toys.com\/index.php\/wp-json\/wp\/v2\/media?parent=499"}],"wp:term":[{"taxonomy":"product_brand","embeddable":true,"href":"https:\/\/r2-toys.com\/index.php\/wp-json\/wp\/v2\/product_brand?post=499"},{"taxonomy":"product_cat","embeddable":true,"href":"https:\/\/r2-toys.com\/index.php\/wp-json\/wp\/v2\/product_cat?post=499"},{"taxonomy":"product_tag","embeddable":true,"href":"https:\/\/r2-toys.com\/index.php\/wp-json\/wp\/v2\/product_tag?post=499"}],"curies":[{"name":"wp","href":"https:\/\/api.w.org\/{rel}","templated":true}]}}