{"id":502,"date":"2022-03-24T23:13:36","date_gmt":"2022-03-24T17:13:36","guid":{"rendered":"https:\/\/r2-toys.com\/?post_type=product&#038;p=502"},"modified":"2025-12-31T23:39:29","modified_gmt":"2025-12-31T17:39:29","slug":"scout-trooper-fallen-order","status":"publish","type":"product","link":"https:\/\/r2-toys.com\/index.php\/product\/scout-trooper-fallen-order\/","title":{"rendered":"Scout Trooper GAMING GREATS"},"content":{"rendered":"<p>Los Scout Troopers ten\u00edan un blindaje ligero en comparaci\u00f3n con otros Stormtroopers, lo que les permit\u00eda moverse m\u00e1s r\u00e1pida y f\u00e1cilmente en una variedad de entornos.<\/p>\n<p>Fallen Order cuenta con Scout Troopers, a menudo con tareas de reconocimiento o combates de largo alcance, pero tambi\u00e9n luchadores capaces cuando un objetivo se acerca.<\/p>\n<p>Los fan\u00e1ticos y coleccionistas pueden imaginar momentos emocionantes de Star Wars Galaxy con este juguete premium Scout Trooper, inspirado en el videojuego Star Wars Jedi: Fallen Order.<\/p>\n<p>Los fan\u00e1ticos y coleccionistas de Star Wars pueden mostrar esta figura altamente articulada (4 extremidades completamente articuladas), con decoraci\u00f3n premium, en su figura de acci\u00f3n y colecci\u00f3n de veh\u00edculos.<\/p>\n<p>Incluye: figura y 2 accesorios.<\/p>\n<p>Escala de la figura: 15 cm<\/p>\n<p>Edad recomendada: 4 a\u00f1os en adelante<\/p>\n<div>\n<p>\u26a0\ufe0f ADVERTENCIA: PELIGRO DE ASFIXIA &#8211; Piezas peque\u00f1as. No apto para ni\u00f1os menores de 4 a\u00f1os.<\/p>\n<\/div>\n<div>\n<p>Los productos Star Wars son producidos por Hasbro bajo licencia de Lucasfilm Ltd.<\/p>\n<\/div>\n<div>\n<p>Hasbro y todos los t\u00e9rminos relacionados son marcas registradas de Hasbro.<\/p>\n<\/div>\n<p>&nbsp;<\/p>\n","protected":false},"excerpt":{"rendered":"<p>Los Scout Troopers ten\u00edan un blindaje ligero en comparaci\u00f3n con otros Stormtroopers, lo que les permit\u00eda moverse m\u00e1s r\u00e1pida y f\u00e1cilmente en una variedad de entornos.<\/p>\n<p>Fallen Order cuenta con Scout Troopers, a menudo con tareas de reconocimiento o combates de largo alcance, pero tambi\u00e9n luchadores capaces cuando un objetivo se acerca.<\/p>\n","protected":false},"featured_media":2575,"comment_status":"open","ping_status":"closed","template":"","meta":[],"product_brand":[],"product_cat":[28],"product_tag":[],"class_list":{"0":"post-502","1":"product","2":"type-product","3":"status-publish","4":"has-post-thumbnail","6":"product_cat-black-series","8":"first","9":"instock","10":"taxable","11":"shipping-taxable","12":"purchasable","13":"product-type-simple"},"_links":{"self":[{"href":"https:\/\/r2-toys.com\/index.php\/wp-json\/wp\/v2\/product\/502","targetHints":{"allow":["GET"]}}],"collection":[{"href":"https:\/\/r2-toys.com\/index.php\/wp-json\/wp\/v2\/product"}],"about":[{"href":"https:\/\/r2-toys.com\/index.php\/wp-json\/wp\/v2\/types\/product"}],"replies":[{"embeddable":true,"href":"https:\/\/r2-toys.com\/index.php\/wp-json\/wp\/v2\/comments?post=502"}],"wp:featuredmedia":[{"embeddable":true,"href":"https:\/\/r2-toys.com\/index.php\/wp-json\/wp\/v2\/media\/2575"}],"wp:attachment":[{"href":"https:\/\/r2-toys.com\/index.php\/wp-json\/wp\/v2\/media?parent=502"}],"wp:term":[{"taxonomy":"product_brand","embeddable":true,"href":"https:\/\/r2-toys.com\/index.php\/wp-json\/wp\/v2\/product_brand?post=502"},{"taxonomy":"product_cat","embeddable":true,"href":"https:\/\/r2-toys.com\/index.php\/wp-json\/wp\/v2\/product_cat?post=502"},{"taxonomy":"product_tag","embeddable":true,"href":"https:\/\/r2-toys.com\/index.php\/wp-json\/wp\/v2\/product_tag?post=502"}],"curies":[{"name":"wp","href":"https:\/\/api.w.org\/{rel}","templated":true}]}}