{"id":5057,"date":"2022-10-10T03:34:46","date_gmt":"2022-10-09T21:34:46","guid":{"rendered":"https:\/\/r2-toys.com\/?post_type=product&#038;p=5057"},"modified":"2025-12-10T13:48:38","modified_gmt":"2025-12-10T07:48:38","slug":"biker-scout","status":"publish","type":"product","link":"https:\/\/r2-toys.com\/index.php\/product\/biker-scout\/","title":{"rendered":"Biker Scout"},"content":{"rendered":"<p>Los soldados exploradores ten\u00edan una armadura ligera en comparaci\u00f3n con otros soldados de asalto, lo que les permit\u00eda moverse m\u00e1s r\u00e1pida y f\u00e1cilmente en una variedad de entornos. Tambi\u00e9n fueron entrenados para una mayor independencia y adaptabilidad que la mayor\u00eda de las tropas imperiales.<\/p>\n<p>Figura de acci\u00f3n de 15cm Conmemora el 40.\u00ba aniversario de El retorno del Jedi con dise\u00f1o y empaque cl\u00e1sicos, cuenta con m\u00faltiples puntos de articulaci\u00f3n y accesorio de combate.<\/p>\n<p>Edad recomendada: 4 a\u00f1os en adelante<\/p>\n<p>ADVERTENCIA: PELIGRO DE ASFIXIA &#8211; Piezas peque\u00f1as. No apto para ni\u00f1os menores de 4 a\u00f1os.<\/p>\n<p>Los productos Star Wars son producidos por Hasbro bajo licencia de Lucasfilm Ltd.<\/p>\n<p>Hasbro y todos los t\u00e9rminos relacionados son marcas registradas de Hasbro.<\/p>\n","protected":false},"excerpt":{"rendered":"<p>Los soldados exploradores ten\u00edan una armadura ligera en comparaci\u00f3n con otros soldados de asalto, lo que les permit\u00eda moverse m\u00e1s r\u00e1pida y f\u00e1cilmente en una variedad de entornos. Tambi\u00e9n fueron entrenados para una mayor independencia y adaptabilidad que la mayor\u00eda de las tropas imperiales.<\/p>\n","protected":false},"featured_media":6040,"comment_status":"open","ping_status":"closed","template":"","meta":[],"product_brand":[],"product_cat":[29],"product_tag":[],"class_list":{"0":"post-5057","1":"product","2":"type-product","3":"status-publish","4":"has-post-thumbnail","6":"product_cat-vintage","8":"first","9":"instock","10":"taxable","11":"shipping-taxable","12":"purchasable","13":"product-type-simple"},"_links":{"self":[{"href":"https:\/\/r2-toys.com\/index.php\/wp-json\/wp\/v2\/product\/5057","targetHints":{"allow":["GET"]}}],"collection":[{"href":"https:\/\/r2-toys.com\/index.php\/wp-json\/wp\/v2\/product"}],"about":[{"href":"https:\/\/r2-toys.com\/index.php\/wp-json\/wp\/v2\/types\/product"}],"replies":[{"embeddable":true,"href":"https:\/\/r2-toys.com\/index.php\/wp-json\/wp\/v2\/comments?post=5057"}],"wp:featuredmedia":[{"embeddable":true,"href":"https:\/\/r2-toys.com\/index.php\/wp-json\/wp\/v2\/media\/6040"}],"wp:attachment":[{"href":"https:\/\/r2-toys.com\/index.php\/wp-json\/wp\/v2\/media?parent=5057"}],"wp:term":[{"taxonomy":"product_brand","embeddable":true,"href":"https:\/\/r2-toys.com\/index.php\/wp-json\/wp\/v2\/product_brand?post=5057"},{"taxonomy":"product_cat","embeddable":true,"href":"https:\/\/r2-toys.com\/index.php\/wp-json\/wp\/v2\/product_cat?post=5057"},{"taxonomy":"product_tag","embeddable":true,"href":"https:\/\/r2-toys.com\/index.php\/wp-json\/wp\/v2\/product_tag?post=5057"}],"curies":[{"name":"wp","href":"https:\/\/api.w.org\/{rel}","templated":true}]}}