{"id":5058,"date":"2023-04-15T11:17:51","date_gmt":"2023-04-15T05:17:51","guid":{"rendered":"https:\/\/r2-toys.com\/?post_type=product&#038;p=5058"},"modified":"2025-12-10T12:25:25","modified_gmt":"2025-12-10T06:25:25","slug":"han-solo-endor-3","status":"publish","type":"product","link":"https:\/\/r2-toys.com\/index.php\/product\/han-solo-endor-3\/","title":{"rendered":"Han Solo (Endor)"},"content":{"rendered":"<p>Las haza\u00f1as de Han Solo son legendarias: ha sido un famoso contrabandista, capit\u00e1n del Halc\u00f3n Milenario y h\u00e9roe de la Alianza Rebelde. Solo una vez m\u00e1s se encuentra en el centro de la acci\u00f3n.<\/p>\n<p>Figura de acci\u00f3n de 15cm Conmemora el 40.\u00ba aniversario de El retorno del Jedi con dise\u00f1o y empaque cl\u00e1sicos, cuenta con m\u00faltiples puntos de articulaci\u00f3n y accesorio de combate.<\/p>\n<p>Edad recomendada: 4 a\u00f1os en adelante<\/p>\n<p>ADVERTENCIA: PELIGRO DE ASFIXIA &#8211; Piezas peque\u00f1as. No apto para ni\u00f1os menores de 4 a\u00f1os.<\/p>\n<p>Los productos Star Wars son producidos por Hasbro bajo licencia de Lucasfilm Ltd.<\/p>\n<p>Hasbro y todos los t\u00e9rminos relacionados son marcas registradas de Hasbro.<\/p>\n","protected":false},"excerpt":{"rendered":"<p>Las haza\u00f1as de Han Solo son legendarias: ha sido un famoso contrabandista, capit\u00e1n del Halc\u00f3n Milenario y h\u00e9roe de la Alianza Rebelde. Solo una vez m\u00e1s se encuentra en el centro de la acci\u00f3n.<\/p>\n","protected":false},"featured_media":6032,"comment_status":"open","ping_status":"closed","template":"","meta":[],"product_brand":[],"product_cat":[29],"product_tag":[],"class_list":{"0":"post-5058","1":"product","2":"type-product","3":"status-publish","4":"has-post-thumbnail","6":"product_cat-vintage","8":"first","9":"instock","10":"taxable","11":"shipping-taxable","12":"purchasable","13":"product-type-simple"},"_links":{"self":[{"href":"https:\/\/r2-toys.com\/index.php\/wp-json\/wp\/v2\/product\/5058","targetHints":{"allow":["GET"]}}],"collection":[{"href":"https:\/\/r2-toys.com\/index.php\/wp-json\/wp\/v2\/product"}],"about":[{"href":"https:\/\/r2-toys.com\/index.php\/wp-json\/wp\/v2\/types\/product"}],"replies":[{"embeddable":true,"href":"https:\/\/r2-toys.com\/index.php\/wp-json\/wp\/v2\/comments?post=5058"}],"wp:featuredmedia":[{"embeddable":true,"href":"https:\/\/r2-toys.com\/index.php\/wp-json\/wp\/v2\/media\/6032"}],"wp:attachment":[{"href":"https:\/\/r2-toys.com\/index.php\/wp-json\/wp\/v2\/media?parent=5058"}],"wp:term":[{"taxonomy":"product_brand","embeddable":true,"href":"https:\/\/r2-toys.com\/index.php\/wp-json\/wp\/v2\/product_brand?post=5058"},{"taxonomy":"product_cat","embeddable":true,"href":"https:\/\/r2-toys.com\/index.php\/wp-json\/wp\/v2\/product_cat?post=5058"},{"taxonomy":"product_tag","embeddable":true,"href":"https:\/\/r2-toys.com\/index.php\/wp-json\/wp\/v2\/product_tag?post=5058"}],"curies":[{"name":"wp","href":"https:\/\/api.w.org\/{rel}","templated":true}]}}