{"id":5061,"date":"2022-10-10T03:57:08","date_gmt":"2022-10-09T21:57:08","guid":{"rendered":"https:\/\/r2-toys.com\/?post_type=product&#038;p=5061"},"modified":"2026-01-07T00:09:46","modified_gmt":"2026-01-06T18:09:46","slug":"wicket","status":"publish","type":"product","link":"https:\/\/r2-toys.com\/index.php\/product\/wicket\/","title":{"rendered":"Wicket Return of Jedi 40th"},"content":{"rendered":"<p>Explorador\u00a0y guerrero\u00a0Ewok\u00a0en la\u00a0luna\u00a0de\u00a0Endor. Wicket tambi\u00e9n jug\u00f3 un papel fundamental en ayudar a la\u00a0Alianza Rebelde\u00a0a derrotar al\u00a0Imperio Gal\u00e1ctico\u00a0durante la\u00a0Batalla de Endor.<\/p>\n<p>Figura de acci\u00f3n de 15cm Conmemora el 40.\u00ba aniversario de El retorno del Jedi con dise\u00f1o y empaque cl\u00e1sicos, cuenta con m\u00faltiples puntos de articulaci\u00f3n y 6 accesorios de combate.<\/p>\n<p>Edad recomendada: 4 a\u00f1os en adelante<\/p>\n<p>ADVERTENCIA: PELIGRO DE ASFIXIA &#8211; Piezas peque\u00f1as. No apto para ni\u00f1os menores de 4 a\u00f1os.<\/p>\n<p>Los productos Star Wars son producidos por Hasbro bajo licencia de Lucasfilm Ltd.<\/p>\n<p>Hasbro y todos los t\u00e9rminos relacionados son marcas registradas de Hasbro.<\/p>\n","protected":false},"excerpt":{"rendered":"<p>Explorador\u00a0y guerrero\u00a0Ewok\u00a0en la\u00a0luna\u00a0de\u00a0Endor. Wicket tambi\u00e9n jug\u00f3 un papel fundamental en ayudar a la\u00a0Alianza Rebelde\u00a0a derrotar al\u00a0Imperio Gal\u00e1ctico\u00a0durante la\u00a0Batalla de Endor.<\/p>\n<p>&nbsp;<\/p>\n","protected":false},"featured_media":6031,"comment_status":"open","ping_status":"closed","template":"","meta":[],"product_brand":[],"product_cat":[29],"product_tag":[],"class_list":{"0":"post-5061","1":"product","2":"type-product","3":"status-publish","4":"has-post-thumbnail","6":"product_cat-vintage","8":"first","9":"outofstock","10":"taxable","11":"shipping-taxable","12":"purchasable","13":"product-type-simple"},"_links":{"self":[{"href":"https:\/\/r2-toys.com\/index.php\/wp-json\/wp\/v2\/product\/5061","targetHints":{"allow":["GET"]}}],"collection":[{"href":"https:\/\/r2-toys.com\/index.php\/wp-json\/wp\/v2\/product"}],"about":[{"href":"https:\/\/r2-toys.com\/index.php\/wp-json\/wp\/v2\/types\/product"}],"replies":[{"embeddable":true,"href":"https:\/\/r2-toys.com\/index.php\/wp-json\/wp\/v2\/comments?post=5061"}],"wp:featuredmedia":[{"embeddable":true,"href":"https:\/\/r2-toys.com\/index.php\/wp-json\/wp\/v2\/media\/6031"}],"wp:attachment":[{"href":"https:\/\/r2-toys.com\/index.php\/wp-json\/wp\/v2\/media?parent=5061"}],"wp:term":[{"taxonomy":"product_brand","embeddable":true,"href":"https:\/\/r2-toys.com\/index.php\/wp-json\/wp\/v2\/product_brand?post=5061"},{"taxonomy":"product_cat","embeddable":true,"href":"https:\/\/r2-toys.com\/index.php\/wp-json\/wp\/v2\/product_cat?post=5061"},{"taxonomy":"product_tag","embeddable":true,"href":"https:\/\/r2-toys.com\/index.php\/wp-json\/wp\/v2\/product_tag?post=5061"}],"curies":[{"name":"wp","href":"https:\/\/api.w.org\/{rel}","templated":true}]}}