{"id":5074,"date":"2022-10-10T05:08:51","date_gmt":"2022-10-09T23:08:51","guid":{"rendered":"https:\/\/r2-toys.com\/?post_type=product&#038;p=5074"},"modified":"2022-10-10T11:01:57","modified_gmt":"2022-10-10T05:01:57","slug":"espatulas-de-star-wars","status":"publish","type":"product","link":"https:\/\/r2-toys.com\/index.php\/product\/espatulas-de-star-wars\/","title":{"rendered":"Espatulas de Star Wars"},"content":{"rendered":"<p>Embarquese en misiones culinarias con estas esp\u00e1tulas intergal\u00e1cticas. Fabricadas con silic\u00f3n resistente al calor y madera para enfrentar las aventuras de cocci\u00f3n m\u00e1s desafiantes, estas duraderas herramientas facilitan el trabajo para agitar, mezclar, plegar y raspar. La cabeza de silic\u00f3n libre de BPA no se agrieta ni absorbe olores o sabores. El mango de madera de haya tiene forma ergon\u00f3mica como el pincel de un artista para comodidad y control.<\/p>\n<p>Desde 1977 la saga de Star Wars ha sido un movimiento revolucionario de la cultura pop generaci\u00f3n tras generaci\u00f3n, reclutando fans y seguidores, creando para ellos diversas producciones del amplio universo.<\/p>\n","protected":false},"excerpt":{"rendered":"<p>Desde 1977 la saga de Star Wars ha sido un movimiento revolucionario de la cultura pop generaci\u00f3n tras generaci\u00f3n, reclutando fans y seguidores, creando para ellos diversas producciones del amplio universo.<\/p>\n","protected":false},"featured_media":5075,"comment_status":"open","ping_status":"closed","template":"","meta":[],"product_brand":[],"product_cat":[34],"product_tag":[],"class_list":{"0":"post-5074","1":"product","2":"type-product","3":"status-publish","4":"has-post-thumbnail","6":"product_cat-accesorios","8":"first","9":"instock","10":"taxable","11":"shipping-taxable","12":"purchasable","13":"product-type-simple"},"_links":{"self":[{"href":"https:\/\/r2-toys.com\/index.php\/wp-json\/wp\/v2\/product\/5074","targetHints":{"allow":["GET"]}}],"collection":[{"href":"https:\/\/r2-toys.com\/index.php\/wp-json\/wp\/v2\/product"}],"about":[{"href":"https:\/\/r2-toys.com\/index.php\/wp-json\/wp\/v2\/types\/product"}],"replies":[{"embeddable":true,"href":"https:\/\/r2-toys.com\/index.php\/wp-json\/wp\/v2\/comments?post=5074"}],"wp:featuredmedia":[{"embeddable":true,"href":"https:\/\/r2-toys.com\/index.php\/wp-json\/wp\/v2\/media\/5075"}],"wp:attachment":[{"href":"https:\/\/r2-toys.com\/index.php\/wp-json\/wp\/v2\/media?parent=5074"}],"wp:term":[{"taxonomy":"product_brand","embeddable":true,"href":"https:\/\/r2-toys.com\/index.php\/wp-json\/wp\/v2\/product_brand?post=5074"},{"taxonomy":"product_cat","embeddable":true,"href":"https:\/\/r2-toys.com\/index.php\/wp-json\/wp\/v2\/product_cat?post=5074"},{"taxonomy":"product_tag","embeddable":true,"href":"https:\/\/r2-toys.com\/index.php\/wp-json\/wp\/v2\/product_tag?post=5074"}],"curies":[{"name":"wp","href":"https:\/\/api.w.org\/{rel}","templated":true}]}}