{"id":5087,"date":"2022-10-10T05:24:40","date_gmt":"2022-10-09T23:24:40","guid":{"rendered":"https:\/\/r2-toys.com\/?post_type=product&#038;p=5087"},"modified":"2022-10-10T11:01:37","modified_gmt":"2022-10-10T05:01:37","slug":"marvel-spider-man-web-gear-traje-negro-y-rojo","status":"publish","type":"product","link":"https:\/\/r2-toys.com\/index.php\/product\/marvel-spider-man-web-gear-traje-negro-y-rojo\/","title":{"rendered":"Marvel Spider-man Web Gear Traje Negro Y Rojo"},"content":{"rendered":"<p><b>Marvel Spider-man Web Gear Traje Integrado Iron Spider<\/b><\/p>\n<p>INCLUYE EQUIPO AR\u00c1CNIDO (SOLO COMPATIBLE CON HOMBRE ARA\u00d1A): \u00a1Abre el empaque y revela el Equipo ar\u00e1cnido misterio! (El Equipo ar\u00e1cnido misterio solo es compatible con las distintas versiones del personaje Hombre Ara\u00f1a y no los dem\u00e1s personajes)<\/p>\n<p>TAMBI\u00c9N INCLUYE UN SEGUNDO ACCESORIO ESPEC\u00cdFICO DEL PERSONAJE: Cada figura del Hombre Ara\u00f1a Equipo ar\u00e1cnido misterio incluye un segundo accesorio espec\u00edfico del personaje que se fija en la mano de la figura<\/p>\n<p>FIGURA ARTICULADA A ESCALA DE 15 CM CON DISE\u00d1O INSPIRADO EN LA PEL\u00cdCULA.<\/p>\n<p>Edad recomendada: 3 a\u00f1os en adelante<\/p>\n<p>\u26a0\ufe0fADVERTENCIA: PELIGRO DE ASFIXIA &#8211; Piezas peque\u00f1as. No apto para ni\u00f1os menores de 3 a\u00f1os.<\/p>\n<p>Los productos Marvel son producidos por Hasbro bajo licencia de Marvel y Disney.<\/p>\n<p>Marvel, Hasbro y Disney as\u00ed todos los t\u00e9rminos relacionados son marcas registradas.<\/p>\n","protected":false},"excerpt":{"rendered":"<p><b>Marvel Spider-man Web Gear\u00a0<\/b><b>Traje Negro Y Rojo<\/b><\/p>\n","protected":false},"featured_media":5080,"comment_status":"open","ping_status":"closed","template":"","meta":[],"product_brand":[],"product_cat":[21],"product_tag":[],"class_list":{"0":"post-5087","1":"product","2":"type-product","3":"status-publish","4":"has-post-thumbnail","6":"product_cat-retro","8":"first","9":"instock","10":"taxable","11":"shipping-taxable","12":"purchasable","13":"product-type-simple"},"_links":{"self":[{"href":"https:\/\/r2-toys.com\/index.php\/wp-json\/wp\/v2\/product\/5087","targetHints":{"allow":["GET"]}}],"collection":[{"href":"https:\/\/r2-toys.com\/index.php\/wp-json\/wp\/v2\/product"}],"about":[{"href":"https:\/\/r2-toys.com\/index.php\/wp-json\/wp\/v2\/types\/product"}],"replies":[{"embeddable":true,"href":"https:\/\/r2-toys.com\/index.php\/wp-json\/wp\/v2\/comments?post=5087"}],"wp:featuredmedia":[{"embeddable":true,"href":"https:\/\/r2-toys.com\/index.php\/wp-json\/wp\/v2\/media\/5080"}],"wp:attachment":[{"href":"https:\/\/r2-toys.com\/index.php\/wp-json\/wp\/v2\/media?parent=5087"}],"wp:term":[{"taxonomy":"product_brand","embeddable":true,"href":"https:\/\/r2-toys.com\/index.php\/wp-json\/wp\/v2\/product_brand?post=5087"},{"taxonomy":"product_cat","embeddable":true,"href":"https:\/\/r2-toys.com\/index.php\/wp-json\/wp\/v2\/product_cat?post=5087"},{"taxonomy":"product_tag","embeddable":true,"href":"https:\/\/r2-toys.com\/index.php\/wp-json\/wp\/v2\/product_tag?post=5087"}],"curies":[{"name":"wp","href":"https:\/\/api.w.org\/{rel}","templated":true}]}}