{"id":510,"date":"2022-03-24T23:19:53","date_gmt":"2022-03-24T17:19:53","guid":{"rendered":"https:\/\/r2-toys.com\/?post_type=product&#038;p=510"},"modified":"2026-01-18T09:57:58","modified_gmt":"2026-01-18T03:57:58","slug":"stormtrooper-carbonized-grafito","status":"publish","type":"product","link":"https:\/\/r2-toys.com\/index.php\/product\/stormtrooper-carbonized-grafito\/","title":{"rendered":"Stormtrooper Carbonized (Grafito)"},"content":{"rendered":"<p>Los Stormtroopers son soldados de choque de \u00e9lite fan\u00e1ticamente leales al Imperio e imposibles de influir en la causa imperial.<\/p>\n<p>La figura de Stormtrooper Carbonized Collection de escala de 15 cm est\u00e1 cuidadosamente detallada para parecerse al personaje de Star Wars: The Empire Strikes Back, con detalles premium, m\u00faltiples puntos de articulaci\u00f3n y un acabado met\u00e1lico.<\/p>\n<p>Incluye: figura y accesorio.<\/p>\n<p>Los fan\u00e1ticos y coleccionistas pueden imaginar escenas de Star Wars Galaxy con este juguete Stormtrooper premium, inspirado en la pel\u00edcula Star Wars: The Empire Strikes Back.<\/p>\n<p>La colecci\u00f3n carbonizada de Star Wars The Black Series est\u00e1 tratada con un elegante acabado met\u00e1lico para una figura premium que realmente se destaca en la colecci\u00f3n de cualquier fan de Star Wars.<\/p>\n<p>Los fan\u00e1ticos y coleccionistas de Star Wars pueden exhibir esta figura altamente articulada (4 extremidades completamente articuladas), con decoraci\u00f3n premium, en su colecci\u00f3n de figuras de acci\u00f3n y veh\u00edculos.<\/p>\n<div>\n<p>\u26a0\ufe0f ADVERTENCIA: PELIGRO DE ASFIXIA &#8211; Piezas peque\u00f1as. No apto para ni\u00f1os menores de 4 a\u00f1os.<\/p>\n<\/div>\n<div>\n<p>Los productos Star Wars son producidos por Hasbro bajo licencia de Lucasfilm Ltd.<\/p>\n<\/div>\n<div>\n<p>Hasbro y todos los t\u00e9rminos relacionados son marcas registradas de Hasbro.<\/p>\n<\/div>\n","protected":false},"excerpt":{"rendered":"<p>Los Stormtroopers son soldados de choque de \u00e9lite fan\u00e1ticamente leales al Imperio e imposibles de influir en la causa imperial.<\/p>\n","protected":false},"featured_media":2585,"comment_status":"open","ping_status":"closed","template":"","meta":[],"product_brand":[],"product_cat":[28],"product_tag":[],"class_list":{"0":"post-510","1":"product","2":"type-product","3":"status-publish","4":"has-post-thumbnail","6":"product_cat-black-series","8":"first","9":"instock","10":"taxable","11":"shipping-taxable","12":"purchasable","13":"product-type-simple"},"_links":{"self":[{"href":"https:\/\/r2-toys.com\/index.php\/wp-json\/wp\/v2\/product\/510","targetHints":{"allow":["GET"]}}],"collection":[{"href":"https:\/\/r2-toys.com\/index.php\/wp-json\/wp\/v2\/product"}],"about":[{"href":"https:\/\/r2-toys.com\/index.php\/wp-json\/wp\/v2\/types\/product"}],"replies":[{"embeddable":true,"href":"https:\/\/r2-toys.com\/index.php\/wp-json\/wp\/v2\/comments?post=510"}],"wp:featuredmedia":[{"embeddable":true,"href":"https:\/\/r2-toys.com\/index.php\/wp-json\/wp\/v2\/media\/2585"}],"wp:attachment":[{"href":"https:\/\/r2-toys.com\/index.php\/wp-json\/wp\/v2\/media?parent=510"}],"wp:term":[{"taxonomy":"product_brand","embeddable":true,"href":"https:\/\/r2-toys.com\/index.php\/wp-json\/wp\/v2\/product_brand?post=510"},{"taxonomy":"product_cat","embeddable":true,"href":"https:\/\/r2-toys.com\/index.php\/wp-json\/wp\/v2\/product_cat?post=510"},{"taxonomy":"product_tag","embeddable":true,"href":"https:\/\/r2-toys.com\/index.php\/wp-json\/wp\/v2\/product_tag?post=510"}],"curies":[{"name":"wp","href":"https:\/\/api.w.org\/{rel}","templated":true}]}}