{"id":5100,"date":"2023-04-20T22:33:22","date_gmt":"2023-04-20T16:33:22","guid":{"rendered":"https:\/\/r2-toys.com\/?post_type=product&#038;p=5100"},"modified":"2023-04-20T22:34:17","modified_gmt":"2023-04-20T16:34:17","slug":"major-arnold-toht","status":"publish","type":"product","link":"https:\/\/r2-toys.com\/index.php\/product\/major-arnold-toht\/","title":{"rendered":"Major Arnold Toht"},"content":{"rendered":"<p>Un infame agente del mal, el Mayor Arnold Toht corre contra Indiana Jones para localizar el Arca de la Alianza perdida.<span class=\"Apple-converted-space\">\u00a0 <\/span>Las figuras incluyen piezas para<span class=\"Apple-converted-space\">\u00a0 <\/span>construir el Arca de la Alianza perdida.<\/p>\n<p>Figura de acci\u00f3n de 15cm, cuenta con m\u00faltiples puntos de articulaci\u00f3n, incluye 1 accesorio, 1 mano adicional, 1 cabeza adicional y 1 piezas para la construcci\u00f3n Arca de la Alianza perdida.<\/p>\n<p>Edad recomendada: 4 a\u00f1os en adelante<\/p>\n<p>\u26a0\ufe0fADVERTENCIA: PELIGRO DE ASFIXIA &#8211; Piezas peque\u00f1as. No apto para ni\u00f1os menores de 4 a\u00f1os.<\/p>\n<p>Los productos Indiana Jones Adventure son producidos por Hasbro bajo licencia de Lucasfilm Ltd.<\/p>\n<p>Hasbro y todos los t\u00e9rminos relacionados son marcas registradas de Hasbro y Lucasfilm Ltd.<\/p>\n","protected":false},"excerpt":{"rendered":"<p>Un infame agente del mal, el Mayor Arnold Toht corre contra Indiana Jones para localizar el Arca de la Alianza perdida.<span class=\"Apple-converted-space\">\u00a0 <\/span>Las figuras incluyen piezas para<span class=\"Apple-converted-space\">\u00a0 <\/span>construir el Arca de la Alianza perdida.<\/p>\n","protected":false},"featured_media":6100,"comment_status":"open","ping_status":"closed","template":"","meta":[],"product_brand":[],"product_cat":[21],"product_tag":[],"class_list":{"0":"post-5100","1":"product","2":"type-product","3":"status-publish","4":"has-post-thumbnail","6":"product_cat-retro","8":"first","9":"instock","10":"taxable","11":"shipping-taxable","12":"purchasable","13":"product-type-simple"},"_links":{"self":[{"href":"https:\/\/r2-toys.com\/index.php\/wp-json\/wp\/v2\/product\/5100","targetHints":{"allow":["GET"]}}],"collection":[{"href":"https:\/\/r2-toys.com\/index.php\/wp-json\/wp\/v2\/product"}],"about":[{"href":"https:\/\/r2-toys.com\/index.php\/wp-json\/wp\/v2\/types\/product"}],"replies":[{"embeddable":true,"href":"https:\/\/r2-toys.com\/index.php\/wp-json\/wp\/v2\/comments?post=5100"}],"wp:featuredmedia":[{"embeddable":true,"href":"https:\/\/r2-toys.com\/index.php\/wp-json\/wp\/v2\/media\/6100"}],"wp:attachment":[{"href":"https:\/\/r2-toys.com\/index.php\/wp-json\/wp\/v2\/media?parent=5100"}],"wp:term":[{"taxonomy":"product_brand","embeddable":true,"href":"https:\/\/r2-toys.com\/index.php\/wp-json\/wp\/v2\/product_brand?post=5100"},{"taxonomy":"product_cat","embeddable":true,"href":"https:\/\/r2-toys.com\/index.php\/wp-json\/wp\/v2\/product_cat?post=5100"},{"taxonomy":"product_tag","embeddable":true,"href":"https:\/\/r2-toys.com\/index.php\/wp-json\/wp\/v2\/product_tag?post=5100"}],"curies":[{"name":"wp","href":"https:\/\/api.w.org\/{rel}","templated":true}]}}