{"id":516,"date":"2022-04-01T02:25:16","date_gmt":"2022-03-31T20:25:16","guid":{"rendered":"https:\/\/r2-toys.com\/?post_type=product&#038;p=516"},"modified":"2026-01-02T07:29:24","modified_gmt":"2026-01-02T01:29:24","slug":"crosshair-the-bad-batch","status":"publish","type":"product","link":"https:\/\/r2-toys.com\/index.php\/product\/crosshair-the-bad-batch\/","title":{"rendered":"CROSSHAIR (THE BAD BATCH)"},"content":{"rendered":"<p>El Bad Batch, t\u00e9cnicamente conocido como Clone Force 99, es el resultado de experimentos kaminoanos para crear comandos clon especializados. Crosshair es el francotirador del equipo que muestra una precisi\u00f3n superior.<\/p>\n<p>La figura de la serie Black a escala de 6 pulgadas se detalla para parecerse al personaje Bad Batch Crosshair inspirado en Star Wars: The Clone Wars, con detalles premium y m\u00faltiples puntos de articulaci\u00f3n.<\/p>\n<p>Incluye: figura y 4 accesorios.<\/p>\n<p>Crosshair es el francotirador del equipo Bad Batch, cuya visi\u00f3n n\u00edtida le da una precisi\u00f3n superior y, como resultado, un aire de superioridad.<\/p>\n<p>Los fan\u00e1ticos y coleccionistas pueden imaginar escenas de Star Wars Galaxy con este juguete premium Bad Batch Crosshair, inspirado en la serie animada Star Wars: The Clone Wars.<\/p>\n<p>Esta figura de acci\u00f3n de Star Wars The Black Series viene con 4 accesorios inspirados en el entretenimiento que son excelentes adiciones a cualquier colecci\u00f3n de Star Wars.<\/p>\n<p>Los fan\u00e1ticos y coleccionistas de Star Wars pueden exhibir esta figura totalmente articulada y altamente articulada, con decoraci\u00f3n premium, en su figura de acci\u00f3n y colecci\u00f3n de veh\u00edculos.<\/p>\n<p>Busque figuras de Star Wars The Black Series inspiradas en pel\u00edculas y entretenimiento para construir una galaxia de Star Wars (cada una se vende por separado. Sujeto a disponibilidad).<\/p>\n<div>\n<p>Edad recomendada: 4 a\u00f1os en adelante<\/p>\n<\/div>\n<div>\n<p>\u26a0\ufe0f ADVERTENCIA: PELIGRO DE ASFIXIA &#8211; Piezas peque\u00f1as. No apto para ni\u00f1os menores de 4 a\u00f1os.<\/p>\n<\/div>\n<div>\n<p>Los juguetes de Hasbro de la L\u00ednea Star Wars Black Series son productos originales que traer\u00e1n horas de diversi\u00f3n a chicos y grandes, adem\u00e1s cuentan con licencias oficiales<\/p>\n<\/div>\n<div>\n<p>Los productos de Star Wars son producidos por Hasbro bajo licencia de Lucasfilm Ltd.<\/p>\n<\/div>\n","protected":false},"excerpt":{"rendered":"<p>El Bad Batch, t\u00e9cnicamente conocido como Clone Force 99, es el resultado de experimentos kaminoanos para crear comandos clon especializados. Crosshair es el francotirador del equipo que muestra una precisi\u00f3n superior.<\/p>\n","protected":false},"featured_media":4163,"comment_status":"open","ping_status":"closed","template":"","meta":[],"product_brand":[],"product_cat":[28],"product_tag":[],"class_list":{"0":"post-516","1":"product","2":"type-product","3":"status-publish","4":"has-post-thumbnail","6":"product_cat-black-series","8":"first","9":"instock","10":"taxable","11":"shipping-taxable","12":"purchasable","13":"product-type-simple"},"_links":{"self":[{"href":"https:\/\/r2-toys.com\/index.php\/wp-json\/wp\/v2\/product\/516","targetHints":{"allow":["GET"]}}],"collection":[{"href":"https:\/\/r2-toys.com\/index.php\/wp-json\/wp\/v2\/product"}],"about":[{"href":"https:\/\/r2-toys.com\/index.php\/wp-json\/wp\/v2\/types\/product"}],"replies":[{"embeddable":true,"href":"https:\/\/r2-toys.com\/index.php\/wp-json\/wp\/v2\/comments?post=516"}],"wp:featuredmedia":[{"embeddable":true,"href":"https:\/\/r2-toys.com\/index.php\/wp-json\/wp\/v2\/media\/4163"}],"wp:attachment":[{"href":"https:\/\/r2-toys.com\/index.php\/wp-json\/wp\/v2\/media?parent=516"}],"wp:term":[{"taxonomy":"product_brand","embeddable":true,"href":"https:\/\/r2-toys.com\/index.php\/wp-json\/wp\/v2\/product_brand?post=516"},{"taxonomy":"product_cat","embeddable":true,"href":"https:\/\/r2-toys.com\/index.php\/wp-json\/wp\/v2\/product_cat?post=516"},{"taxonomy":"product_tag","embeddable":true,"href":"https:\/\/r2-toys.com\/index.php\/wp-json\/wp\/v2\/product_tag?post=516"}],"curies":[{"name":"wp","href":"https:\/\/api.w.org\/{rel}","templated":true}]}}