{"id":5167,"date":"2022-11-08T20:00:33","date_gmt":"2022-11-08T14:00:33","guid":{"rendered":"https:\/\/r2-toys.com\/?post_type=product&#038;p=5167"},"modified":"2022-11-08T20:00:33","modified_gmt":"2022-11-08T14:00:33","slug":"wally-west-the-flash","status":"publish","type":"product","link":"https:\/\/r2-toys.com\/index.php\/product\/wally-west-the-flash\/","title":{"rendered":"Wally West The Flash"},"content":{"rendered":"<p>Mientras visitaba el laboratorio de su futuro t\u00edo, Barry Allen, el joven Wally West qued\u00f3 atrapado en un extra\u00f1o accidente electroqu\u00edmico que le dio los superpoderes de la Fuerza de Velocidad, la energ\u00eda extradimensional. Wally luego se convirti\u00f3 en el protegido de The Flash, Kid Flash, y finalmente asumi\u00f3 el manto de The Flash despu\u00e9s de que Barry se sacrificara para salvar el universo en Crisis on Infinite Earths. Pero, en los a\u00f1os posteriores, Wally se encontr\u00f3 atrapado fuera del tiempo y el espacio despu\u00e9s de otro evento a nivel de crisis. \u00a1Al final, Wally pudo liberarse de esta nada y volver a casa para convertirse en The Flash.<\/p>\n<p>Esta figura de 17cm cuenta con m\u00e1s de 22 articulaciones, Wally West viene con 6 piezas de rel\u00e1mpago de fuerza de velocidad acoplable y una base.<\/p>\n<p>Incluye tarjeta de arte coleccionable<span class=\"Apple-converted-space\">\u00a0 <\/span>en la parte delantera y biograf\u00eda del personaje en la parte posterior<\/p>\n<p>Edad recomendada: 12 a\u00f1os en adelante<\/p>\n<p>\u26a0\ufe0fADVERTENCIA: PELIGRO DE ASFIXIA &#8211; Piezas peque\u00f1as. No apto para ni\u00f1os menores de 12 a\u00f1os.<\/p>\n<p>Los productos son producidos por McFarlane bajo licencia de DC comics.<\/p>\n<p>McFarlane, DC Comics y<span class=\"Apple-converted-space\">\u00a0 <\/span>todos los t\u00e9rminos relacionados son marcas registradas de Mc Farlane y DC Comics.<\/p>\n","protected":false},"excerpt":{"rendered":"<p>Mientras visitaba el laboratorio de su futuro t\u00edo, Barry Allen, el joven Wally West qued\u00f3 atrapado en un extra\u00f1o accidente electroqu\u00edmico que le dio los superpoderes de la Fuerza de Velocidad, la energ\u00eda extradimensional. Wally luego se convirti\u00f3 en el protegido de The Flash, Kid Flash, y finalmente asumi\u00f3 el manto de The Flash despu\u00e9s de que Barry se sacrificara para salvar el universo en Crisis on Infinite Earths. Pero, en los a\u00f1os posteriores, Wally se encontr\u00f3 atrapado fuera del tiempo y el espacio despu\u00e9s de otro evento a nivel de crisis. \u00a1Al final, Wally pudo liberarse de esta nada y volver a casa para convertirse en The Flash.<\/p>\n","protected":false},"featured_media":5110,"comment_status":"open","ping_status":"closed","template":"","meta":[],"product_brand":[],"product_cat":[21],"product_tag":[],"class_list":{"0":"post-5167","1":"product","2":"type-product","3":"status-publish","4":"has-post-thumbnail","6":"product_cat-retro","8":"first","9":"instock","10":"taxable","11":"shipping-taxable","12":"purchasable","13":"product-type-simple"},"_links":{"self":[{"href":"https:\/\/r2-toys.com\/index.php\/wp-json\/wp\/v2\/product\/5167","targetHints":{"allow":["GET"]}}],"collection":[{"href":"https:\/\/r2-toys.com\/index.php\/wp-json\/wp\/v2\/product"}],"about":[{"href":"https:\/\/r2-toys.com\/index.php\/wp-json\/wp\/v2\/types\/product"}],"replies":[{"embeddable":true,"href":"https:\/\/r2-toys.com\/index.php\/wp-json\/wp\/v2\/comments?post=5167"}],"wp:featuredmedia":[{"embeddable":true,"href":"https:\/\/r2-toys.com\/index.php\/wp-json\/wp\/v2\/media\/5110"}],"wp:attachment":[{"href":"https:\/\/r2-toys.com\/index.php\/wp-json\/wp\/v2\/media?parent=5167"}],"wp:term":[{"taxonomy":"product_brand","embeddable":true,"href":"https:\/\/r2-toys.com\/index.php\/wp-json\/wp\/v2\/product_brand?post=5167"},{"taxonomy":"product_cat","embeddable":true,"href":"https:\/\/r2-toys.com\/index.php\/wp-json\/wp\/v2\/product_cat?post=5167"},{"taxonomy":"product_tag","embeddable":true,"href":"https:\/\/r2-toys.com\/index.php\/wp-json\/wp\/v2\/product_tag?post=5167"}],"curies":[{"name":"wp","href":"https:\/\/api.w.org\/{rel}","templated":true}]}}