{"id":5168,"date":"2022-11-08T20:06:30","date_gmt":"2022-11-08T14:06:30","guid":{"rendered":"https:\/\/r2-toys.com\/?post_type=product&#038;p=5168"},"modified":"2024-08-14T12:42:26","modified_gmt":"2024-08-14T06:42:26","slug":"merrin-nightsister-553","status":"publish","type":"product","link":"https:\/\/r2-toys.com\/index.php\/product\/merrin-nightsister-553\/","title":{"rendered":"MERRIN (Nightsister) 553"},"content":{"rendered":"<p>Nightsister Dathomirian que vivi\u00f3 en su mundo natal de Dathomir durante la Era Imperial. Sobreviviente de la masacre de las Hermanas Nocturnas del General Grievous durante las Guerras Clon, Merrin se encontr\u00f3 con el Maestro Jedi Taron Malicos, que se estrell\u00f3 en Dathomir despu\u00e9s de la Orden 66.<\/p>\n<p>Desde 1977 la saga de Star Wars ha sido un movimiento revolucionario de la cultura pop generaci\u00f3n tras generaci\u00f3n, reclutando fans y seguidores, creando para ellos diversas producciones del amplio universo. Gracias a FunkoPop podemos tener incre\u00edbles figuras de tus personajes favoritos con incre\u00edbles dise\u00f1os.<\/p>\n<p>Altura aproximada de 11 cm<\/p>\n<p>Empaque con ventana para su exhibici\u00f3n<span class=\"Apple-converted-space\">\u00a0<\/span><\/p>\n<p>Fabricados en Vinyl<\/p>\n<p>Edad recomendada: 4 a\u00f1os en adelante<\/p>\n<p>\u26a0\ufe0fADVERTENCIA: PELIGRO DE ASFIXIA &#8211; Piezas peque\u00f1as. No apto para ni\u00f1os menores de 4 a\u00f1os.<\/p>\n<p>Los productos Star Wars son producidos por FUNKO bajo licencia de Lucasfilm Ltd. y Disney<\/p>\n<p>FUNKO, Gamestop y todos los t\u00e9rminos relacionados son marcas registradas de Funko y Gamestop.<\/p>\n","protected":false},"excerpt":{"rendered":"<p>Nightsister Dathomirian que vivi\u00f3 en su mundo natal de Dathomir durante la Era Imperial. Sobreviviente de la masacre de las Hermanas Nocturnas del General Grievous durante las Guerras Clon, Merrin se encontr\u00f3 con el Maestro Jedi Taron Malicos, que se estrell\u00f3 en Dathomir despu\u00e9s de la Orden 66.<\/p>\n","protected":false},"featured_media":5140,"comment_status":"open","ping_status":"closed","template":"","meta":[],"product_brand":[],"product_cat":[20],"product_tag":[],"class_list":{"0":"post-5168","1":"product","2":"type-product","3":"status-publish","4":"has-post-thumbnail","6":"product_cat-funko1","8":"first","9":"instock","10":"taxable","11":"shipping-taxable","12":"purchasable","13":"product-type-simple"},"_links":{"self":[{"href":"https:\/\/r2-toys.com\/index.php\/wp-json\/wp\/v2\/product\/5168","targetHints":{"allow":["GET"]}}],"collection":[{"href":"https:\/\/r2-toys.com\/index.php\/wp-json\/wp\/v2\/product"}],"about":[{"href":"https:\/\/r2-toys.com\/index.php\/wp-json\/wp\/v2\/types\/product"}],"replies":[{"embeddable":true,"href":"https:\/\/r2-toys.com\/index.php\/wp-json\/wp\/v2\/comments?post=5168"}],"wp:featuredmedia":[{"embeddable":true,"href":"https:\/\/r2-toys.com\/index.php\/wp-json\/wp\/v2\/media\/5140"}],"wp:attachment":[{"href":"https:\/\/r2-toys.com\/index.php\/wp-json\/wp\/v2\/media?parent=5168"}],"wp:term":[{"taxonomy":"product_brand","embeddable":true,"href":"https:\/\/r2-toys.com\/index.php\/wp-json\/wp\/v2\/product_brand?post=5168"},{"taxonomy":"product_cat","embeddable":true,"href":"https:\/\/r2-toys.com\/index.php\/wp-json\/wp\/v2\/product_cat?post=5168"},{"taxonomy":"product_tag","embeddable":true,"href":"https:\/\/r2-toys.com\/index.php\/wp-json\/wp\/v2\/product_tag?post=5168"}],"curies":[{"name":"wp","href":"https:\/\/api.w.org\/{rel}","templated":true}]}}