{"id":5169,"date":"2022-11-08T20:13:45","date_gmt":"2022-11-08T14:13:45","guid":{"rendered":"https:\/\/r2-toys.com\/?post_type=product&#038;p=5169"},"modified":"2024-03-04T05:25:30","modified_gmt":"2024-03-03T23:25:30","slug":"gambit-animated-series","status":"publish","type":"product","link":"https:\/\/r2-toys.com\/index.php\/product\/gambit-animated-series\/","title":{"rendered":"Gambit Animated Series"},"content":{"rendered":"<p>\u00a1Gambito tiene la capacidad de cargar mentalmente objetos con energ\u00eda cin\u00e9tica explosiva! Remy LeBeau conf\u00eda en sus habilidades superiores de lanzamiento de cartas y en sus reflejos ultrarr\u00e1pidos para cambiar el rumbo de la batalla a favor de los X-Men.<\/p>\n<p>Esta figura de 12cm cuenta con articulaciones, escultura y pintura premium. Incluye 4 accesorios ic\u00f3nicos del personaje.<\/p>\n<p>Edad recomendada: 4 a\u00f1os en adelante<\/p>\n<p>\u26a0\ufe0f ADVERTENCIA: PELIGRO DE ASFIXIA \u2013 Piezas peque\u00f1as. No apto para ni\u00f1os menores de 4 a\u00f1os.<\/p>\n<p>Los productos son producidos por Hasbro bajo licencia de Marvel<\/p>\n<p>Hasbro, Marvel y<span class=\"Apple-converted-space\">\u00a0 <\/span>todos los t\u00e9rminos relacionados son marcas registradas de Hasbro y Marvel.<\/p>\n","protected":false},"excerpt":{"rendered":"<p>\u00a1Gambito tiene la capacidad de cargar mentalmente objetos con energ\u00eda cin\u00e9tica explosiva! Remy LeBeau conf\u00eda en sus habilidades superiores de lanzamiento de cartas y en sus reflejos ultrarr\u00e1pidos para cambiar el rumbo de la batalla a favor de los X-Men.<\/p>\n","protected":false},"featured_media":5121,"comment_status":"open","ping_status":"closed","template":"","meta":[],"product_brand":[],"product_cat":[21],"product_tag":[],"class_list":{"0":"post-5169","1":"product","2":"type-product","3":"status-publish","4":"has-post-thumbnail","6":"product_cat-retro","8":"first","9":"outofstock","10":"taxable","11":"shipping-taxable","12":"purchasable","13":"product-type-simple"},"_links":{"self":[{"href":"https:\/\/r2-toys.com\/index.php\/wp-json\/wp\/v2\/product\/5169","targetHints":{"allow":["GET"]}}],"collection":[{"href":"https:\/\/r2-toys.com\/index.php\/wp-json\/wp\/v2\/product"}],"about":[{"href":"https:\/\/r2-toys.com\/index.php\/wp-json\/wp\/v2\/types\/product"}],"replies":[{"embeddable":true,"href":"https:\/\/r2-toys.com\/index.php\/wp-json\/wp\/v2\/comments?post=5169"}],"wp:featuredmedia":[{"embeddable":true,"href":"https:\/\/r2-toys.com\/index.php\/wp-json\/wp\/v2\/media\/5121"}],"wp:attachment":[{"href":"https:\/\/r2-toys.com\/index.php\/wp-json\/wp\/v2\/media?parent=5169"}],"wp:term":[{"taxonomy":"product_brand","embeddable":true,"href":"https:\/\/r2-toys.com\/index.php\/wp-json\/wp\/v2\/product_brand?post=5169"},{"taxonomy":"product_cat","embeddable":true,"href":"https:\/\/r2-toys.com\/index.php\/wp-json\/wp\/v2\/product_cat?post=5169"},{"taxonomy":"product_tag","embeddable":true,"href":"https:\/\/r2-toys.com\/index.php\/wp-json\/wp\/v2\/product_tag?post=5169"}],"curies":[{"name":"wp","href":"https:\/\/api.w.org\/{rel}","templated":true}]}}