{"id":5170,"date":"2022-11-08T20:18:09","date_gmt":"2022-11-08T14:18:09","guid":{"rendered":"https:\/\/r2-toys.com\/?post_type=product&#038;p=5170"},"modified":"2023-05-03T05:56:27","modified_gmt":"2023-05-02T23:56:27","slug":"jyn-erso-555-exclusivo","status":"publish","type":"product","link":"https:\/\/r2-toys.com\/index.php\/product\/jyn-erso-555-exclusivo\/","title":{"rendered":"JYN ERSO\u00a0 555 Exclusivo"},"content":{"rendered":"<p>Dejando atr\u00e1s un pasado accidentado al prestar sus habilidades a una causa mayor, Jyn Erso es impetuosa, desafiante y ansiosa por llevar la batalla al Imperio. Acostumbrada a operar sola, encuentra un prop\u00f3sito superior al asumir una misi\u00f3n desesperada para la Alianza Rebelde.<\/p>\n<p>Desde 1977 la saga de Star Wars ha sido un movimiento revolucionario de la cultura pop generaci\u00f3n tras generaci\u00f3n, reclutando fans y seguidores, creando para ellos diversas producciones del amplio universo. Gracias a FunkoPop podemos tener incre\u00edbles figuras de tus personajes favoritos con incre\u00edbles dise\u00f1os.<\/p>\n<p>Altura aproximada de 11 cm<\/p>\n<p>Empaque con ventana para su exhibici\u00f3n<\/p>\n<p>Fabricados en Vinyl<\/p>\n<p>Edad recomendada: 4 a\u00f1os en adelante<\/p>\n<p>\u26a0\ufe0fADVERTENCIA: PELIGRO DE ASFIXIA &#8211; Piezas peque\u00f1as. No apto para ni\u00f1os menores de 4 a\u00f1os.<\/p>\n<p>Los productos Star Wars son producidos por FUNKO bajo licencia de Lucasfilm Ltd. y Disney<\/p>\n<p>FUNKO, Amzon y todos los t\u00e9rminos relacionados son marcas registradas Funko y Amazon.<\/p>\n","protected":false},"excerpt":{"rendered":"<p>Dejando atr\u00e1s un pasado accidentado al prestar sus habilidades a una causa mayor, Jyn Erso es impetuosa, desafiante y ansiosa por llevar la batalla al Imperio. Acostumbrada a operar sola, encuentra un prop\u00f3sito superior al asumir una misi\u00f3n desesperada para la Alianza Rebelde.<\/p>\n<p>&nbsp;<\/p>\n","protected":false},"featured_media":5143,"comment_status":"open","ping_status":"closed","template":"","meta":[],"product_brand":[],"product_cat":[20,19],"product_tag":[],"class_list":{"0":"post-5170","1":"product","2":"type-product","3":"status-publish","4":"has-post-thumbnail","6":"product_cat-funko1","7":"product_cat-star-wars","9":"first","10":"instock","11":"taxable","12":"shipping-taxable","13":"purchasable","14":"product-type-simple"},"_links":{"self":[{"href":"https:\/\/r2-toys.com\/index.php\/wp-json\/wp\/v2\/product\/5170","targetHints":{"allow":["GET"]}}],"collection":[{"href":"https:\/\/r2-toys.com\/index.php\/wp-json\/wp\/v2\/product"}],"about":[{"href":"https:\/\/r2-toys.com\/index.php\/wp-json\/wp\/v2\/types\/product"}],"replies":[{"embeddable":true,"href":"https:\/\/r2-toys.com\/index.php\/wp-json\/wp\/v2\/comments?post=5170"}],"wp:featuredmedia":[{"embeddable":true,"href":"https:\/\/r2-toys.com\/index.php\/wp-json\/wp\/v2\/media\/5143"}],"wp:attachment":[{"href":"https:\/\/r2-toys.com\/index.php\/wp-json\/wp\/v2\/media?parent=5170"}],"wp:term":[{"taxonomy":"product_brand","embeddable":true,"href":"https:\/\/r2-toys.com\/index.php\/wp-json\/wp\/v2\/product_brand?post=5170"},{"taxonomy":"product_cat","embeddable":true,"href":"https:\/\/r2-toys.com\/index.php\/wp-json\/wp\/v2\/product_cat?post=5170"},{"taxonomy":"product_tag","embeddable":true,"href":"https:\/\/r2-toys.com\/index.php\/wp-json\/wp\/v2\/product_tag?post=5170"}],"curies":[{"name":"wp","href":"https:\/\/api.w.org\/{rel}","templated":true}]}}