{"id":5172,"date":"2022-11-08T22:06:25","date_gmt":"2022-11-08T16:06:25","guid":{"rendered":"https:\/\/r2-toys.com\/?post_type=product&#038;p=5172"},"modified":"2023-05-23T03:21:45","modified_gmt":"2023-05-22T21:21:45","slug":"darth-revan-2","status":"publish","type":"product","link":"https:\/\/r2-toys.com\/index.php\/product\/darth-revan-2\/","title":{"rendered":"Darth Revan"},"content":{"rendered":"<p>Fue un antiguo Lord Sith, quien era el hom\u00f3nimo de la \u00abLegi\u00f3n Revan\u00bb, la 3.\u00aa Legi\u00f3n de los soldados Sith del Sith Eterno de Darth Sidious. Debido a que la historia de los sith estaba escondida del resto de la galaxia, solo los cultistas del Sith Eterno conoc\u00edan el significado del nombre.<\/p>\n<p>H\u00e9roe, traidor, conquistador, villano, salvador: Revan ha desempe\u00f1ado todos estos roles y m\u00e1s. De la famosa serie Knights of the Old Republic.<\/p>\n<p>Figura de acci\u00f3n de 15cm, cuenta con m\u00faltiples puntos de articulaci\u00f3n y accesorios de combate.<\/p>\n<p>Edad recomendada: 4 a\u00f1os en adelante<\/p>\n<p>\u26a0\ufe0fADVERTENCIA: PELIGRO DE ASFIXIA &#8211; Piezas peque\u00f1as. No apto para ni\u00f1os menores de 4 a\u00f1os.<\/p>\n<p>Los productos Star Wars son producidos por Hasbro bajo licencia de Lucasfilm Ltd.<\/p>\n<p>Hasbro y todos los t\u00e9rminos relacionados son marcas registradas de Hasbro.<\/p>\n","protected":false},"excerpt":{"rendered":"<p>Fue un antiguo Lord Sith, quien era el hom\u00f3nimo de la \u00abLegi\u00f3n Revan\u00bb, la 3.\u00aa Legi\u00f3n de los soldados Sith del Sith Eterno de Darth Sidious. Debido a que la historia de los sith estaba escondida del resto de la galaxia, solo los cultistas del Sith Eterno conoc\u00edan el significado del nombre.<\/p>\n","protected":false},"featured_media":5192,"comment_status":"open","ping_status":"closed","template":"","meta":[],"product_brand":[],"product_cat":[28],"product_tag":[],"class_list":{"0":"post-5172","1":"product","2":"type-product","3":"status-publish","4":"has-post-thumbnail","6":"product_cat-black-series","8":"first","9":"outofstock","10":"taxable","11":"shipping-taxable","12":"purchasable","13":"product-type-simple"},"_links":{"self":[{"href":"https:\/\/r2-toys.com\/index.php\/wp-json\/wp\/v2\/product\/5172","targetHints":{"allow":["GET"]}}],"collection":[{"href":"https:\/\/r2-toys.com\/index.php\/wp-json\/wp\/v2\/product"}],"about":[{"href":"https:\/\/r2-toys.com\/index.php\/wp-json\/wp\/v2\/types\/product"}],"replies":[{"embeddable":true,"href":"https:\/\/r2-toys.com\/index.php\/wp-json\/wp\/v2\/comments?post=5172"}],"wp:featuredmedia":[{"embeddable":true,"href":"https:\/\/r2-toys.com\/index.php\/wp-json\/wp\/v2\/media\/5192"}],"wp:attachment":[{"href":"https:\/\/r2-toys.com\/index.php\/wp-json\/wp\/v2\/media?parent=5172"}],"wp:term":[{"taxonomy":"product_brand","embeddable":true,"href":"https:\/\/r2-toys.com\/index.php\/wp-json\/wp\/v2\/product_brand?post=5172"},{"taxonomy":"product_cat","embeddable":true,"href":"https:\/\/r2-toys.com\/index.php\/wp-json\/wp\/v2\/product_cat?post=5172"},{"taxonomy":"product_tag","embeddable":true,"href":"https:\/\/r2-toys.com\/index.php\/wp-json\/wp\/v2\/product_tag?post=5172"}],"curies":[{"name":"wp","href":"https:\/\/api.w.org\/{rel}","templated":true}]}}