{"id":5173,"date":"2022-11-08T22:04:59","date_gmt":"2022-11-08T16:04:59","guid":{"rendered":"https:\/\/r2-toys.com\/?post_type=product&#038;p=5173"},"modified":"2026-01-20T23:57:31","modified_gmt":"2026-01-20T17:57:31","slug":"wookiee-holiday-edition","status":"publish","type":"product","link":"https:\/\/r2-toys.com\/index.php\/product\/wookiee-holiday-edition\/","title":{"rendered":"Wookiee (Holiday Edition)\u00a0"},"content":{"rendered":"<p>Gigantes peludos como Chewbacca de un mundo arb\u00f3reo, la alta y dominante especie de Wookiee es una vista impresionante incluso para el espaciador m\u00e1s cansado. La lealtad y la valent\u00eda son principios casi sagrados en la sociedad Wookiee.<\/p>\n<p>Figura de acci\u00f3n de 15cm, cuenta con m\u00faltiples puntos de articulaci\u00f3n y accesorios de combate.<\/p>\n<p>Edad recomendada: 4 a\u00f1os en adelante<\/p>\n<p>\u26a0\ufe0fADVERTENCIA: PELIGRO DE ASFIXIA &#8211; Piezas peque\u00f1as. No apto para ni\u00f1os menores de 4 a\u00f1os.<\/p>\n<p>Los productos Star Wars son producidos por Hasbro bajo licencia de Lucasfilm Ltd.<\/p>\n<p>Hasbro y todos los t\u00e9rminos relacionados son marcas registradas de Hasbro.<\/p>\n","protected":false},"excerpt":{"rendered":"<p>Gigantes peludos como Chewbacca de un mundo arb\u00f3reo, la alta y dominante especie de Wookiee es una vista impresionante incluso para el espaciador m\u00e1s cansado. La lealtad y la valent\u00eda son principios casi sagrados en la sociedad Wookiee.<\/p>\n","protected":false},"featured_media":5183,"comment_status":"open","ping_status":"closed","template":"","meta":[],"product_brand":[],"product_cat":[28],"product_tag":[],"class_list":{"0":"post-5173","1":"product","2":"type-product","3":"status-publish","4":"has-post-thumbnail","6":"product_cat-black-series","8":"first","9":"outofstock","10":"taxable","11":"shipping-taxable","12":"purchasable","13":"product-type-simple"},"_links":{"self":[{"href":"https:\/\/r2-toys.com\/index.php\/wp-json\/wp\/v2\/product\/5173","targetHints":{"allow":["GET"]}}],"collection":[{"href":"https:\/\/r2-toys.com\/index.php\/wp-json\/wp\/v2\/product"}],"about":[{"href":"https:\/\/r2-toys.com\/index.php\/wp-json\/wp\/v2\/types\/product"}],"replies":[{"embeddable":true,"href":"https:\/\/r2-toys.com\/index.php\/wp-json\/wp\/v2\/comments?post=5173"}],"wp:featuredmedia":[{"embeddable":true,"href":"https:\/\/r2-toys.com\/index.php\/wp-json\/wp\/v2\/media\/5183"}],"wp:attachment":[{"href":"https:\/\/r2-toys.com\/index.php\/wp-json\/wp\/v2\/media?parent=5173"}],"wp:term":[{"taxonomy":"product_brand","embeddable":true,"href":"https:\/\/r2-toys.com\/index.php\/wp-json\/wp\/v2\/product_brand?post=5173"},{"taxonomy":"product_cat","embeddable":true,"href":"https:\/\/r2-toys.com\/index.php\/wp-json\/wp\/v2\/product_cat?post=5173"},{"taxonomy":"product_tag","embeddable":true,"href":"https:\/\/r2-toys.com\/index.php\/wp-json\/wp\/v2\/product_tag?post=5173"}],"curies":[{"name":"wp","href":"https:\/\/api.w.org\/{rel}","templated":true}]}}