{"id":5177,"date":"2022-11-08T22:03:21","date_gmt":"2022-11-08T16:03:21","guid":{"rendered":"https:\/\/r2-toys.com\/?post_type=product&#038;p=5177"},"modified":"2025-05-31T09:08:37","modified_gmt":"2025-05-31T03:08:37","slug":"speeder-mystery-micro-galaxy-squadron","status":"publish","type":"product","link":"https:\/\/r2-toys.com\/index.php\/product\/speeder-mystery-micro-galaxy-squadron\/","title":{"rendered":"Speeder Mystery Micro Galaxy Squadron"},"content":{"rendered":"<p>Cada caja misteriosa cuenta con un ic\u00f3nico veh\u00edculo de Star Wars y una micro figura de acci\u00f3n articulada de 2,5 cm, compatible con cualquier veh\u00edculo del Escuadr\u00f3n de Micro Galaxias de Star Wars, y lista para la acci\u00f3n o exhibici\u00f3n en el soporte de vuelo incluido.<\/p>\n<p>Son 5 figuras y veh\u00edculos de la clase Scout! El conjunto de misterio Speeder incluye las siguientes miniaturas coleccionables: Mandalorian Speeder Bike, Bloodfin Speeder, Endor Speeder Bike, T-85 Speeder Bike o un AT-RT.<\/p>\n<p>Edad recomendada: 3 a\u00f1os en adelante<\/p>\n<p>\u26a0\ufe0fADVERTENCIA: PELIGRO DE ASFIXIA &#8211; Piezas peque\u00f1as. No apto para ni\u00f1os menores de 3 a\u00f1os.<\/p>\n<p>Los productos Star Wars son producidos por Jazwares LLC bajo licencia de Lucasfilm Ltd y Disney.<\/p>\n<p>Jazwares LLC y todos los t\u00e9rminos relacionados son marcas registradas de Jazwares.<\/p>\n","protected":false},"excerpt":{"rendered":"<p>Cada caja misteriosa cuenta con un ic\u00f3nico veh\u00edculo de Star Wars y una micro figura de acci\u00f3n articulada de 2,5 cm, compatible con cualquier veh\u00edculo del Escuadr\u00f3n de Micro Galaxias de Star Wars, y lista para la acci\u00f3n o exhibici\u00f3n en el soporte de vuelo incluido.<\/p>\n","protected":false},"featured_media":5198,"comment_status":"open","ping_status":"closed","template":"","meta":[],"product_brand":[],"product_cat":[19],"product_tag":[],"class_list":{"0":"post-5177","1":"product","2":"type-product","3":"status-publish","4":"has-post-thumbnail","6":"product_cat-star-wars","8":"first","9":"instock","10":"taxable","11":"shipping-taxable","12":"purchasable","13":"product-type-simple"},"_links":{"self":[{"href":"https:\/\/r2-toys.com\/index.php\/wp-json\/wp\/v2\/product\/5177","targetHints":{"allow":["GET"]}}],"collection":[{"href":"https:\/\/r2-toys.com\/index.php\/wp-json\/wp\/v2\/product"}],"about":[{"href":"https:\/\/r2-toys.com\/index.php\/wp-json\/wp\/v2\/types\/product"}],"replies":[{"embeddable":true,"href":"https:\/\/r2-toys.com\/index.php\/wp-json\/wp\/v2\/comments?post=5177"}],"wp:featuredmedia":[{"embeddable":true,"href":"https:\/\/r2-toys.com\/index.php\/wp-json\/wp\/v2\/media\/5198"}],"wp:attachment":[{"href":"https:\/\/r2-toys.com\/index.php\/wp-json\/wp\/v2\/media?parent=5177"}],"wp:term":[{"taxonomy":"product_brand","embeddable":true,"href":"https:\/\/r2-toys.com\/index.php\/wp-json\/wp\/v2\/product_brand?post=5177"},{"taxonomy":"product_cat","embeddable":true,"href":"https:\/\/r2-toys.com\/index.php\/wp-json\/wp\/v2\/product_cat?post=5177"},{"taxonomy":"product_tag","embeddable":true,"href":"https:\/\/r2-toys.com\/index.php\/wp-json\/wp\/v2\/product_tag?post=5177"}],"curies":[{"name":"wp","href":"https:\/\/api.w.org\/{rel}","templated":true}]}}