{"id":519,"date":"2022-03-24T06:58:30","date_gmt":"2022-03-24T00:58:30","guid":{"rendered":"https:\/\/r2-toys.com\/?post_type=product&#038;p=519"},"modified":"2026-01-03T04:09:24","modified_gmt":"2026-01-02T22:09:24","slug":"elite-squad-trooper-the-bad-batch","status":"publish","type":"product","link":"https:\/\/r2-toys.com\/index.php\/product\/elite-squad-trooper-the-bad-batch\/","title":{"rendered":"Elite Squad Trooper (The Bad Batch)"},"content":{"rendered":"<p>Despu\u00e9s de la formaci\u00f3n del Imperio Gal\u00e1ctico, un peque\u00f1o grupo de reclutas alistados altamente capacitados tiene la tarea de neutralizar a los insurgentes anti-imperiales en toda la galaxia.<\/p>\n<p>La figura de la serie Black a escala de 6 pulgadas se detalla para parecerse al personaje Elite Squad Trooper de Star Wars: The Bad Batch, con detalles premium y m\u00faltiples puntos de articulaci\u00f3n.<\/p>\n<p>Incluye: figura y accesorio.<\/p>\n<p>Despu\u00e9s de la formaci\u00f3n del Imperio Gal\u00e1ctico, un peque\u00f1o grupo de reclutas alistados altamente capacitados tiene la tarea de neutralizar a los insurgentes anti-imperiales en toda la galaxia.<\/p>\n<p>Los fan\u00e1ticos y coleccionistas pueden imaginar escenas de Star Wars Galaxy con este juguete premium Elite Squad Trooper, inspirado en la serie animada Star Wars: The Bad Batch en Disney Plus.<\/p>\n<p>Esta figura de acci\u00f3n de Star Wars The Black Series viene con un accesorio inspirado en el entretenimiento que es una gran adici\u00f3n a cualquier colecci\u00f3n de Star Wars.<\/p>\n<div>\n<p>Edad recomendada: 4 a\u00f1os en adelante<\/p>\n<\/div>\n<div>\n<p>\u26a0\ufe0f ADVERTENCIA: PELIGRO DE ASFIXIA &#8211; Piezas peque\u00f1as. No apto para ni\u00f1os menores de 4 a\u00f1os.<\/p>\n<\/div>\n<div>\n<p>Los juguetes de Hasbro de la L\u00ednea Star Wars Black Series son productos originales que traer\u00e1n horas de diversi\u00f3n a chicos y grandes, adem\u00e1s cuentan con licencias oficiales<\/p>\n<\/div>\n<p>Los productos de Star Wars son producidos por Hasbro bajo licencia de Lucasfilm Ltd.<\/p>\n","protected":false},"excerpt":{"rendered":"<p>Despu\u00e9s de la formaci\u00f3n del Imperio Gal\u00e1ctico, un peque\u00f1o grupo de reclutas alistados altamente capacitados tiene la tarea de neutralizar a los insurgentes anti-imperiales en toda la galaxia.<\/p>\n","protected":false},"featured_media":2469,"comment_status":"open","ping_status":"closed","template":"","meta":[],"product_brand":[],"product_cat":[28],"product_tag":[],"class_list":{"0":"post-519","1":"product","2":"type-product","3":"status-publish","4":"has-post-thumbnail","6":"product_cat-black-series","8":"first","9":"instock","10":"taxable","11":"shipping-taxable","12":"purchasable","13":"product-type-simple"},"_links":{"self":[{"href":"https:\/\/r2-toys.com\/index.php\/wp-json\/wp\/v2\/product\/519","targetHints":{"allow":["GET"]}}],"collection":[{"href":"https:\/\/r2-toys.com\/index.php\/wp-json\/wp\/v2\/product"}],"about":[{"href":"https:\/\/r2-toys.com\/index.php\/wp-json\/wp\/v2\/types\/product"}],"replies":[{"embeddable":true,"href":"https:\/\/r2-toys.com\/index.php\/wp-json\/wp\/v2\/comments?post=519"}],"wp:featuredmedia":[{"embeddable":true,"href":"https:\/\/r2-toys.com\/index.php\/wp-json\/wp\/v2\/media\/2469"}],"wp:attachment":[{"href":"https:\/\/r2-toys.com\/index.php\/wp-json\/wp\/v2\/media?parent=519"}],"wp:term":[{"taxonomy":"product_brand","embeddable":true,"href":"https:\/\/r2-toys.com\/index.php\/wp-json\/wp\/v2\/product_brand?post=519"},{"taxonomy":"product_cat","embeddable":true,"href":"https:\/\/r2-toys.com\/index.php\/wp-json\/wp\/v2\/product_cat?post=519"},{"taxonomy":"product_tag","embeddable":true,"href":"https:\/\/r2-toys.com\/index.php\/wp-json\/wp\/v2\/product_tag?post=519"}],"curies":[{"name":"wp","href":"https:\/\/api.w.org\/{rel}","templated":true}]}}