{"id":5218,"date":"2023-07-04T05:57:30","date_gmt":"2023-07-03T23:57:30","guid":{"rendered":"https:\/\/r2-toys.com\/?post_type=product&#038;p=5218"},"modified":"2025-12-10T12:01:05","modified_gmt":"2025-12-10T06:01:05","slug":"saelt-marae","status":"publish","type":"product","link":"https:\/\/r2-toys.com\/index.php\/product\/saelt-marae\/","title":{"rendered":"Saelt-Marae\u00a0"},"content":{"rendered":"<p>Tambi\u00e9n conocido como Yak Face, era un Yarkora centenario que proporcion\u00f3 informaci\u00f3n tanto al Imperio Gal\u00e1ctico como a la Alianza Rebelde antes de alinearse con Jabba the Hutt y su imperio criminal.<\/p>\n<p>Esta figura de 9,5 cm cuenta con un excelente<span class=\"Apple-converted-space\">\u00a0 <\/span>dise\u00f1o, en empaques inspirados en la l\u00ednea original e incluye accesorios.<\/p>\n<p>Edad recomendada: 4 a\u00f1os en adelante<\/p>\n<p>\u26a0\ufe0fADVERTENCIA: PELIGRO DE ASFIXIA &#8211; Piezas peque\u00f1as. No apto para ni\u00f1os menores de 4 a\u00f1os.<\/p>\n<p>Los productos Star Wars son producidos por Hasbro bajo licencia de Lucasfilm Ltd.<\/p>\n<p>Hasbro y todos los t\u00e9rminos relacionados son marcas registradas de Hasbro.<\/p>\n","protected":false},"excerpt":{"rendered":"<p>Tambi\u00e9n conocido como Yak Face, era un Yarkora centenario que proporcion\u00f3 informaci\u00f3n tanto al Imperio Gal\u00e1ctico como a la Alianza Rebelde antes de alinearse con Jabba the Hutt y su imperio criminal.<\/p>\n","protected":false},"featured_media":6316,"comment_status":"open","ping_status":"closed","template":"","meta":[],"product_brand":[],"product_cat":[29],"product_tag":[],"class_list":{"0":"post-5218","1":"product","2":"type-product","3":"status-publish","4":"has-post-thumbnail","6":"product_cat-vintage","8":"first","9":"instock","10":"taxable","11":"shipping-taxable","12":"purchasable","13":"product-type-simple"},"_links":{"self":[{"href":"https:\/\/r2-toys.com\/index.php\/wp-json\/wp\/v2\/product\/5218","targetHints":{"allow":["GET"]}}],"collection":[{"href":"https:\/\/r2-toys.com\/index.php\/wp-json\/wp\/v2\/product"}],"about":[{"href":"https:\/\/r2-toys.com\/index.php\/wp-json\/wp\/v2\/types\/product"}],"replies":[{"embeddable":true,"href":"https:\/\/r2-toys.com\/index.php\/wp-json\/wp\/v2\/comments?post=5218"}],"wp:featuredmedia":[{"embeddable":true,"href":"https:\/\/r2-toys.com\/index.php\/wp-json\/wp\/v2\/media\/6316"}],"wp:attachment":[{"href":"https:\/\/r2-toys.com\/index.php\/wp-json\/wp\/v2\/media?parent=5218"}],"wp:term":[{"taxonomy":"product_brand","embeddable":true,"href":"https:\/\/r2-toys.com\/index.php\/wp-json\/wp\/v2\/product_brand?post=5218"},{"taxonomy":"product_cat","embeddable":true,"href":"https:\/\/r2-toys.com\/index.php\/wp-json\/wp\/v2\/product_cat?post=5218"},{"taxonomy":"product_tag","embeddable":true,"href":"https:\/\/r2-toys.com\/index.php\/wp-json\/wp\/v2\/product_tag?post=5218"}],"curies":[{"name":"wp","href":"https:\/\/api.w.org\/{rel}","templated":true}]}}