{"id":5228,"date":"2023-04-20T22:28:06","date_gmt":"2023-04-20T16:28:06","guid":{"rendered":"https:\/\/r2-toys.com\/?post_type=product&#038;p=5228"},"modified":"2023-04-20T22:28:06","modified_gmt":"2023-04-20T16:28:06","slug":"princess-leia-organa-boushh-retro","status":"publish","type":"product","link":"https:\/\/r2-toys.com\/index.php\/product\/princess-leia-organa-boushh-retro\/","title":{"rendered":"Princess Leia Organa (Boushh) Retro"},"content":{"rendered":"<p>Con Han congelado en carbonita en el palacio de Jabba, la princesa y sus amigos planearon una misi\u00f3n de rescate. Leia, disfrazada de cazarrecompensas Boushh, se col\u00f3 silenciosamente en la losa de carbonita de Han.<\/p>\n<p>Esta figura de 9.5 cm cuidadosamente presenta detalles premium y m\u00faltiples puntos de articulaci\u00f3n.<\/p>\n<p>Incluye figura y accesorios.<\/p>\n<p>Edad recomendada: 4 a\u00f1os en adelante<\/p>\n<p>\u26a0\ufe0f ADVERTENCIA: PELIGRO DE ASFIXIA \u2013 Piezas peque\u00f1as. No apto para ni\u00f1os menores de 4 a\u00f1os.<\/p>\n<p>Los productos Star Wars son producidos por Hasbro bajo licencia de Lucasfilm Ltd.<\/p>\n<p>Hasbro y todos los t\u00e9rminos relacionados son marcas registradas de Hasbro<\/p>\n","protected":false},"excerpt":{"rendered":"<p>Con Han congelado en carbonita en el palacio de Jabba, la princesa y sus amigos planearon una misi\u00f3n de rescate.<\/p>\n","protected":false},"featured_media":6096,"comment_status":"open","ping_status":"closed","template":"","meta":[],"product_brand":[],"product_cat":[29],"product_tag":[],"class_list":{"0":"post-5228","1":"product","2":"type-product","3":"status-publish","4":"has-post-thumbnail","6":"product_cat-vintage","8":"first","9":"instock","10":"taxable","11":"shipping-taxable","12":"purchasable","13":"product-type-simple"},"_links":{"self":[{"href":"https:\/\/r2-toys.com\/index.php\/wp-json\/wp\/v2\/product\/5228","targetHints":{"allow":["GET"]}}],"collection":[{"href":"https:\/\/r2-toys.com\/index.php\/wp-json\/wp\/v2\/product"}],"about":[{"href":"https:\/\/r2-toys.com\/index.php\/wp-json\/wp\/v2\/types\/product"}],"replies":[{"embeddable":true,"href":"https:\/\/r2-toys.com\/index.php\/wp-json\/wp\/v2\/comments?post=5228"}],"wp:featuredmedia":[{"embeddable":true,"href":"https:\/\/r2-toys.com\/index.php\/wp-json\/wp\/v2\/media\/6096"}],"wp:attachment":[{"href":"https:\/\/r2-toys.com\/index.php\/wp-json\/wp\/v2\/media?parent=5228"}],"wp:term":[{"taxonomy":"product_brand","embeddable":true,"href":"https:\/\/r2-toys.com\/index.php\/wp-json\/wp\/v2\/product_brand?post=5228"},{"taxonomy":"product_cat","embeddable":true,"href":"https:\/\/r2-toys.com\/index.php\/wp-json\/wp\/v2\/product_cat?post=5228"},{"taxonomy":"product_tag","embeddable":true,"href":"https:\/\/r2-toys.com\/index.php\/wp-json\/wp\/v2\/product_tag?post=5228"}],"curies":[{"name":"wp","href":"https:\/\/api.w.org\/{rel}","templated":true}]}}