{"id":5230,"date":"2023-04-20T22:45:44","date_gmt":"2023-04-20T16:45:44","guid":{"rendered":"https:\/\/r2-toys.com\/?post_type=product&#038;p=5230"},"modified":"2025-12-10T12:14:33","modified_gmt":"2025-12-10T06:14:33","slug":"han-solo-retro","status":"publish","type":"product","link":"https:\/\/r2-toys.com\/index.php\/product\/han-solo-retro\/","title":{"rendered":"Han Solo (Retro)"},"content":{"rendered":"<p>Las haza\u00f1as de Han Solo son legendarias: ha sido un famoso contrabandista, capit\u00e1n del Halc\u00f3n Milenario y h\u00e9roe de la Alianza Rebelde. Solo una vez m\u00e1s se encuentra en el centro de la acci\u00f3n.<\/p>\n<p>Esta figura de 9.5 cm cuidadosamente presenta detalles premium y m\u00faltiples puntos de articulaci\u00f3n.<\/p>\n<p>Incluye figura y accesorios.<\/p>\n<p>Edad recomendada: 4 a\u00f1os en adelante<\/p>\n<p>\u26a0\ufe0f ADVERTENCIA: PELIGRO DE ASFIXIA \u2013 Piezas peque\u00f1as. No apto para ni\u00f1os menores de 4 a\u00f1os.<\/p>\n<p>Los productos Star Wars son producidos por Hasbro bajo licencia de Lucasfilm Ltd.<\/p>\n<p>Hasbro y todos los t\u00e9rminos relacionados son marcas registradas de Hasbro.<\/p>\n","protected":false},"excerpt":{"rendered":"<p>Las haza\u00f1as de Han Solo son legendarias: ha sido un famoso contrabandista, capit\u00e1n del Halc\u00f3n Milenario y h\u00e9roe de la Alianza Rebelde. Solo una vez m\u00e1s se encuentra en el centro de la acci\u00f3n.<\/p>\n","protected":false},"featured_media":6092,"comment_status":"open","ping_status":"closed","template":"","meta":[],"product_brand":[],"product_cat":[29],"product_tag":[],"class_list":{"0":"post-5230","1":"product","2":"type-product","3":"status-publish","4":"has-post-thumbnail","6":"product_cat-vintage","8":"first","9":"instock","10":"taxable","11":"shipping-taxable","12":"purchasable","13":"product-type-simple"},"_links":{"self":[{"href":"https:\/\/r2-toys.com\/index.php\/wp-json\/wp\/v2\/product\/5230","targetHints":{"allow":["GET"]}}],"collection":[{"href":"https:\/\/r2-toys.com\/index.php\/wp-json\/wp\/v2\/product"}],"about":[{"href":"https:\/\/r2-toys.com\/index.php\/wp-json\/wp\/v2\/types\/product"}],"replies":[{"embeddable":true,"href":"https:\/\/r2-toys.com\/index.php\/wp-json\/wp\/v2\/comments?post=5230"}],"wp:featuredmedia":[{"embeddable":true,"href":"https:\/\/r2-toys.com\/index.php\/wp-json\/wp\/v2\/media\/6092"}],"wp:attachment":[{"href":"https:\/\/r2-toys.com\/index.php\/wp-json\/wp\/v2\/media?parent=5230"}],"wp:term":[{"taxonomy":"product_brand","embeddable":true,"href":"https:\/\/r2-toys.com\/index.php\/wp-json\/wp\/v2\/product_brand?post=5230"},{"taxonomy":"product_cat","embeddable":true,"href":"https:\/\/r2-toys.com\/index.php\/wp-json\/wp\/v2\/product_cat?post=5230"},{"taxonomy":"product_tag","embeddable":true,"href":"https:\/\/r2-toys.com\/index.php\/wp-json\/wp\/v2\/product_tag?post=5230"}],"curies":[{"name":"wp","href":"https:\/\/api.w.org\/{rel}","templated":true}]}}