{"id":529,"date":"2022-03-24T23:27:47","date_gmt":"2022-03-24T17:27:47","guid":{"rendered":"https:\/\/r2-toys.com\/?post_type=product&#038;p=529"},"modified":"2022-09-23T23:00:43","modified_gmt":"2022-09-23T17:00:43","slug":"the-child-the-mandalorian","status":"publish","type":"product","link":"https:\/\/r2-toys.com\/index.php\/product\/the-child-the-mandalorian\/","title":{"rendered":"The child (The Mandalorian)"},"content":{"rendered":"<p>The Child figura de acci\u00f3n coleccionable de 1.1 pulgadas basada en el personaje tan lindo \u00a0de la exitosa serie de Disney Plus The Mandalorian.<\/p>\n<p>Puede parecer un &#8220;Baby Yoda&#8221;, pero en realidad se llama The Child, \u00a1y es el personaje nuevo m\u00e1s adorable desde aqu\u00ed hasta el Borde Exterior! \u00a1Ahora los fan\u00e1ticos pueden agregar la sensaci\u00f3n gal\u00e1ctica del tama\u00f1o de una pinta a sus colecciones de Star Wars The Black Series!<\/p>\n<p>La figura de 1.1 pulgadas est\u00e1 dise\u00f1ada para parecerse a The Child de la serie de televisi\u00f3n de acci\u00f3n en vivo The Mandalorian, con detalles premium y m\u00faltiples puntos de articulaci\u00f3n.<\/p>\n<p>Incluye: figura y 3 accesorios.<\/p>\n<p>Los fan\u00e1ticos se han enamorado del personaje al que llaman &#8220;Baby Yoda&#8221; y ahora pueden agregarlo a sus colecciones de Star Wars The Black Series.<\/p>\n<p>Figura de acci\u00f3n de Star Wars The Child con el estilo aut\u00e9ntico del personaje favorito de los fan\u00e1ticos de la serie The Mandalorian de Disney Plus<\/p>\n<p>Incluye accesorios inspirados en personajes basados \u200b\u200ben series de TV de acci\u00f3n en vivo que permiten a los fan\u00e1ticos y coleccionistas imaginar escenas de la galaxia de Star Wars.<\/p>\n<p>Edad recomendada: 4 a\u00f1os en adelante<\/p>\n<div>\n<p>\u26a0\ufe0f ADVERTENCIA: PELIGRO DE ASFIXIA &#8211; Piezas peque\u00f1as. No apto para ni\u00f1os menores de 4 a\u00f1os.<\/p>\n<\/div>\n<div>\n<p>Los productos Star Wars son producidos por Hasbro bajo licencia de Lucasfilm Ltd.<\/p>\n<\/div>\n<div>\n<p>Hasbro y todos los t\u00e9rminos relacionados son marcas registradas de Hasbro.<\/p>\n<\/div>\n","protected":false},"excerpt":{"rendered":"<p>Puede parecer un &#8220;Baby Yoda&#8221;, pero en realidad se llama The Child, \u00a1y es el personaje nuevo m\u00e1s adorable desde aqu\u00ed hasta el Borde Exterior! \u00a1Ahora los fan\u00e1ticos pueden agregar la sensaci\u00f3n gal\u00e1ctica del tama\u00f1o de una pinta a sus colecciones de Star Wars The Black Series! Los ni\u00f1os y los coleccionistas pueden imaginar los arrullos, gorjeos y balbuceos m\u00e1s lindos que jam\u00e1s hayan conocido los confines con esta figura de Star Wars The Black Series.<\/p>\n","protected":false},"featured_media":3763,"comment_status":"open","ping_status":"closed","template":"","meta":[],"product_brand":[],"product_cat":[28],"product_tag":[],"class_list":{"0":"post-529","1":"product","2":"type-product","3":"status-publish","4":"has-post-thumbnail","6":"product_cat-black-series","8":"first","9":"instock","10":"taxable","11":"shipping-taxable","12":"purchasable","13":"product-type-simple"},"_links":{"self":[{"href":"https:\/\/r2-toys.com\/index.php\/wp-json\/wp\/v2\/product\/529","targetHints":{"allow":["GET"]}}],"collection":[{"href":"https:\/\/r2-toys.com\/index.php\/wp-json\/wp\/v2\/product"}],"about":[{"href":"https:\/\/r2-toys.com\/index.php\/wp-json\/wp\/v2\/types\/product"}],"replies":[{"embeddable":true,"href":"https:\/\/r2-toys.com\/index.php\/wp-json\/wp\/v2\/comments?post=529"}],"wp:featuredmedia":[{"embeddable":true,"href":"https:\/\/r2-toys.com\/index.php\/wp-json\/wp\/v2\/media\/3763"}],"wp:attachment":[{"href":"https:\/\/r2-toys.com\/index.php\/wp-json\/wp\/v2\/media?parent=529"}],"wp:term":[{"taxonomy":"product_brand","embeddable":true,"href":"https:\/\/r2-toys.com\/index.php\/wp-json\/wp\/v2\/product_brand?post=529"},{"taxonomy":"product_cat","embeddable":true,"href":"https:\/\/r2-toys.com\/index.php\/wp-json\/wp\/v2\/product_cat?post=529"},{"taxonomy":"product_tag","embeddable":true,"href":"https:\/\/r2-toys.com\/index.php\/wp-json\/wp\/v2\/product_tag?post=529"}],"curies":[{"name":"wp","href":"https:\/\/api.w.org\/{rel}","templated":true}]}}