{"id":5292,"date":"2022-12-01T08:33:15","date_gmt":"2022-12-01T02:33:15","guid":{"rendered":"https:\/\/r2-toys.com\/?post_type=product&#038;p=5292"},"modified":"2023-07-11T23:01:23","modified_gmt":"2023-07-11T17:01:23","slug":"dengar-ig-88-retro-bounty-hunter-collection","status":"publish","type":"product","link":"https:\/\/r2-toys.com\/index.php\/product\/dengar-ig-88-retro-bounty-hunter-collection\/","title":{"rendered":"Dengar &#038; IG-88 Retro Bounty Hunter Collection"},"content":{"rendered":"<p>Cazarecompensas Corelliano que trabajo desde la fase temprana de The Clone Wars. Dengar particip\u00f3 en una ocasi\u00f3n para el sindicato de cazarrecompensas de Boba Fett.<\/p>\n<p>Un\u00a0droide asesino\u00a0de la\u00a0serie de droides IG,<span class=\"Apple-converted-space\">\u00a0 <\/span>el modelo IG-88 fue un derivado de los\u00a0droides centinelas IG-86\u00a0utilizados durante The Clone Wars, m\u00e1s tarde se convirti\u00f3 en uno de los mejores\u00a0cazarrecompensas\u00a0de\u00a0la galaxia.<\/p>\n<p>Estas figuras de 9,5 cm cuenta con un excelente<span class=\"Apple-converted-space\">\u00a0 <\/span>dise\u00f1o, en empaques inspirados en la l\u00ednea original e incluye accesorios.<\/p>\n<p>Edad recomendada: 4 a\u00f1os en adelante<\/p>\n<p>\u26a0\ufe0fADVERTENCIA: PELIGRO DE ASFIXIA &#8211; Piezas peque\u00f1as. No apto para ni\u00f1os menores de 4 a\u00f1os.<\/p>\n<p>Los productos Star Wars son producidos por Hasbro bajo licencia de Lucasfilm Ltd.<\/p>\n<p>Hasbro y todos los t\u00e9rminos relacionados son marcas registradas de Hasbro.<\/p>\n","protected":false},"excerpt":{"rendered":"<p>Cazarecompensas Corelliano que trabajo desde la fase temprana de The Clone Wars. Dengar particip\u00f3 en una ocasi\u00f3n para el sindicato de cazarrecompensas de Boba Fett.<\/p>\n<p>Un\u00a0droide asesino\u00a0de la\u00a0serie de droides IG,<span class=\"Apple-converted-space\">\u00a0 <\/span>el modelo IG-88 fue un derivado de los\u00a0droides centinelas IG-86\u00a0utilizados durante The Clone Wars, m\u00e1s tarde se convirti\u00f3 en uno de los mejores\u00a0cazarrecompensas\u00a0de\u00a0la galaxia.<\/p>\n","protected":false},"featured_media":5266,"comment_status":"open","ping_status":"closed","template":"","meta":[],"product_brand":[],"product_cat":[29],"product_tag":[],"class_list":{"0":"post-5292","1":"product","2":"type-product","3":"status-publish","4":"has-post-thumbnail","6":"product_cat-vintage","8":"first","9":"instock","10":"taxable","11":"shipping-taxable","12":"purchasable","13":"product-type-simple"},"_links":{"self":[{"href":"https:\/\/r2-toys.com\/index.php\/wp-json\/wp\/v2\/product\/5292","targetHints":{"allow":["GET"]}}],"collection":[{"href":"https:\/\/r2-toys.com\/index.php\/wp-json\/wp\/v2\/product"}],"about":[{"href":"https:\/\/r2-toys.com\/index.php\/wp-json\/wp\/v2\/types\/product"}],"replies":[{"embeddable":true,"href":"https:\/\/r2-toys.com\/index.php\/wp-json\/wp\/v2\/comments?post=5292"}],"wp:featuredmedia":[{"embeddable":true,"href":"https:\/\/r2-toys.com\/index.php\/wp-json\/wp\/v2\/media\/5266"}],"wp:attachment":[{"href":"https:\/\/r2-toys.com\/index.php\/wp-json\/wp\/v2\/media?parent=5292"}],"wp:term":[{"taxonomy":"product_brand","embeddable":true,"href":"https:\/\/r2-toys.com\/index.php\/wp-json\/wp\/v2\/product_brand?post=5292"},{"taxonomy":"product_cat","embeddable":true,"href":"https:\/\/r2-toys.com\/index.php\/wp-json\/wp\/v2\/product_cat?post=5292"},{"taxonomy":"product_tag","embeddable":true,"href":"https:\/\/r2-toys.com\/index.php\/wp-json\/wp\/v2\/product_tag?post=5292"}],"curies":[{"name":"wp","href":"https:\/\/api.w.org\/{rel}","templated":true}]}}