{"id":5293,"date":"2022-12-01T08:43:35","date_gmt":"2022-12-01T02:43:35","guid":{"rendered":"https:\/\/r2-toys.com\/?post_type=product&#038;p=5293"},"modified":"2026-01-13T14:03:19","modified_gmt":"2026-01-13T08:03:19","slug":"nave-estelar-exclusiva-de-jango-fett-micro-galaxy-squadron","status":"publish","type":"product","link":"https:\/\/r2-toys.com\/index.php\/product\/nave-estelar-exclusiva-de-jango-fett-micro-galaxy-squadron\/","title":{"rendered":"Nave Estelar exclusiva de\u00a0Jango\u00a0Fett\u00a0Micro Galaxy Squadron"},"content":{"rendered":"<p>Con detalles incre\u00edbles y un escala aut\u00e9ntica, este veh\u00edculo se basa en la nave del famoso\u00a0Jango\u00a0Fett. Persigue a tu objetivo con acciones reales. El veh\u00edculo tambi\u00e9n incluye figuras\u00a0\u00a0articuladas, compatibles con cualquier nave<span class=\"Apple-converted-space\">\u00a0 <\/span>Micro Galaxy Squadron.<span class=\"Apple-converted-space\">\u00a0<\/span><\/p>\n<p>Este modelo de pl\u00e1stico a escala de 15cm aproximadamente, incre\u00edblemente detallado. Incluye figura de figura\u00a0Jango\u00a0Fett\u00a0Micro y figura del<span class=\"Apple-converted-space\">\u00a0 <\/span>joven Boba\u00a0Fett<\/p>\n<p>Edad recomendada: 8 a\u00f1os en adelante<\/p>\n<p>\u26a0\ufe0fADVERTENCIA: PELIGRO DE ASFIXIA &#8211; Piezas peque\u00f1as. No apto para ni\u00f1os menores de 3 a\u00f1os.<\/p>\n<p>Los productos Star Wars son producidos por Jazwares LLC bajo licencia de Lucasfilm Ltd y Disney.<\/p>\n<p>Jazwares LLC y todos los t\u00e9rminos relacionados son marcas registradas de Jazwares.<\/p>\n","protected":false},"excerpt":{"rendered":"<p>Con detalles incre\u00edbles y un escala aut\u00e9ntica, este veh\u00edculo se basa en la nave del famoso\u00a0Jango\u00a0Fett. Persigue a tu objetivo con acciones reales. El veh\u00edculo tambi\u00e9n incluye figuras\u00a0\u00a0articuladas, compatibles con cualquier nave<span class=\"Apple-converted-space\">\u00a0 <\/span>Micro Galaxy Squadron.<\/p>\n<p>&nbsp;<\/p>\n","protected":false},"featured_media":5279,"comment_status":"open","ping_status":"closed","template":"","meta":[],"product_brand":[],"product_cat":[19],"product_tag":[],"class_list":{"0":"post-5293","1":"product","2":"type-product","3":"status-publish","4":"has-post-thumbnail","6":"product_cat-star-wars","8":"first","9":"outofstock","10":"taxable","11":"shipping-taxable","12":"purchasable","13":"product-type-simple"},"_links":{"self":[{"href":"https:\/\/r2-toys.com\/index.php\/wp-json\/wp\/v2\/product\/5293","targetHints":{"allow":["GET"]}}],"collection":[{"href":"https:\/\/r2-toys.com\/index.php\/wp-json\/wp\/v2\/product"}],"about":[{"href":"https:\/\/r2-toys.com\/index.php\/wp-json\/wp\/v2\/types\/product"}],"replies":[{"embeddable":true,"href":"https:\/\/r2-toys.com\/index.php\/wp-json\/wp\/v2\/comments?post=5293"}],"wp:featuredmedia":[{"embeddable":true,"href":"https:\/\/r2-toys.com\/index.php\/wp-json\/wp\/v2\/media\/5279"}],"wp:attachment":[{"href":"https:\/\/r2-toys.com\/index.php\/wp-json\/wp\/v2\/media?parent=5293"}],"wp:term":[{"taxonomy":"product_brand","embeddable":true,"href":"https:\/\/r2-toys.com\/index.php\/wp-json\/wp\/v2\/product_brand?post=5293"},{"taxonomy":"product_cat","embeddable":true,"href":"https:\/\/r2-toys.com\/index.php\/wp-json\/wp\/v2\/product_cat?post=5293"},{"taxonomy":"product_tag","embeddable":true,"href":"https:\/\/r2-toys.com\/index.php\/wp-json\/wp\/v2\/product_tag?post=5293"}],"curies":[{"name":"wp","href":"https:\/\/api.w.org\/{rel}","templated":true}]}}