{"id":5308,"date":"2022-12-02T11:03:44","date_gmt":"2022-12-02T05:03:44","guid":{"rendered":"https:\/\/r2-toys.com\/?post_type=product&#038;p=5308"},"modified":"2023-07-26T19:08:11","modified_gmt":"2023-07-26T13:08:11","slug":"superman","status":"publish","type":"product","link":"https:\/\/r2-toys.com\/index.php\/product\/superman\/","title":{"rendered":"Superman"},"content":{"rendered":"<p>Enviado a la Tierra desde el planeta moribundo de Krypton cuando era un beb\u00e9, los granjeros Martha y Jonathan Kent encontraron a Kal-El y lo criaron como su hijo, Clark.<span class=\"Apple-converted-space\">\u00a0<\/span><\/p>\n<p>A medida que Clark crec\u00eda, la radiaci\u00f3n del sol amarillo de la Tierra le otorg\u00f3 poderes extraordinarios, que mantuvo ocultos. Ahora completamente desarrollado, usa sus poderes para proteger su mundo adoptivo como Superman. El Hombre de Acero es virtualmente invulnerable y tiene los poderes de superfuerza, supervelocidad y vuelo. Tambi\u00e9n tiene sentidos mejorados, que incluyen visi\u00f3n de calor, visi\u00f3n de rayos X, supero\u00eddo y superaliento.<\/p>\n<p>Esta figura de 17cm cuenta con m\u00e1s de 22 articulaciones, Superman incluye un soporte de vuelo para una figura a\u00e9rea de 360 \u200b\u200bgrados.<\/p>\n<p>Incluye tarjeta de arte coleccionable con ilustraciones de DC Rebirth Superman en el frente y biograf\u00eda del personaje en el reverso<\/p>\n<p>Edad recomendada: 12 a\u00f1os en adelante<\/p>\n<p>\u26a0\ufe0fADVERTENCIA: PELIGRO DE ASFIXIA &#8211; Piezas peque\u00f1as. No apto para ni\u00f1os menores de 12 a\u00f1os.<\/p>\n<p>Los productos son producidos por McFarlane bajo licencia de DC comics.<\/p>\n<p>McFarlane, DC Comics y<span class=\"Apple-converted-space\">\u00a0 <\/span>todos los t\u00e9rminos relacionados son marcas registradas de Mc Farlane y DC Comics.<\/p>\n","protected":false},"excerpt":{"rendered":"<p>Enviado a la Tierra desde el planeta moribundo de Krypton cuando era un beb\u00e9, los granjeros Martha y Jonathan Kent encontraron a Kal-El y lo criaron como su hijo, Clark.<\/p>\n<p>A medida que Clark crec\u00eda, la radiaci\u00f3n del sol amarillo de la Tierra le otorg\u00f3 poderes extraordinarios, que mantuvo ocultos. Ahora completamente desarrollado, usa sus poderes para proteger su mundo adoptivo como Superman. El Hombre de Acero es virtualmente invulnerable y tiene los poderes de superfuerza, supervelocidad y vuelo. Tambi\u00e9n tiene sentidos mejorados, que incluyen visi\u00f3n de calor, visi\u00f3n de rayos X, supero\u00eddo y superaliento.<\/p>\n","protected":false},"featured_media":5354,"comment_status":"open","ping_status":"closed","template":"","meta":[],"product_brand":[],"product_cat":[21],"product_tag":[],"class_list":{"0":"post-5308","1":"product","2":"type-product","3":"status-publish","4":"has-post-thumbnail","6":"product_cat-retro","8":"first","9":"outofstock","10":"taxable","11":"shipping-taxable","12":"purchasable","13":"product-type-simple"},"_links":{"self":[{"href":"https:\/\/r2-toys.com\/index.php\/wp-json\/wp\/v2\/product\/5308","targetHints":{"allow":["GET"]}}],"collection":[{"href":"https:\/\/r2-toys.com\/index.php\/wp-json\/wp\/v2\/product"}],"about":[{"href":"https:\/\/r2-toys.com\/index.php\/wp-json\/wp\/v2\/types\/product"}],"replies":[{"embeddable":true,"href":"https:\/\/r2-toys.com\/index.php\/wp-json\/wp\/v2\/comments?post=5308"}],"wp:featuredmedia":[{"embeddable":true,"href":"https:\/\/r2-toys.com\/index.php\/wp-json\/wp\/v2\/media\/5354"}],"wp:attachment":[{"href":"https:\/\/r2-toys.com\/index.php\/wp-json\/wp\/v2\/media?parent=5308"}],"wp:term":[{"taxonomy":"product_brand","embeddable":true,"href":"https:\/\/r2-toys.com\/index.php\/wp-json\/wp\/v2\/product_brand?post=5308"},{"taxonomy":"product_cat","embeddable":true,"href":"https:\/\/r2-toys.com\/index.php\/wp-json\/wp\/v2\/product_cat?post=5308"},{"taxonomy":"product_tag","embeddable":true,"href":"https:\/\/r2-toys.com\/index.php\/wp-json\/wp\/v2\/product_tag?post=5308"}],"curies":[{"name":"wp","href":"https:\/\/api.w.org\/{rel}","templated":true}]}}