{"id":5310,"date":"2022-12-02T11:04:33","date_gmt":"2022-12-02T05:04:33","guid":{"rendered":"https:\/\/r2-toys.com\/?post_type=product&#038;p=5310"},"modified":"2022-12-02T11:04:33","modified_gmt":"2022-12-02T05:04:33","slug":"superman-jon-kent","status":"publish","type":"product","link":"https:\/\/r2-toys.com\/index.php\/product\/superman-jon-kent\/","title":{"rendered":"SUPERMAN JON KENT"},"content":{"rendered":"<p>Despu\u00e9s de que su padre, el primer Superman, es exiliado de la Tierra, Jon asume el s\u00edmbolo de la esperanza para convertirse en el Hombre de Acero. Como Superman, est\u00e1 listo para proteger al mundo, usando sus incre\u00edbles superpoderes para demostrarse a s\u00ed mismo y a la gente de Metr\u00f3polis que se merece el escudo S en su pecho.<\/p>\n<p>Esta figura de 17cm cuenta con m\u00e1s de 22 articulaciones, Jon Kent viene con un par de manos alternativas y una base de soporte de vuelo.<\/p>\n<p>Incluye tarjeta de arte coleccionable con fotograf\u00eda de<span class=\"Apple-converted-space\">\u00a0 <\/span>la figura en el frente y biograf\u00eda del personaje en el reverso.<\/p>\n<p>Edad recomendada: 12 a\u00f1os en adelante<\/p>\n<p>\u26a0\ufe0fADVERTENCIA: PELIGRO DE ASFIXIA &#8211; Piezas peque\u00f1as. No apto para ni\u00f1os menores de 12 a\u00f1os.<\/p>\n<p>Los productos son producidos por McFarlane bajo licencia de DC comics.<\/p>\n<p>McFarlane, DC Comics y<span class=\"Apple-converted-space\">\u00a0 <\/span>todos los t\u00e9rminos relacionados son marcas registradas de Mc Farlane y DC Comics.<\/p>\n","protected":false},"excerpt":{"rendered":"<p>Despu\u00e9s de que su padre, el primer Superman, es exiliado de la Tierra, Jon asume el s\u00edmbolo de la esperanza para convertirse en el Hombre de Acero. Como Superman, est\u00e1 listo para proteger al mundo, usando sus incre\u00edbles superpoderes para demostrarse a s\u00ed mismo y a la gente de Metr\u00f3polis que se merece el escudo S en su pecho.<\/p>\n","protected":false},"featured_media":5357,"comment_status":"open","ping_status":"closed","template":"","meta":[],"product_brand":[],"product_cat":[21],"product_tag":[],"class_list":{"0":"post-5310","1":"product","2":"type-product","3":"status-publish","4":"has-post-thumbnail","6":"product_cat-retro","8":"first","9":"instock","10":"taxable","11":"shipping-taxable","12":"purchasable","13":"product-type-simple"},"_links":{"self":[{"href":"https:\/\/r2-toys.com\/index.php\/wp-json\/wp\/v2\/product\/5310","targetHints":{"allow":["GET"]}}],"collection":[{"href":"https:\/\/r2-toys.com\/index.php\/wp-json\/wp\/v2\/product"}],"about":[{"href":"https:\/\/r2-toys.com\/index.php\/wp-json\/wp\/v2\/types\/product"}],"replies":[{"embeddable":true,"href":"https:\/\/r2-toys.com\/index.php\/wp-json\/wp\/v2\/comments?post=5310"}],"wp:featuredmedia":[{"embeddable":true,"href":"https:\/\/r2-toys.com\/index.php\/wp-json\/wp\/v2\/media\/5357"}],"wp:attachment":[{"href":"https:\/\/r2-toys.com\/index.php\/wp-json\/wp\/v2\/media?parent=5310"}],"wp:term":[{"taxonomy":"product_brand","embeddable":true,"href":"https:\/\/r2-toys.com\/index.php\/wp-json\/wp\/v2\/product_brand?post=5310"},{"taxonomy":"product_cat","embeddable":true,"href":"https:\/\/r2-toys.com\/index.php\/wp-json\/wp\/v2\/product_cat?post=5310"},{"taxonomy":"product_tag","embeddable":true,"href":"https:\/\/r2-toys.com\/index.php\/wp-json\/wp\/v2\/product_tag?post=5310"}],"curies":[{"name":"wp","href":"https:\/\/api.w.org\/{rel}","templated":true}]}}