{"id":539,"date":"2022-03-25T00:33:09","date_gmt":"2022-03-24T18:33:09","guid":{"rendered":"https:\/\/r2-toys.com\/?post_type=product&#038;p=539"},"modified":"2026-01-20T23:51:14","modified_gmt":"2026-01-20T17:51:14","slug":"val-vandor-1","status":"publish","type":"product","link":"https:\/\/r2-toys.com\/index.php\/product\/val-vandor-1\/","title":{"rendered":"Val (VANDOR -1)"},"content":{"rendered":"<p>Pragm\u00e1tica, experta con el rifle l\u00e1ser y de car\u00e1cter algo irritable, Val es posiblemente la persona m\u00e1s profesional y h\u00e1bil en el variado equipo de bribones de Tobias Beckett.<\/p>\n<p>Con una extrema atenci\u00f3n a los detalles, esta serie establece el est\u00e1ndar de calidad y el realismo que esperan los fan\u00e1ticos de Star Wars.<\/p>\n<p>\u26a0\ufe0f ADVERTENCIA: PELIGRO DE ASFIXIA &#8211; Piezas peque\u00f1as. No apto para ni\u00f1os menores de 4 a\u00f1os.<\/p>\n<p>Los productos Star Wars son producidos por Hasbro bajo licencia de Lucasfilm Ltd.<\/p>\n<p>Hasbro y todos los t\u00e9rminos relacionados son marcas registradas de Hasbro.<\/p>\n<p>&nbsp;<\/p>\n","protected":false},"excerpt":{"rendered":"<p>Pragm\u00e1tica, experta con el rifle l\u00e1ser y de car\u00e1cter algo irritable, Val es posiblemente la persona m\u00e1s profesional y h\u00e1bil en el variado equipo de bribones de Tobias Beckett.<\/p>\n","protected":false},"featured_media":2608,"comment_status":"open","ping_status":"closed","template":"","meta":[],"product_brand":[],"product_cat":[28],"product_tag":[],"class_list":{"0":"post-539","1":"product","2":"type-product","3":"status-publish","4":"has-post-thumbnail","6":"product_cat-black-series","8":"first","9":"outofstock","10":"taxable","11":"shipping-taxable","12":"purchasable","13":"product-type-simple"},"_links":{"self":[{"href":"https:\/\/r2-toys.com\/index.php\/wp-json\/wp\/v2\/product\/539","targetHints":{"allow":["GET"]}}],"collection":[{"href":"https:\/\/r2-toys.com\/index.php\/wp-json\/wp\/v2\/product"}],"about":[{"href":"https:\/\/r2-toys.com\/index.php\/wp-json\/wp\/v2\/types\/product"}],"replies":[{"embeddable":true,"href":"https:\/\/r2-toys.com\/index.php\/wp-json\/wp\/v2\/comments?post=539"}],"wp:featuredmedia":[{"embeddable":true,"href":"https:\/\/r2-toys.com\/index.php\/wp-json\/wp\/v2\/media\/2608"}],"wp:attachment":[{"href":"https:\/\/r2-toys.com\/index.php\/wp-json\/wp\/v2\/media?parent=539"}],"wp:term":[{"taxonomy":"product_brand","embeddable":true,"href":"https:\/\/r2-toys.com\/index.php\/wp-json\/wp\/v2\/product_brand?post=539"},{"taxonomy":"product_cat","embeddable":true,"href":"https:\/\/r2-toys.com\/index.php\/wp-json\/wp\/v2\/product_cat?post=539"},{"taxonomy":"product_tag","embeddable":true,"href":"https:\/\/r2-toys.com\/index.php\/wp-json\/wp\/v2\/product_tag?post=539"}],"curies":[{"name":"wp","href":"https:\/\/api.w.org\/{rel}","templated":true}]}}