{"id":5411,"date":"2022-12-08T20:33:13","date_gmt":"2022-12-08T14:33:13","guid":{"rendered":"https:\/\/r2-toys.com\/?post_type=product&#038;p=5411"},"modified":"2023-02-14T07:50:39","modified_gmt":"2023-02-14T01:50:39","slug":"batgirl","status":"publish","type":"product","link":"https:\/\/r2-toys.com\/index.php\/product\/batgirl\/","title":{"rendered":"Batgirl"},"content":{"rendered":"<p>Durante el d\u00eda, Barbara Gordon es la hija estudiosa del comisionado de polic\u00eda de Gotham City, Jim Gordon. Por la noche, Barbara se pone una capa y una capucha como Batgirl, comprometida con la justicia como su padre. Si bien su cintur\u00f3n utilitario est\u00e1 equipado con batarangs y otros dispositivos para combatir el crimen, sus mejores herramientas son su mente brillante y su determinaci\u00f3n inquebrantable. Batgirl es una experta en artes marciales y gimnasta, entrenada en parte por Batman, que es extremadamente atl\u00e9tico y \u00e1gil. Su memoria eid\u00e9tica, inteligencia elevada y conocimiento avanzado de computadoras la convierten en una l\u00edder natural y h\u00e1bil luchadora contra el crimen.<\/p>\n<p>Esta figura de 10cm cuenta con 5 articulaciones y 3 accesorios misteriosos.<\/p>\n<p>Edad recomendada: 4 a\u00f1os en adelante<\/p>\n<p>\u26a0\ufe0fADVERTENCIA: PELIGRO DE ASFIXIA &#8211; Piezas peque\u00f1as. No apto para ni\u00f1os menores de 4 a\u00f1os.<\/p>\n<p>Los productos son producidos por McFarlane bajo licencia de DC comics.<\/p>\n<p>SpinMaster, DC Comics y<span class=\"Apple-converted-space\">\u00a0 <\/span>todos los t\u00e9rminos relacionados son marcas registradas de SpinMaster y DC Comics.<\/p>\n","protected":false},"excerpt":{"rendered":"<p>Durante el d\u00eda, Barbara Gordon es la hija estudiosa del comisionado de polic\u00eda de Gotham City, Jim Gordon. Por la noche, Barbara se pone una capa y una capucha como Batgirl, comprometida con la justicia como su padre. Si bien su cintur\u00f3n utilitario est\u00e1 equipado con batarangs y otros dispositivos para combatir el crimen, sus mejores herramientas son su mente brillante y su determinaci\u00f3n inquebrantable. Batgirl es una experta en artes marciales y gimnasta, entrenada en parte por Batman, que es extremadamente atl\u00e9tico y \u00e1gil. Su memoria eid\u00e9tica, inteligencia elevada y conocimiento avanzado de computadoras la convierten en una l\u00edder natural y h\u00e1bil luchadora contra el crimen.<\/p>\n","protected":false},"featured_media":5407,"comment_status":"open","ping_status":"closed","template":"","meta":[],"product_brand":[],"product_cat":[21],"product_tag":[],"class_list":{"0":"post-5411","1":"product","2":"type-product","3":"status-publish","4":"has-post-thumbnail","6":"product_cat-retro","8":"first","9":"instock","10":"taxable","11":"shipping-taxable","12":"purchasable","13":"product-type-simple"},"_links":{"self":[{"href":"https:\/\/r2-toys.com\/index.php\/wp-json\/wp\/v2\/product\/5411","targetHints":{"allow":["GET"]}}],"collection":[{"href":"https:\/\/r2-toys.com\/index.php\/wp-json\/wp\/v2\/product"}],"about":[{"href":"https:\/\/r2-toys.com\/index.php\/wp-json\/wp\/v2\/types\/product"}],"replies":[{"embeddable":true,"href":"https:\/\/r2-toys.com\/index.php\/wp-json\/wp\/v2\/comments?post=5411"}],"wp:featuredmedia":[{"embeddable":true,"href":"https:\/\/r2-toys.com\/index.php\/wp-json\/wp\/v2\/media\/5407"}],"wp:attachment":[{"href":"https:\/\/r2-toys.com\/index.php\/wp-json\/wp\/v2\/media?parent=5411"}],"wp:term":[{"taxonomy":"product_brand","embeddable":true,"href":"https:\/\/r2-toys.com\/index.php\/wp-json\/wp\/v2\/product_brand?post=5411"},{"taxonomy":"product_cat","embeddable":true,"href":"https:\/\/r2-toys.com\/index.php\/wp-json\/wp\/v2\/product_cat?post=5411"},{"taxonomy":"product_tag","embeddable":true,"href":"https:\/\/r2-toys.com\/index.php\/wp-json\/wp\/v2\/product_tag?post=5411"}],"curies":[{"name":"wp","href":"https:\/\/api.w.org\/{rel}","templated":true}]}}