{"id":5412,"date":"2022-12-08T20:35:51","date_gmt":"2022-12-08T14:35:51","guid":{"rendered":"https:\/\/r2-toys.com\/?post_type=product&#038;p=5412"},"modified":"2022-12-08T20:35:51","modified_gmt":"2022-12-08T14:35:51","slug":"flash-super-powers","status":"publish","type":"product","link":"https:\/\/r2-toys.com\/index.php\/product\/flash-super-powers\/","title":{"rendered":"Flash Super Powers"},"content":{"rendered":"<p>En un extra\u00f1o accidente de laboratorio, el cient\u00edfico forense Barry Allen\u2122 fue alcanzado por un rayo y rociado con productos qu\u00edmicos, lo que le dio los superpoderes de velocidad. \u00a1Ahora usa estos poderes para defender su ciudad natal.<\/p>\n<p>Esta figura de 13cm cuenta con 5 articulaciones, escultura y pintura premium.<span class=\"Apple-converted-space\">\u00a0<\/span><\/p>\n<p>Edad recomendada: 12 a\u00f1os en adelante<\/p>\n<p>\u26a0\ufe0fADVERTENCIA: PELIGRO DE ASFIXIA &#8211; Piezas peque\u00f1as. No apto para ni\u00f1os menores de 12 a\u00f1os.<\/p>\n<p>Los productos son producidos por McFarlane bajo licencia de DC comics.<\/p>\n<p>McFarlane, DC Comics y<span class=\"Apple-converted-space\">\u00a0 <\/span>todos los t\u00e9rminos relacionados son marcas registradas de Mc Farlane y DC Comics.<\/p>\n","protected":false},"excerpt":{"rendered":"<p>En un extra\u00f1o accidente de laboratorio, el cient\u00edfico forense Barry Allen\u2122 fue alcanzado por un rayo y rociado con productos qu\u00edmicos, lo que le dio los superpoderes de velocidad. \u00a1Ahora usa estos poderes para defender su ciudad natal.<\/p>\n","protected":false},"featured_media":5399,"comment_status":"open","ping_status":"closed","template":"","meta":[],"product_brand":[],"product_cat":[21],"product_tag":[],"class_list":{"0":"post-5412","1":"product","2":"type-product","3":"status-publish","4":"has-post-thumbnail","6":"product_cat-retro","8":"first","9":"instock","10":"taxable","11":"shipping-taxable","12":"purchasable","13":"product-type-simple"},"_links":{"self":[{"href":"https:\/\/r2-toys.com\/index.php\/wp-json\/wp\/v2\/product\/5412","targetHints":{"allow":["GET"]}}],"collection":[{"href":"https:\/\/r2-toys.com\/index.php\/wp-json\/wp\/v2\/product"}],"about":[{"href":"https:\/\/r2-toys.com\/index.php\/wp-json\/wp\/v2\/types\/product"}],"replies":[{"embeddable":true,"href":"https:\/\/r2-toys.com\/index.php\/wp-json\/wp\/v2\/comments?post=5412"}],"wp:featuredmedia":[{"embeddable":true,"href":"https:\/\/r2-toys.com\/index.php\/wp-json\/wp\/v2\/media\/5399"}],"wp:attachment":[{"href":"https:\/\/r2-toys.com\/index.php\/wp-json\/wp\/v2\/media?parent=5412"}],"wp:term":[{"taxonomy":"product_brand","embeddable":true,"href":"https:\/\/r2-toys.com\/index.php\/wp-json\/wp\/v2\/product_brand?post=5412"},{"taxonomy":"product_cat","embeddable":true,"href":"https:\/\/r2-toys.com\/index.php\/wp-json\/wp\/v2\/product_cat?post=5412"},{"taxonomy":"product_tag","embeddable":true,"href":"https:\/\/r2-toys.com\/index.php\/wp-json\/wp\/v2\/product_tag?post=5412"}],"curies":[{"name":"wp","href":"https:\/\/api.w.org\/{rel}","templated":true}]}}