{"id":5447,"date":"2022-12-21T09:16:34","date_gmt":"2022-12-21T03:16:34","guid":{"rendered":"https:\/\/r2-toys.com\/?post_type=product&#038;p=5447"},"modified":"2022-12-21T09:16:34","modified_gmt":"2022-12-21T03:16:34","slug":"spider-armor-mki","status":"publish","type":"product","link":"https:\/\/r2-toys.com\/index.php\/product\/spider-armor-mki\/","title":{"rendered":"Spider-Armor MKI"},"content":{"rendered":"<p>Cuando los poderes de Spider-Man no son suficientes, se pone su Spider-Armor patentado. \u00a1Este traje de batalla de cer\u00e1mica y metal protege a Spidey de sus enemigos m\u00e1s mort\u00edferos, d\u00e1ndole el tiempo que necesita para llev\u00e1rselo a los malos.<\/p>\n<p>Figura de 15cm e incluye 3 accesorios.<\/p>\n<p>Edad recomendada: 4 a\u00f1os en adelante<\/p>\n<p>\u26a0\ufe0fADVERTENCIA: PELIGRO DE ASFIXIA &#8211; Piezas peque\u00f1as. No apto para ni\u00f1os menores de 4 a\u00f1os.<\/p>\n<p>Los productos Marvel son producidos por Hasbro bajo licencia de Marvel y Disney.<\/p>\n<p>Marvel, Hasbro y Disney as\u00ed todos los t\u00e9rminos relacionados son marcas registradas.<\/p>\n","protected":false},"excerpt":{"rendered":"<p>Cuando los poderes de Spider-Man no son suficientes, se pone su Spider-Armor patentado. \u00a1Este traje de batalla de cer\u00e1mica y metal protege a Spidey de sus enemigos m\u00e1s mort\u00edferos, d\u00e1ndole el tiempo que necesita para llev\u00e1rselo a los malos.<\/p>\n<p>&nbsp;<\/p>\n","protected":false},"featured_media":5446,"comment_status":"open","ping_status":"closed","template":"","meta":[],"product_brand":[],"product_cat":[21],"product_tag":[],"class_list":{"0":"post-5447","1":"product","2":"type-product","3":"status-publish","4":"has-post-thumbnail","6":"product_cat-retro","8":"first","9":"instock","10":"taxable","11":"shipping-taxable","12":"purchasable","13":"product-type-simple"},"_links":{"self":[{"href":"https:\/\/r2-toys.com\/index.php\/wp-json\/wp\/v2\/product\/5447","targetHints":{"allow":["GET"]}}],"collection":[{"href":"https:\/\/r2-toys.com\/index.php\/wp-json\/wp\/v2\/product"}],"about":[{"href":"https:\/\/r2-toys.com\/index.php\/wp-json\/wp\/v2\/types\/product"}],"replies":[{"embeddable":true,"href":"https:\/\/r2-toys.com\/index.php\/wp-json\/wp\/v2\/comments?post=5447"}],"wp:featuredmedia":[{"embeddable":true,"href":"https:\/\/r2-toys.com\/index.php\/wp-json\/wp\/v2\/media\/5446"}],"wp:attachment":[{"href":"https:\/\/r2-toys.com\/index.php\/wp-json\/wp\/v2\/media?parent=5447"}],"wp:term":[{"taxonomy":"product_brand","embeddable":true,"href":"https:\/\/r2-toys.com\/index.php\/wp-json\/wp\/v2\/product_brand?post=5447"},{"taxonomy":"product_cat","embeddable":true,"href":"https:\/\/r2-toys.com\/index.php\/wp-json\/wp\/v2\/product_cat?post=5447"},{"taxonomy":"product_tag","embeddable":true,"href":"https:\/\/r2-toys.com\/index.php\/wp-json\/wp\/v2\/product_tag?post=5447"}],"curies":[{"name":"wp","href":"https:\/\/api.w.org\/{rel}","templated":true}]}}