{"id":5448,"date":"2022-12-21T09:32:33","date_gmt":"2022-12-21T03:32:33","guid":{"rendered":"https:\/\/r2-toys.com\/?post_type=product&#038;p=5448"},"modified":"2026-02-22T10:49:24","modified_gmt":"2026-02-22T04:49:24","slug":"clone-trooper-187-battalion","status":"publish","type":"product","link":"https:\/\/r2-toys.com\/index.php\/product\/clone-trooper-187-battalion\/","title":{"rendered":"Clone Trooper (187 Battalion)"},"content":{"rendered":"<p>El Batall\u00f3n 187 fue un batall\u00f3n de infanter\u00eda de soldados clon que sirvi\u00f3 bajo el mando del General Jedi Mace Windu. La unidad estaba equipada con una armadura est\u00e1ndar de soldado clon Fase II con marcas marr\u00f3n.<\/p>\n<p>Figura de acci\u00f3n de 15cm, cuenta con m\u00faltiples puntos de articulaci\u00f3n y 2 accesorios de combate.<\/p>\n<p>Edad recomendada: 4 a\u00f1os en adelante<\/p>\n<p>\u26a0\ufe0fADVERTENCIA: PELIGRO DE ASFIXIA &#8211; Piezas peque\u00f1as. No apto para ni\u00f1os menores de 4 a\u00f1os.<\/p>\n<p>Los productos Star Wars son producidos por Hasbro bajo licencia de Lucasfilm Ltd.<\/p>\n<p>Hasbro y todos los t\u00e9rminos relacionados son marcas registradas de Hasbro.<\/p>\n","protected":false},"excerpt":{"rendered":"<p>El Batall\u00f3n 187 fue un batall\u00f3n de infanter\u00eda de soldados clon que sirvi\u00f3 bajo el mando del General Jedi Mace Windu. La unidad estaba equipada con una armadura est\u00e1ndar de soldado clon Fase II con marcas marr\u00f3n.<\/p>\n","protected":false},"featured_media":5439,"comment_status":"open","ping_status":"closed","template":"","meta":[],"product_brand":[],"product_cat":[28],"product_tag":[],"class_list":{"0":"post-5448","1":"product","2":"type-product","3":"status-publish","4":"has-post-thumbnail","6":"product_cat-black-series","8":"first","9":"instock","10":"taxable","11":"shipping-taxable","12":"purchasable","13":"product-type-simple"},"_links":{"self":[{"href":"https:\/\/r2-toys.com\/index.php\/wp-json\/wp\/v2\/product\/5448","targetHints":{"allow":["GET"]}}],"collection":[{"href":"https:\/\/r2-toys.com\/index.php\/wp-json\/wp\/v2\/product"}],"about":[{"href":"https:\/\/r2-toys.com\/index.php\/wp-json\/wp\/v2\/types\/product"}],"replies":[{"embeddable":true,"href":"https:\/\/r2-toys.com\/index.php\/wp-json\/wp\/v2\/comments?post=5448"}],"wp:featuredmedia":[{"embeddable":true,"href":"https:\/\/r2-toys.com\/index.php\/wp-json\/wp\/v2\/media\/5439"}],"wp:attachment":[{"href":"https:\/\/r2-toys.com\/index.php\/wp-json\/wp\/v2\/media?parent=5448"}],"wp:term":[{"taxonomy":"product_brand","embeddable":true,"href":"https:\/\/r2-toys.com\/index.php\/wp-json\/wp\/v2\/product_brand?post=5448"},{"taxonomy":"product_cat","embeddable":true,"href":"https:\/\/r2-toys.com\/index.php\/wp-json\/wp\/v2\/product_cat?post=5448"},{"taxonomy":"product_tag","embeddable":true,"href":"https:\/\/r2-toys.com\/index.php\/wp-json\/wp\/v2\/product_tag?post=5448"}],"curies":[{"name":"wp","href":"https:\/\/api.w.org\/{rel}","templated":true}]}}