{"id":5449,"date":"2022-12-21T10:13:28","date_gmt":"2022-12-21T04:13:28","guid":{"rendered":"https:\/\/r2-toys.com\/?post_type=product&#038;p=5449"},"modified":"2023-09-26T09:26:26","modified_gmt":"2023-09-26T03:26:26","slug":"star-wars-lightsaber-forge-obi-wan-blue-saber","status":"publish","type":"product","link":"https:\/\/r2-toys.com\/index.php\/product\/star-wars-lightsaber-forge-obi-wan-blue-saber\/","title":{"rendered":"Star Wars Lightsaber Forge: Obi Wan Blue Saber"},"content":{"rendered":"<p>Un legendario Maestro Jedi, Obi-Wan Kenobi era un hombre noble y dotado en los caminos de la Fuerza. Entren\u00f3 a Anakin Skywalker, sirvi\u00f3 como general en el Ej\u00e9rcito de la Rep\u00fablica durante las Guerras Clon y gui\u00f3 a Luke Skywalker como mentor.<\/p>\n<p>Con el sable de luz Obi-Wan Kenobi de Star Wars Lightsaber Forge, puedes imaginar tus propios duelos de juego. \u00a1Estos sables de luz electr\u00f3nicos cuentan con cuchillas de iluminaci\u00f3n extensibles inspiradas en StarWars y efectos de sonido electr\u00f3nicos!<span class=\"Apple-converted-space\">\u00a0 <\/span>\u00a1Usa la hoja, la tapa, la cubierta y el n\u00facleo incluidos para construir un sable de luz e imagina aprovechar el poder de la Fuerza con batallas de sables de luz simuladas! Puedes mezclar y combinar para crear, personalizar y dominar 1000 combinaciones! (Las combinaciones totales incluyen todos los productos Lightsaber Forge. Altura aprox.\u00a032 cm<\/p>\n<p>Incluye:\u00a0Hoja de sable de luz, tapa, cubierta y n\u00facleo. SE REQUIEREN PILAS ALCALINAS X2 AAA DE 1,5 V. NO INCLUIDO.<\/p>\n<p>Edad recomendada: 4 a\u00f1os en adelante<\/p>\n<p>\u26a0\ufe0fADVERTENCIA: PELIGRO DE ASFIXIA &#8211; Piezas peque\u00f1as. No apto para ni\u00f1os menores de 3 a\u00f1os.<\/p>\n<p>Los productos Star Wars son producidos por Hasbro bajo licencia de Lucasfilm Ltd.<\/p>\n<p>Hasbro y todos los t\u00e9rminos relacionados son marcas registradas de Hasbro.<\/p>\n","protected":false},"excerpt":{"rendered":"<p>Un legendario Maestro Jedi, Obi-Wan Kenobi era un hombre noble y dotado en los caminos de la Fuerza. Entren\u00f3 a Anakin Skywalker, sirvi\u00f3 como general en el Ej\u00e9rcito de la Rep\u00fablica durante las Guerras Clon y gui\u00f3 a Luke Skywalker como mentor.<\/p>\n","protected":false},"featured_media":5440,"comment_status":"open","ping_status":"closed","template":"","meta":[],"product_brand":[],"product_cat":[33],"product_tag":[],"class_list":{"0":"post-5449","1":"product","2":"type-product","3":"status-publish","4":"has-post-thumbnail","6":"product_cat-otros","8":"first","9":"outofstock","10":"taxable","11":"shipping-taxable","12":"purchasable","13":"product-type-simple"},"_links":{"self":[{"href":"https:\/\/r2-toys.com\/index.php\/wp-json\/wp\/v2\/product\/5449","targetHints":{"allow":["GET"]}}],"collection":[{"href":"https:\/\/r2-toys.com\/index.php\/wp-json\/wp\/v2\/product"}],"about":[{"href":"https:\/\/r2-toys.com\/index.php\/wp-json\/wp\/v2\/types\/product"}],"replies":[{"embeddable":true,"href":"https:\/\/r2-toys.com\/index.php\/wp-json\/wp\/v2\/comments?post=5449"}],"wp:featuredmedia":[{"embeddable":true,"href":"https:\/\/r2-toys.com\/index.php\/wp-json\/wp\/v2\/media\/5440"}],"wp:attachment":[{"href":"https:\/\/r2-toys.com\/index.php\/wp-json\/wp\/v2\/media?parent=5449"}],"wp:term":[{"taxonomy":"product_brand","embeddable":true,"href":"https:\/\/r2-toys.com\/index.php\/wp-json\/wp\/v2\/product_brand?post=5449"},{"taxonomy":"product_cat","embeddable":true,"href":"https:\/\/r2-toys.com\/index.php\/wp-json\/wp\/v2\/product_cat?post=5449"},{"taxonomy":"product_tag","embeddable":true,"href":"https:\/\/r2-toys.com\/index.php\/wp-json\/wp\/v2\/product_tag?post=5449"}],"curies":[{"name":"wp","href":"https:\/\/api.w.org\/{rel}","templated":true}]}}