{"id":5451,"date":"2022-12-21T10:30:28","date_gmt":"2022-12-21T04:30:28","guid":{"rendered":"https:\/\/r2-toys.com\/?post_type=product&#038;p=5451"},"modified":"2026-03-31T14:24:37","modified_gmt":"2026-03-31T08:24:37","slug":"ecto-1","status":"publish","type":"product","link":"https:\/\/r2-toys.com\/index.php\/product\/ecto-1\/","title":{"rendered":"ECTO-1"},"content":{"rendered":"<p>Cuando escalofriantes fantasmas y espectros vagan por la ciudad, los cazafantasmas est\u00e1n listos para capturarlos los cazafantasmas aceleran a la acci\u00f3n paranormal en el Ecto-1<span class=\"Apple-converted-space\">\u00a0<\/span><\/p>\n<p>El Ecto-1 ha atravesado todo tipo de aventuras con los Cazafantasmas, transportando al equipo y sus dispositivos a la acci\u00f3n antifantasmas.<\/p>\n<p>Edad recomendada: 4 a\u00f1os en adelante<\/p>\n<p>\u26a0\ufe0fADVERTENCIA: PELIGRO DE ASFIXIA &#8211; Piezas peque\u00f1as. No apto para ni\u00f1os menores de 3 a\u00f1os.<\/p>\n<p>Los productos Star Wars son producidos por Hasbro bajo licencia de Lucasfilm Ltd.<\/p>\n<p>Hasbro y todos los t\u00e9rminos relacionados son marcas registradas de Hasbro.<\/p>\n","protected":false},"excerpt":{"rendered":"<p>El Ecto-1 ha atravesado todo tipo de aventuras con los Cazafantasmas, transportando al equipo y sus dispositivos a la acci\u00f3n antifantasmas.<\/p>\n","protected":false},"featured_media":5430,"comment_status":"open","ping_status":"closed","template":"","meta":[],"product_brand":[],"product_cat":[33,21],"product_tag":[],"class_list":{"0":"post-5451","1":"product","2":"type-product","3":"status-publish","4":"has-post-thumbnail","6":"product_cat-otros","7":"product_cat-retro","9":"first","10":"outofstock","11":"taxable","12":"shipping-taxable","13":"purchasable","14":"product-type-simple"},"_links":{"self":[{"href":"https:\/\/r2-toys.com\/index.php\/wp-json\/wp\/v2\/product\/5451","targetHints":{"allow":["GET"]}}],"collection":[{"href":"https:\/\/r2-toys.com\/index.php\/wp-json\/wp\/v2\/product"}],"about":[{"href":"https:\/\/r2-toys.com\/index.php\/wp-json\/wp\/v2\/types\/product"}],"replies":[{"embeddable":true,"href":"https:\/\/r2-toys.com\/index.php\/wp-json\/wp\/v2\/comments?post=5451"}],"wp:featuredmedia":[{"embeddable":true,"href":"https:\/\/r2-toys.com\/index.php\/wp-json\/wp\/v2\/media\/5430"}],"wp:attachment":[{"href":"https:\/\/r2-toys.com\/index.php\/wp-json\/wp\/v2\/media?parent=5451"}],"wp:term":[{"taxonomy":"product_brand","embeddable":true,"href":"https:\/\/r2-toys.com\/index.php\/wp-json\/wp\/v2\/product_brand?post=5451"},{"taxonomy":"product_cat","embeddable":true,"href":"https:\/\/r2-toys.com\/index.php\/wp-json\/wp\/v2\/product_cat?post=5451"},{"taxonomy":"product_tag","embeddable":true,"href":"https:\/\/r2-toys.com\/index.php\/wp-json\/wp\/v2\/product_tag?post=5451"}],"curies":[{"name":"wp","href":"https:\/\/api.w.org\/{rel}","templated":true}]}}