{"id":546,"date":"2022-03-25T00:37:09","date_gmt":"2022-03-24T18:37:09","guid":{"rendered":"https:\/\/r2-toys.com\/?post_type=product&#038;p=546"},"modified":"2026-01-21T00:04:46","modified_gmt":"2026-01-20T18:04:46","slug":"zori-bliss","status":"publish","type":"product","link":"https:\/\/r2-toys.com\/index.php\/product\/zori-bliss\/","title":{"rendered":"Zorii Bliss"},"content":{"rendered":"<p>Es dif\u00edcil para los sinverg\u00fcenzas permanecer neutrales en la guerra entre la Primera Orden y la Resistencia, y Zorii Bliss y los Spice Runners de Kijimi pronto deben tomar partido.<\/p>\n<p>La figura de acci\u00f3n de 15 cm est\u00e1 detallada para parecerse al personaje de The Rise of Skywalker, con detalles premium y m\u00faltiples puntos de articulaci\u00f3n.<\/p>\n<p>Incluye: figura y 3 accesorios.<\/p>\n<p>Edad recomendada: 4 a\u00f1os en adelante<\/p>\n<p>\u26a0\ufe0f ADVERTENCIA: PELIGRO DE ASFIXIA &#8211; Piezas peque\u00f1as. No apto para ni\u00f1os menores de 4 a\u00f1os.<\/p>\n<p>Los productos Star Wars son producidos por Hasbro bajo licencia de Lucasfilm Ltd.<\/p>\n<p>Hasbro y todos los t\u00e9rminos relacionados son marcas registradas de Hasbro.<\/p>\n<p>&nbsp;<\/p>\n","protected":false},"excerpt":{"rendered":"<p>Es dif\u00edcil para los sinverg\u00fcenzas permanecer neutrales en la guerra entre la Primera Orden y la Resistencia, y Zorii Bliss y los Spice Runners de Kijimi pronto deben tomar partido.<\/p>\n","protected":false},"featured_media":2617,"comment_status":"open","ping_status":"closed","template":"","meta":[],"product_brand":[],"product_cat":[28],"product_tag":[],"class_list":{"0":"post-546","1":"product","2":"type-product","3":"status-publish","4":"has-post-thumbnail","6":"product_cat-black-series","8":"first","9":"instock","10":"taxable","11":"shipping-taxable","12":"purchasable","13":"product-type-simple"},"_links":{"self":[{"href":"https:\/\/r2-toys.com\/index.php\/wp-json\/wp\/v2\/product\/546","targetHints":{"allow":["GET"]}}],"collection":[{"href":"https:\/\/r2-toys.com\/index.php\/wp-json\/wp\/v2\/product"}],"about":[{"href":"https:\/\/r2-toys.com\/index.php\/wp-json\/wp\/v2\/types\/product"}],"replies":[{"embeddable":true,"href":"https:\/\/r2-toys.com\/index.php\/wp-json\/wp\/v2\/comments?post=546"}],"wp:featuredmedia":[{"embeddable":true,"href":"https:\/\/r2-toys.com\/index.php\/wp-json\/wp\/v2\/media\/2617"}],"wp:attachment":[{"href":"https:\/\/r2-toys.com\/index.php\/wp-json\/wp\/v2\/media?parent=546"}],"wp:term":[{"taxonomy":"product_brand","embeddable":true,"href":"https:\/\/r2-toys.com\/index.php\/wp-json\/wp\/v2\/product_brand?post=546"},{"taxonomy":"product_cat","embeddable":true,"href":"https:\/\/r2-toys.com\/index.php\/wp-json\/wp\/v2\/product_cat?post=546"},{"taxonomy":"product_tag","embeddable":true,"href":"https:\/\/r2-toys.com\/index.php\/wp-json\/wp\/v2\/product_tag?post=546"}],"curies":[{"name":"wp","href":"https:\/\/api.w.org\/{rel}","templated":true}]}}