{"id":5482,"date":"2022-12-27T07:02:53","date_gmt":"2022-12-27T01:02:53","guid":{"rendered":"https:\/\/r2-toys.com\/?post_type=product&#038;p=5482"},"modified":"2025-11-04T20:53:09","modified_gmt":"2025-11-04T14:53:09","slug":"blood-angels-primaris-lieutenant","status":"publish","type":"product","link":"https:\/\/r2-toys.com\/index.php\/product\/blood-angels-primaris-lieutenant\/","title":{"rendered":"BLOOD ANGELS PRIMARIS LIEUTENANT"},"content":{"rendered":"<p>Los tenientes act\u00faan como la mano derecha de sus capitanes al proporcionar flexibilidad y ayudar a dirigir a sus hermanos de batalla en los enfrentamientos. Las compa\u00f1\u00edas de batalla a menudo se dividen en 2 semi-compa\u00f1\u00edas, cada una de las cuales est\u00e1 bajo el mando de un teniente que lidera a sus hermanos sin vacilar en la batalla. Se espera que los tenientes de BLOOD ANGELS tomen el mando, en caso de que un oficial superior caiga ante la Red Thirst, y asuman el papel de la Sword of Sanguinius; el fracaso es el \u00fanico pecado imperdonable en este papel, mientras que la victoria excusa cualquier cantidad de salvajismo.<\/p>\n<p>Esta figura de 18cm<span class=\"Apple-converted-space\">\u00a0 <\/span>incre\u00edblemente detalladas, basada en la franquicia Warhammer 40k cuenta con 22 articulaciones y 3 accesorios.<\/p>\n<p>La figura se exhibe en una caja con ventana tem\u00e1tica de Warhammer McFarlane Gold Label Series.<\/p>\n<p>Edad recomendada: 12 a\u00f1os en adelante<\/p>\n<p>\u26a0\ufe0fADVERTENCIA: PELIGRO DE ASFIXIA &#8211; Piezas peque\u00f1as. No apto para ni\u00f1os menores de 12 a\u00f1os.<\/p>\n<p>Los productos son producidos por McFarlane bajo licencia de 40k Warhammer.<\/p>\n<p><span class=\"Apple-converted-space\">\u00a0<\/span>McFarlane, 40k Warhammer y todos los t\u00e9rminos relacionados con este producto son marcas registradas de McFarlane y 40k Warhammer.<\/p>\n","protected":false},"excerpt":{"rendered":"<p>Los tenientes act\u00faan como la mano derecha de sus capitanes al proporcionar flexibilidad y ayudar a dirigir a sus hermanos de batalla en los enfrentamientos. Las compa\u00f1\u00edas de batalla a menudo se dividen en 2 semi-compa\u00f1\u00edas, cada una de las cuales est\u00e1 bajo el mando de un teniente que lidera a sus hermanos sin vacilar en la batalla. Se espera que los tenientes de BLOOD ANGELS tomen el mando, en caso de que un oficial superior caiga ante la Red Thirst, y asuman el papel de la Sword of Sanguinius; el fracaso es el \u00fanico pecado imperdonable en este papel, mientras que la victoria excusa cualquier cantidad de salvajismo.<\/p>\n","protected":false},"featured_media":5466,"comment_status":"open","ping_status":"closed","template":"","meta":[],"product_brand":[],"product_cat":[21],"product_tag":[],"class_list":{"0":"post-5482","1":"product","2":"type-product","3":"status-publish","4":"has-post-thumbnail","6":"product_cat-retro","8":"first","9":"instock","10":"taxable","11":"shipping-taxable","12":"purchasable","13":"product-type-simple"},"_links":{"self":[{"href":"https:\/\/r2-toys.com\/index.php\/wp-json\/wp\/v2\/product\/5482","targetHints":{"allow":["GET"]}}],"collection":[{"href":"https:\/\/r2-toys.com\/index.php\/wp-json\/wp\/v2\/product"}],"about":[{"href":"https:\/\/r2-toys.com\/index.php\/wp-json\/wp\/v2\/types\/product"}],"replies":[{"embeddable":true,"href":"https:\/\/r2-toys.com\/index.php\/wp-json\/wp\/v2\/comments?post=5482"}],"wp:featuredmedia":[{"embeddable":true,"href":"https:\/\/r2-toys.com\/index.php\/wp-json\/wp\/v2\/media\/5466"}],"wp:attachment":[{"href":"https:\/\/r2-toys.com\/index.php\/wp-json\/wp\/v2\/media?parent=5482"}],"wp:term":[{"taxonomy":"product_brand","embeddable":true,"href":"https:\/\/r2-toys.com\/index.php\/wp-json\/wp\/v2\/product_brand?post=5482"},{"taxonomy":"product_cat","embeddable":true,"href":"https:\/\/r2-toys.com\/index.php\/wp-json\/wp\/v2\/product_cat?post=5482"},{"taxonomy":"product_tag","embeddable":true,"href":"https:\/\/r2-toys.com\/index.php\/wp-json\/wp\/v2\/product_tag?post=5482"}],"curies":[{"name":"wp","href":"https:\/\/api.w.org\/{rel}","templated":true}]}}