{"id":5485,"date":"2022-12-27T07:07:39","date_gmt":"2022-12-27T01:07:39","guid":{"rendered":"https:\/\/r2-toys.com\/?post_type=product&#038;p=5485"},"modified":"2022-12-27T07:07:39","modified_gmt":"2022-12-27T01:07:39","slug":"necron-flayed-one-artist-proof","status":"publish","type":"product","link":"https:\/\/r2-toys.com\/index.php\/product\/necron-flayed-one-artist-proof\/","title":{"rendered":"NECRON FLAYED ONE (ARTIST PROOF)"},"content":{"rendered":"<p>Los Desollados son Necrones que han sido infectados y sucumbieron al Virus Desollador de C&#8217;tan Llandu&#8217;gor, un dios de la estrella que infligi\u00f3 Necrones con \u00e9l como retribuci\u00f3n por haber sido aniquilado por ellos. Como resultado, el virus los vuelve locos con hambre de sangre y dolor. Se visten y decoran con la piel y partes del cuerpo de sus oponentes. Expulsados \u200b\u200bo destruidos por sus compa\u00f1eros Necrones por miedo al virus, estas monstruosidades se congregan dondequiera que haya derramamiento de sangre.<\/p>\n<p>Esta figura de 18cm<span class=\"Apple-converted-space\">\u00a0 <\/span>incre\u00edblemente detalladas, basada en la franquicia Warhammer 40k cuenta con 22 articulaciones y 2 accesorios.<\/p>\n<p>La figura se exhibe en una caja con ventana tem\u00e1tica de Warhammer McFarlane. Este Necron Flayed One en gris mate cl\u00e1sica, permite al consumidor pintar y personalizar su figura como las minifiguras cl\u00e1sicas de Warhammer 40,000.<\/p>\n<p>Edad recomendada: 12 a\u00f1os en adelante<\/p>\n<p>\u26a0\ufe0fADVERTENCIA: PELIGRO DE ASFIXIA &#8211; Piezas peque\u00f1as. No apto para ni\u00f1os menores de 12 a\u00f1os.<\/p>\n<p>Los productos son producidos por McFarlane bajo licencia de 40k Warhammer.<\/p>\n<p><span class=\"Apple-converted-space\">\u00a0<\/span>McFarlane, 40k Warhammer y todos los t\u00e9rminos relacionados con este producto son marcas registradas de McFarlane y 40k Warhammer.<\/p>\n","protected":false},"excerpt":{"rendered":"<p>Los Desollados son Necrones que han sido infectados y sucumbieron al Virus Desollador de C&#8217;tan Llandu&#8217;gor, un dios de la estrella que infligi\u00f3 Necrones con \u00e9l como retribuci\u00f3n por haber sido aniquilado por ellos. Como resultado, el virus los vuelve locos con hambre de sangre y dolor. Se visten y decoran con la piel y partes del cuerpo de sus oponentes. Expulsados \u200b\u200bo destruidos por sus compa\u00f1eros Necrones por miedo al virus, estas monstruosidades se congregan dondequiera que haya derramamiento de sangre.<\/p>\n","protected":false},"featured_media":5473,"comment_status":"open","ping_status":"closed","template":"","meta":[],"product_brand":[],"product_cat":[21],"product_tag":[],"class_list":{"0":"post-5485","1":"product","2":"type-product","3":"status-publish","4":"has-post-thumbnail","6":"product_cat-retro","8":"first","9":"instock","10":"taxable","11":"shipping-taxable","12":"purchasable","13":"product-type-simple"},"_links":{"self":[{"href":"https:\/\/r2-toys.com\/index.php\/wp-json\/wp\/v2\/product\/5485","targetHints":{"allow":["GET"]}}],"collection":[{"href":"https:\/\/r2-toys.com\/index.php\/wp-json\/wp\/v2\/product"}],"about":[{"href":"https:\/\/r2-toys.com\/index.php\/wp-json\/wp\/v2\/types\/product"}],"replies":[{"embeddable":true,"href":"https:\/\/r2-toys.com\/index.php\/wp-json\/wp\/v2\/comments?post=5485"}],"wp:featuredmedia":[{"embeddable":true,"href":"https:\/\/r2-toys.com\/index.php\/wp-json\/wp\/v2\/media\/5473"}],"wp:attachment":[{"href":"https:\/\/r2-toys.com\/index.php\/wp-json\/wp\/v2\/media?parent=5485"}],"wp:term":[{"taxonomy":"product_brand","embeddable":true,"href":"https:\/\/r2-toys.com\/index.php\/wp-json\/wp\/v2\/product_brand?post=5485"},{"taxonomy":"product_cat","embeddable":true,"href":"https:\/\/r2-toys.com\/index.php\/wp-json\/wp\/v2\/product_cat?post=5485"},{"taxonomy":"product_tag","embeddable":true,"href":"https:\/\/r2-toys.com\/index.php\/wp-json\/wp\/v2\/product_tag?post=5485"}],"curies":[{"name":"wp","href":"https:\/\/api.w.org\/{rel}","templated":true}]}}