{"id":5488,"date":"2022-12-27T10:01:40","date_gmt":"2022-12-27T04:01:40","guid":{"rendered":"https:\/\/r2-toys.com\/?post_type=product&#038;p=5488"},"modified":"2022-12-27T10:01:40","modified_gmt":"2022-12-27T04:01:40","slug":"shota-aizawa","status":"publish","type":"product","link":"https:\/\/r2-toys.com\/index.php\/product\/shota-aizawa\/","title":{"rendered":"SHOTA AIZAWA"},"content":{"rendered":"<p>Un h\u00e9roe profesional que trabaja como profesor en la U.A. Secundaria, es un pensador racional que evita perder el tiempo. Su peculiaridad, Erasure, le permite desactivar otras peculiaridades de las personas a las que mira.<\/p>\n<p>Esta figura de 13cm<span class=\"Apple-converted-space\">\u00a0 <\/span>incre\u00edblemente detalladas, basada en el Anime My Hero Academia con articulaci\u00f3n para movimiento est\u00e1ndar de figuras de acci\u00f3n y 1 accesorio.<\/p>\n<p>La figura se exhibe en una caja con ventana tem\u00e1tica de My Hero Academia.<\/p>\n<p>Edad recomendada: 3 a\u00f1os en adelante<\/p>\n<p>\u26a0\ufe0fADVERTENCIA: PELIGRO DE ASFIXIA &#8211; Piezas peque\u00f1as. No apto para ni\u00f1os menores de 3 a\u00f1os.<\/p>\n<p>Los productos son producidos por McFarlane bajo licencia de 40k Warhammer.<\/p>\n<p><span class=\"Apple-converted-space\">\u00a0<\/span>McFarlane, My Hero Academia, funimation y todos los t\u00e9rminos relacionados con este producto son marcas registradas de McFarlane, My Hero Academia, funimation.<\/p>\n","protected":false},"excerpt":{"rendered":"<p>Un h\u00e9roe profesional que trabaja como profesor en la U.A. Secundaria, es un pensador racional que evita perder el tiempo. Su peculiaridad, Erasure, le permite desactivar otras peculiaridades de las personas a las que mira.<\/p>\n","protected":false},"featured_media":5456,"comment_status":"open","ping_status":"closed","template":"","meta":[],"product_brand":[],"product_cat":[21],"product_tag":[],"class_list":{"0":"post-5488","1":"product","2":"type-product","3":"status-publish","4":"has-post-thumbnail","6":"product_cat-retro","8":"first","9":"instock","10":"taxable","11":"shipping-taxable","12":"purchasable","13":"product-type-simple"},"_links":{"self":[{"href":"https:\/\/r2-toys.com\/index.php\/wp-json\/wp\/v2\/product\/5488","targetHints":{"allow":["GET"]}}],"collection":[{"href":"https:\/\/r2-toys.com\/index.php\/wp-json\/wp\/v2\/product"}],"about":[{"href":"https:\/\/r2-toys.com\/index.php\/wp-json\/wp\/v2\/types\/product"}],"replies":[{"embeddable":true,"href":"https:\/\/r2-toys.com\/index.php\/wp-json\/wp\/v2\/comments?post=5488"}],"wp:featuredmedia":[{"embeddable":true,"href":"https:\/\/r2-toys.com\/index.php\/wp-json\/wp\/v2\/media\/5456"}],"wp:attachment":[{"href":"https:\/\/r2-toys.com\/index.php\/wp-json\/wp\/v2\/media?parent=5488"}],"wp:term":[{"taxonomy":"product_brand","embeddable":true,"href":"https:\/\/r2-toys.com\/index.php\/wp-json\/wp\/v2\/product_brand?post=5488"},{"taxonomy":"product_cat","embeddable":true,"href":"https:\/\/r2-toys.com\/index.php\/wp-json\/wp\/v2\/product_cat?post=5488"},{"taxonomy":"product_tag","embeddable":true,"href":"https:\/\/r2-toys.com\/index.php\/wp-json\/wp\/v2\/product_tag?post=5488"}],"curies":[{"name":"wp","href":"https:\/\/api.w.org\/{rel}","templated":true}]}}