{"id":5495,"date":"2022-12-27T11:04:11","date_gmt":"2022-12-27T05:04:11","guid":{"rendered":"https:\/\/r2-toys.com\/?post_type=product&#038;p=5495"},"modified":"2026-02-26T23:32:28","modified_gmt":"2026-02-26T17:32:28","slug":"gamorrean-guard-40th-anniversary-of-return-of-the-jedi","status":"publish","type":"product","link":"https:\/\/r2-toys.com\/index.php\/product\/gamorrean-guard-40th-anniversary-of-return-of-the-jedi\/","title":{"rendered":"Gamorrean Guard 40th Anniversary of\u00a0 Return of the Jedi"},"content":{"rendered":"<p>Los gamorreanos, robustos y parecidos a cerdos que prefer\u00edan las hachas y otras armas primitivas, sol\u00edan ser utilizados como m\u00fasculos por los hutts y otros capos del inframundo. Jabba el Hutt emple\u00f3 a una banda de intimidantes gamorreanos para proteger su palacio en Tatooine.<\/p>\n<p>Esta figura de 15 cm cuenta con un excelente<span class=\"Apple-converted-space\">\u00a0 <\/span>dise\u00f1o, en empaques inspirados en la l\u00ednea original, conmemorando el 40.\u00ba aniversario del El retorno del Jedi. incluye 3 accesorios.<\/p>\n<p>Edad recomendada: 4 a\u00f1os en adelante<\/p>\n<p>\u26a0\ufe0fADVERTENCIA: PELIGRO DE ASFIXIA &#8211; Piezas peque\u00f1as. No apto para ni\u00f1os menores de 4 a\u00f1os.<\/p>\n<p>Los productos Star Wars son producidos por Hasbro bajo licencia de Lucasfilm Ltd.<\/p>\n<p>Hasbro y todos los t\u00e9rminos relacionados son marcas registradas de Hasbro.<\/p>\n","protected":false},"excerpt":{"rendered":"<p>Los gamorreanos, robustos y parecidos a cerdos que prefer\u00edan las hachas y otras armas primitivas, sol\u00edan ser utilizados como m\u00fasculos por los hutts y otros capos del inframundo. Jabba el Hutt emple\u00f3 a una banda de intimidantes gamorreanos para proteger su palacio en Tatooine.<\/p>\n<p>&nbsp;<\/p>\n","protected":false},"featured_media":6437,"comment_status":"open","ping_status":"closed","template":"","meta":[],"product_brand":[],"product_cat":[29],"product_tag":[],"class_list":{"0":"post-5495","1":"product","2":"type-product","3":"status-publish","4":"has-post-thumbnail","6":"product_cat-vintage","8":"first","9":"outofstock","10":"taxable","11":"shipping-taxable","12":"purchasable","13":"product-type-simple"},"_links":{"self":[{"href":"https:\/\/r2-toys.com\/index.php\/wp-json\/wp\/v2\/product\/5495","targetHints":{"allow":["GET"]}}],"collection":[{"href":"https:\/\/r2-toys.com\/index.php\/wp-json\/wp\/v2\/product"}],"about":[{"href":"https:\/\/r2-toys.com\/index.php\/wp-json\/wp\/v2\/types\/product"}],"replies":[{"embeddable":true,"href":"https:\/\/r2-toys.com\/index.php\/wp-json\/wp\/v2\/comments?post=5495"}],"wp:featuredmedia":[{"embeddable":true,"href":"https:\/\/r2-toys.com\/index.php\/wp-json\/wp\/v2\/media\/6437"}],"wp:attachment":[{"href":"https:\/\/r2-toys.com\/index.php\/wp-json\/wp\/v2\/media?parent=5495"}],"wp:term":[{"taxonomy":"product_brand","embeddable":true,"href":"https:\/\/r2-toys.com\/index.php\/wp-json\/wp\/v2\/product_brand?post=5495"},{"taxonomy":"product_cat","embeddable":true,"href":"https:\/\/r2-toys.com\/index.php\/wp-json\/wp\/v2\/product_cat?post=5495"},{"taxonomy":"product_tag","embeddable":true,"href":"https:\/\/r2-toys.com\/index.php\/wp-json\/wp\/v2\/product_tag?post=5495"}],"curies":[{"name":"wp","href":"https:\/\/api.w.org\/{rel}","templated":true}]}}