{"id":5498,"date":"2022-12-27T11:23:54","date_gmt":"2022-12-27T05:23:54","guid":{"rendered":"https:\/\/r2-toys.com\/?post_type=product&#038;p=5498"},"modified":"2026-02-13T05:01:21","modified_gmt":"2026-02-12T23:01:21","slug":"r-1262-scorch","status":"publish","type":"product","link":"https:\/\/r2-toys.com\/index.php\/product\/r-1262-scorch\/","title":{"rendered":"R-1262 SCORCH"},"content":{"rendered":"<p>RC-1262, apodado Scorch, es un comando clon de \u00e9lite que sirve bajo el ej\u00e9rcito de clones de la Rep\u00fablica Gal\u00e1ctica como parte del Escuadr\u00f3n Delta, un escuadr\u00f3n de Comandos de la Rep\u00fablica.<\/p>\n<p>Esta figura de 15cm presenta m\u00faltiples puntos de articulaci\u00f3n y dise\u00f1o incre\u00edble. Incluye 2 accesorios.<\/p>\n<p>Edad recomendada: 4 a\u00f1os en adelante<\/p>\n<p>\u26a0\ufe0fADVERTENCIA: PELIGRO DE ASFIXIA &#8211; Piezas peque\u00f1as. No apto para ni\u00f1os menores de 4 a\u00f1os.<\/p>\n<p>Los productos Star Wars son producidos por Hasbro bajo licencia de Lucasfilm Ltd.<\/p>\n<p>Hasbro y todos los t\u00e9rminos relacionados son marcas registradas de Hasbro.<\/p>\n","protected":false},"excerpt":{"rendered":"<p>RC-1262, apodado Scorch, es un comando clon de \u00e9lite que sirve bajo el ej\u00e9rcito de clones de la Rep\u00fablica Gal\u00e1ctica como parte del Escuadr\u00f3n Delta, un escuadr\u00f3n de Comandos de la Rep\u00fablica.<\/p>\n","protected":false},"featured_media":6124,"comment_status":"open","ping_status":"closed","template":"","meta":[],"product_brand":[],"product_cat":[28],"product_tag":[],"class_list":{"0":"post-5498","1":"product","2":"type-product","3":"status-publish","4":"has-post-thumbnail","6":"product_cat-black-series","8":"first","9":"outofstock","10":"taxable","11":"shipping-taxable","12":"purchasable","13":"product-type-simple"},"_links":{"self":[{"href":"https:\/\/r2-toys.com\/index.php\/wp-json\/wp\/v2\/product\/5498","targetHints":{"allow":["GET"]}}],"collection":[{"href":"https:\/\/r2-toys.com\/index.php\/wp-json\/wp\/v2\/product"}],"about":[{"href":"https:\/\/r2-toys.com\/index.php\/wp-json\/wp\/v2\/types\/product"}],"replies":[{"embeddable":true,"href":"https:\/\/r2-toys.com\/index.php\/wp-json\/wp\/v2\/comments?post=5498"}],"wp:featuredmedia":[{"embeddable":true,"href":"https:\/\/r2-toys.com\/index.php\/wp-json\/wp\/v2\/media\/6124"}],"wp:attachment":[{"href":"https:\/\/r2-toys.com\/index.php\/wp-json\/wp\/v2\/media?parent=5498"}],"wp:term":[{"taxonomy":"product_brand","embeddable":true,"href":"https:\/\/r2-toys.com\/index.php\/wp-json\/wp\/v2\/product_brand?post=5498"},{"taxonomy":"product_cat","embeddable":true,"href":"https:\/\/r2-toys.com\/index.php\/wp-json\/wp\/v2\/product_cat?post=5498"},{"taxonomy":"product_tag","embeddable":true,"href":"https:\/\/r2-toys.com\/index.php\/wp-json\/wp\/v2\/product_tag?post=5498"}],"curies":[{"name":"wp","href":"https:\/\/api.w.org\/{rel}","templated":true}]}}